{"id":1038,"date":"2018-08-01T13:32:56","date_gmt":"2018-08-01T11:32:56","guid":{"rendered":"https:\/\/beta.sg-griesingen.de\/?page_id=1038"},"modified":"2026-02-09T16:13:18","modified_gmt":"2026-02-09T15:13:18","slug":"tischtennis-herren","status":"publish","type":"page","link":"https:\/\/www.sg-griesingen.de\/index.php\/tischtennis-herren\/","title":{"rendered":"Tischtennis &#8211; Herren"},"content":{"rendered":"<div id=\"pl-1038\"  class=\"panel-layout\" ><div id=\"pg-1038-0\"  class=\"panel-grid panel-has-style\" ><div style=\"padding: 100px 0; \" data-overlay=\"true\" class=\"panel-row-style panel-row-style-for-1038-0\" ><div id=\"pgc-1038-0-0\"  class=\"panel-grid-cell\" ><div id=\"panel-1038-0-0-0\" class=\"so-panel widget widget_black-studio-tinymce widget_black_studio_tinymce panel-first-child panel-last-child\" data-index=\"0\" ><div style=\"text-align: left;\" data-title-color=\"#443f3f\" data-headings-color=\"#443f3f\" class=\"panel-widget-style panel-widget-style-for-1038-0-0-0\" ><h3 class=\"widget-title\">Aktuelle Tabellen<\/h3><div class=\"textwidget\"><p style=\"text-align: center;\"><strong>1. Mannschaft:<\/strong> \u00a0\u00a0 \u00a0<a href=\"https:\/\/www.mytischtennis.de\/click-tt\/TTBW\/25--26\/ligen\/Bezirksliga\/gruppe\/494185\/tabelle\/gesamt\">Tabelle | myTischtennis.de<\/a><\/p>\n<p style=\"text-align: center;\"><strong>2. Mannschaft:<\/strong>\u00a0 \u00a0 \u00a0 <a href=\"https:\/\/www.mytischtennis.de\/click-tt\/TTBW\/25--26\/ligen\/Kreisliga_A_Gr._2\/gruppe\/494317\/tabelle\/gesamt\">Tabelle | myTischtennis.de<\/a><\/p>\n<p style=\"text-align: center;\"><strong>3. Mannschaft:<\/strong>\u00a0 \u00a0 \u00a0 <a href=\"https:\/\/www.mytischtennis.de\/click-tt\/TTBW\/25--26\/ligen\/Kreisklasse_Gr.3_RR\/gruppe\/507377\/tabelle\/gesamt\">Tabelle | myTischtennis.de<\/a><\/p>\n<\/div><\/div><\/div><\/div><div id=\"pgc-1038-0-1\"  class=\"panel-grid-cell\" ><div id=\"panel-1038-0-1-0\" class=\"so-panel widget widget_black-studio-tinymce widget_black_studio_tinymce panel-first-child panel-last-child\" data-index=\"1\" ><div style=\"text-align: left;\" data-title-color=\"#443f3f\" data-headings-color=\"#443f3f\" class=\"panel-widget-style panel-widget-style-for-1038-0-1-0\" ><div class=\"textwidget\"><p>&nbsp;<\/p>\n<table>\n<tbody>\n<tr>\n<td style=\"text-align: center;\" width=\"145\"><strong>Trainingszeiten:<\/strong><\/td>\n<td width=\"456\">\n<p style=\"text-align: center;\">Montag 18:30 - 19:30 Uhr<\/p>\n<p style=\"text-align: center;\">Mittwoch 18:30 - 19:30 Uhr<\/p>\n<\/td>\n<\/tr>\n<tr>\n<td style=\"text-align: center;\"><strong>Ort:<\/strong><\/td>\n<td style=\"text-align: center;\">Montag Mehrzweckhalle Griesingen<\/p>\n<p>Mittwoch Mehrzweckhalle Ri\u00dftissen<\/td>\n<\/tr>\n<\/tbody>\n<\/table>\n<\/div><\/div><\/div><\/div><\/div><\/div><div id=\"pg-1038-1\"  class=\"panel-grid panel-has-style\" ><div style=\"padding: 100px 0; \" data-overlay=\"true\" data-overlay-color=\"#000000\" class=\"panel-row-style panel-row-style-for-1038-1\" ><div id=\"pgc-1038-1-0\"  class=\"panel-grid-cell\" ><div id=\"panel-1038-1-0-0\" class=\"so-panel widget widget_black-studio-tinymce widget_black_studio_tinymce panel-first-child\" data-index=\"2\" ><div style=\"text-align: left;\" data-title-color=\"#443f3f\" data-headings-color=\"#443f3f\" class=\"panel-widget-style panel-widget-style-for-1038-1-0-0\" ><div class=\"textwidget\"><h3 style=\"text-align: left;\">3 Mannschaften als Spielgemeinschaft mit dem TSV Ri\u00dftissen<\/h3>\n<p>TT Griesingen-Ri\u00dftissen<\/p>\n<ul>\n<li style=\"text-align: left;\">1. Mannschaft Bezirksliga<\/li>\n<li style=\"text-align: left;\">2 .Mannschaft Kreisliga A<\/li>\n<li style=\"text-align: left;\">3. Mannschaft Kreisklasse<\/li>\n<\/ul>\n<p><strong>Alle aktiven und hobbyorientierten Spieler sind bei uns herzlich Willkommen!<\/strong><\/p>\n<\/div><\/div><\/div><div id=\"panel-1038-1-0-1\" class=\"so-panel widget widget_black-studio-tinymce widget_black_studio_tinymce\" data-index=\"3\" ><div style=\"text-align: left;\" data-title-color=\"#443f3f\" data-headings-color=\"#443f3f\" class=\"panel-widget-style panel-widget-style-for-1038-1-0-1\" ><h3 class=\"widget-title\">1. Mannschaft<\/h3><div class=\"textwidget\"><p><img loading=\"lazy\" decoding=\"async\" class=\"alignnone  wp-image-5129 aligncenter\" src=\"https:\/\/www.sg-griesingen.de\/wp-content\/uploads\/2026\/02\/1.-Mannschaft_2-300x225.jpg\" alt=\"\" width=\"668\" height=\"501\" srcset=\"https:\/\/www.sg-griesingen.de\/wp-content\/uploads\/2026\/02\/1.-Mannschaft_2-300x225.jpg 300w, https:\/\/www.sg-griesingen.de\/wp-content\/uploads\/2026\/02\/1.-Mannschaft_2-1024x768.jpg 1024w, https:\/\/www.sg-griesingen.de\/wp-content\/uploads\/2026\/02\/1.-Mannschaft_2-768x576.jpg 768w, https:\/\/www.sg-griesingen.de\/wp-content\/uploads\/2026\/02\/1.-Mannschaft_2-1000x750.jpg 1000w, https:\/\/www.sg-griesingen.de\/wp-content\/uploads\/2026\/02\/1.-Mannschaft_2-230x173.jpg 230w, https:\/\/www.sg-griesingen.de\/wp-content\/uploads\/2026\/02\/1.-Mannschaft_2-350x263.jpg 350w, https:\/\/www.sg-griesingen.de\/wp-content\/uploads\/2026\/02\/1.-Mannschaft_2-480x360.jpg 480w, https:\/\/www.sg-griesingen.de\/wp-content\/uploads\/2026\/02\/1.-Mannschaft_2.jpg 1349w\" sizes=\"auto, (max-width: 668px) 100vw, 668px\" \/><\/p>\n<p>&nbsp;<\/p>\n<\/div><\/div><\/div><div id=\"panel-1038-1-0-2\" class=\"so-panel widget widget_black-studio-tinymce widget_black_studio_tinymce\" data-index=\"4\" ><div style=\"text-align: left;\" data-title-color=\"#443f3f\" data-headings-color=\"#443f3f\" class=\"panel-widget-style panel-widget-style-for-1038-1-0-2\" ><h3 class=\"widget-title\">2. Mannschaft<\/h3><div class=\"textwidget\"><p><img loading=\"lazy\" decoding=\"async\" class=\"alignnone  wp-image-5130 aligncenter\" src=\"https:\/\/www.sg-griesingen.de\/wp-content\/uploads\/2026\/02\/2.-Mannschaft_2-300x225.jpg\" alt=\"\" width=\"639\" height=\"479\" srcset=\"https:\/\/www.sg-griesingen.de\/wp-content\/uploads\/2026\/02\/2.-Mannschaft_2-300x225.jpg 300w, https:\/\/www.sg-griesingen.de\/wp-content\/uploads\/2026\/02\/2.-Mannschaft_2-1024x768.jpg 1024w, https:\/\/www.sg-griesingen.de\/wp-content\/uploads\/2026\/02\/2.-Mannschaft_2-768x576.jpg 768w, https:\/\/www.sg-griesingen.de\/wp-content\/uploads\/2026\/02\/2.-Mannschaft_2-1000x750.jpg 1000w, https:\/\/www.sg-griesingen.de\/wp-content\/uploads\/2026\/02\/2.-Mannschaft_2-230x172.jpg 230w, https:\/\/www.sg-griesingen.de\/wp-content\/uploads\/2026\/02\/2.-Mannschaft_2-350x262.jpg 350w, https:\/\/www.sg-griesingen.de\/wp-content\/uploads\/2026\/02\/2.-Mannschaft_2-480x360.jpg 480w, https:\/\/www.sg-griesingen.de\/wp-content\/uploads\/2026\/02\/2.-Mannschaft_2.jpg 1270w\" sizes=\"auto, (max-width: 639px) 100vw, 639px\" \/><\/p>\n<\/div><\/div><\/div><div id=\"panel-1038-1-0-3\" class=\"so-panel widget widget_black-studio-tinymce widget_black_studio_tinymce panel-last-child\" data-index=\"5\" ><div style=\"text-align: left;\" data-title-color=\"#443f3f\" data-headings-color=\"#443f3f\" class=\"panel-widget-style panel-widget-style-for-1038-1-0-3\" ><h3 class=\"widget-title\">3. Mannschaft<\/h3><div class=\"textwidget\"><p><img loading=\"lazy\" decoding=\"async\" class=\"alignnone  wp-image-5131 aligncenter\" src=\"https:\/\/www.sg-griesingen.de\/wp-content\/uploads\/2026\/02\/3.-Mannschaft-300x225.jpg\" alt=\"\" width=\"607\" height=\"455\" srcset=\"https:\/\/www.sg-griesingen.de\/wp-content\/uploads\/2026\/02\/3.-Mannschaft-300x225.jpg 300w, https:\/\/www.sg-griesingen.de\/wp-content\/uploads\/2026\/02\/3.-Mannschaft-1024x768.jpg 1024w, https:\/\/www.sg-griesingen.de\/wp-content\/uploads\/2026\/02\/3.-Mannschaft-768x576.jpg 768w, https:\/\/www.sg-griesingen.de\/wp-content\/uploads\/2026\/02\/3.-Mannschaft-1000x750.jpg 1000w, https:\/\/www.sg-griesingen.de\/wp-content\/uploads\/2026\/02\/3.-Mannschaft-230x173.jpg 230w, https:\/\/www.sg-griesingen.de\/wp-content\/uploads\/2026\/02\/3.-Mannschaft-350x263.jpg 350w, https:\/\/www.sg-griesingen.de\/wp-content\/uploads\/2026\/02\/3.-Mannschaft-480x360.jpg 480w, https:\/\/www.sg-griesingen.de\/wp-content\/uploads\/2026\/02\/3.-Mannschaft.jpg 1200w\" sizes=\"auto, (max-width: 607px) 100vw, 607px\" \/><\/p>\n<\/div><\/div><\/div><\/div><\/div><\/div><\/div>","protected":false},"excerpt":{"rendered":"<p>1. Mannschaft: \u00a0\u00a0 \u00a0Tabelle | myTischtennis.de 2. Mannschaft:\u00a0 \u00a0 \u00a0 Tabelle | myTischtennis.de 3. Mannschaft:\u00a0 \u00a0 \u00a0 Tabelle | myTischtennis.de &nbsp; Trainingszeiten: Montag 18:30 &#8211; 19:30 Uhr Mittwoch 18:30 &#8211; 19:30 Uhr Ort: Montag Mehrzweckhalle Griesingen Mittwoch Mehrzweckhalle Ri\u00dftissen 3 Mannschaften als Spielgemeinschaft mit dem TSV Ri\u00dftissen TT Griesingen-Ri\u00dftissen 1. Mannschaft Bezirksliga 2 .Mannschaft Kreisliga [&hellip;]<\/p>\n","protected":false},"author":1,"featured_media":0,"parent":0,"menu_order":0,"comment_status":"closed","ping_status":"closed","template":"page-templates\/page_fullwidth.php","meta":{"_monsterinsights_skip_tracking":false,"_monsterinsights_sitenote_active":false,"_monsterinsights_sitenote_note":"","_monsterinsights_sitenote_category":0,"footnotes":""},"class_list":["post-1038","page","type-page","status-publish","hentry"],"_links":{"self":[{"href":"https:\/\/www.sg-griesingen.de\/index.php\/wp-json\/wp\/v2\/pages\/1038","targetHints":{"allow":["GET"]}}],"collection":[{"href":"https:\/\/www.sg-griesingen.de\/index.php\/wp-json\/wp\/v2\/pages"}],"about":[{"href":"https:\/\/www.sg-griesingen.de\/index.php\/wp-json\/wp\/v2\/types\/page"}],"author":[{"embeddable":true,"href":"https:\/\/www.sg-griesingen.de\/index.php\/wp-json\/wp\/v2\/users\/1"}],"replies":[{"embeddable":true,"href":"https:\/\/www.sg-griesingen.de\/index.php\/wp-json\/wp\/v2\/comments?post=1038"}],"version-history":[{"count":19,"href":"https:\/\/www.sg-griesingen.de\/index.php\/wp-json\/wp\/v2\/pages\/1038\/revisions"}],"predecessor-version":[{"id":5138,"href":"https:\/\/www.sg-griesingen.de\/index.php\/wp-json\/wp\/v2\/pages\/1038\/revisions\/5138"}],"wp:attachment":[{"href":"https:\/\/www.sg-griesingen.de\/index.php\/wp-json\/wp\/v2\/media?parent=1038"}],"curies":[{"name":"wp","href":"https:\/\/api.w.org\/{rel}","templated":true}]}}