{"id":11,"date":"2018-05-06T19:41:43","date_gmt":"2018-05-06T17:41:43","guid":{"rendered":"https:\/\/beta.sg-griesingen.de\/?page_id=11"},"modified":"2025-09-15T12:44:32","modified_gmt":"2025-09-15T10:44:32","slug":"impressum","status":"publish","type":"page","link":"https:\/\/www.sg-griesingen.de\/index.php\/impressum\/","title":{"rendered":"Impressum"},"content":{"rendered":"<p>Sportgemeinschaft Griesingen e.V. :<\/p>\n<p>Vorsitzende: Nina Gl\u00f6ckler, Lea Raiber, Daniel Str\u00f6bele, Thomas Traub<\/p>\n<p>Angaben gem\u00e4\u00df \u00a7 5 TMG:<br \/>\nSportgemeinschaft Griesingen e.V.<br \/>\nN.N.<\/p>\n<p style=\"font-weight: 400;\">Anschrift:<br \/>\nSportgemeinschaft Griesingen e.V.<br \/>\nTalstra\u00dfe 2<\/p>\n<p style=\"font-weight: 400;\">89608 Griesingen<\/p>\n<p style=\"font-weight: 400;\">Telefon: 07391\/54446<br \/>\nE-Mail: webmaster@sg-griesingen.de<\/p>\n<p>&nbsp;<\/p>\n<p>Internetpr\u00e4senz:<\/p>\n<p>www.sg-griesingen.de<\/p>\n<p>Dieses Impressum gilt auch f\u00fcr die Profile unseres Vereins auf den folgenden sozialen Netzwerken:<br \/>\nfacebook<br \/>\ninstagramm<br \/>\nVereinsregister:<\/p>\n<p>Registergericht: Amtsgericht Ulm<br \/>\nRegisternummer: VR 490057<\/p>\n<p>Umsatzsteuer- oder Wirtschaftsidentifikationsnummer:<\/p>\n<p>DE145217910<\/p>\n<p>&nbsp;<\/p>\n<p>Haftungsausschluss:<\/p>\n<p>Eine Haftung oder Garantie f\u00fcr die Aktualit\u00e4t, Richtigkeit und Vollst\u00e4ndigkeit der auf dieser Webseite zur Verf\u00fcgung gestellten Daten ist ausgeschlossen. Wir behalten uns das Recht vor, bei Bedarf \u00c4nderungen oder Erg\u00e4nzungen der bereitgestellten Informationen oder Daten durchzuf\u00fchren. Weiterhin \u00fcbernehmen wir keinerlei Haftung f\u00fcr Sch\u00e4den, die durch die Benutzung eventuell angebotener Dateien entstehen, den Download dieser Dateien t\u00e4tigt der Nutzer auf eigene Gefahr! Wir garantieren nicht f\u00fcr das Funktionieren hier zum Download angebotener Programme, desweiteren sind alle angebotenen Dateien eigenh\u00e4ndig auf Viren zu \u00fcberpr\u00fcfen.<\/p>\n<p>Haftungshinweis:<\/p>\n<p>Trotz sorgf\u00e4ltiger Kontrolle \u00fcbernehmen wir keine Haftung f\u00fcr Inhalte externer Links. F\u00fcr den Inhalt der verlinkten Seiten sind ausschlie\u00dflich deren Betreiber verantwortlich.<\/p>\n<p>&nbsp;<\/p>\n<p>Zum <a href=\"https:\/\/beta.sg-griesingen.de\/index.php\/datenschutz\/\">Datenschutz<\/a>.<\/p>\n","protected":false},"excerpt":{"rendered":"<p>Sportgemeinschaft Griesingen e.V. : Vorsitzende: Nina Gl\u00f6ckler, Lea Raiber, Daniel Str\u00f6bele, Thomas Traub Angaben gem\u00e4\u00df \u00a7 5 TMG: Sportgemeinschaft Griesingen e.V. N.N. Anschrift: Sportgemeinschaft Griesingen e.V. Talstra\u00dfe 2 89608 Griesingen Telefon: 07391\/54446 E-Mail: webmaster@sg-griesingen.de &nbsp; Internetpr\u00e4senz: www.sg-griesingen.de Dieses Impressum gilt auch f\u00fcr die Profile unseres Vereins auf den folgenden sozialen Netzwerken: facebook instagramm Vereinsregister: Registergericht: [&hellip;]<\/p>\n","protected":false},"author":1,"featured_media":0,"parent":0,"menu_order":0,"comment_status":"closed","ping_status":"closed","template":"page-templates\/page_fullwidth.php","meta":{"_monsterinsights_skip_tracking":false,"_monsterinsights_sitenote_active":false,"_monsterinsights_sitenote_note":"","_monsterinsights_sitenote_category":0,"footnotes":""},"class_list":["post-11","page","type-page","status-publish","hentry"],"_links":{"self":[{"href":"https:\/\/www.sg-griesingen.de\/index.php\/wp-json\/wp\/v2\/pages\/11","targetHints":{"allow":["GET"]}}],"collection":[{"href":"https:\/\/www.sg-griesingen.de\/index.php\/wp-json\/wp\/v2\/pages"}],"about":[{"href":"https:\/\/www.sg-griesingen.de\/index.php\/wp-json\/wp\/v2\/types\/page"}],"author":[{"embeddable":true,"href":"https:\/\/www.sg-griesingen.de\/index.php\/wp-json\/wp\/v2\/users\/1"}],"replies":[{"embeddable":true,"href":"https:\/\/www.sg-griesingen.de\/index.php\/wp-json\/wp\/v2\/comments?post=11"}],"version-history":[{"count":14,"href":"https:\/\/www.sg-griesingen.de\/index.php\/wp-json\/wp\/v2\/pages\/11\/revisions"}],"predecessor-version":[{"id":4948,"href":"https:\/\/www.sg-griesingen.de\/index.php\/wp-json\/wp\/v2\/pages\/11\/revisions\/4948"}],"wp:attachment":[{"href":"https:\/\/www.sg-griesingen.de\/index.php\/wp-json\/wp\/v2\/media?parent=11"}],"curies":[{"name":"wp","href":"https:\/\/api.w.org\/{rel}","templated":true}]}}