{"id":1117,"date":"2018-09-19T16:26:05","date_gmt":"2018-09-19T14:26:05","guid":{"rendered":"https:\/\/beta.sg-griesingen.de\/?page_id=1117"},"modified":"2025-10-16T19:47:36","modified_gmt":"2025-10-16T17:47:36","slug":"kurse","status":"publish","type":"page","link":"https:\/\/www.sg-griesingen.de\/index.php\/kurse\/","title":{"rendered":"Kurse bei der SG Griesingen"},"content":{"rendered":"<div id=\"pl-1117\"  class=\"panel-layout\" ><div id=\"pg-1117-0\"  class=\"panel-grid panel-has-style\" ><div style=\"padding: 100px 0; \" data-overlay=\"true\" data-overlay-color=\"#000000\" class=\"panel-row-style panel-row-style-for-1117-0\" ><div id=\"pgc-1117-0-0\"  class=\"panel-grid-cell\" ><div id=\"panel-1117-0-0-0\" class=\"so-panel widget widget_black-studio-tinymce widget_black_studio_tinymce panel-first-child\" data-index=\"0\" ><div style=\"text-align: left;\" data-title-color=\"#443f3f\" data-headings-color=\"#443f3f\" class=\"panel-widget-style panel-widget-style-for-1117-0-0-0\" ><h3 class=\"widget-title\">Ansprechpartnerin<\/h3><div class=\"textwidget\"><p style=\"text-align: center;\"><img loading=\"lazy\" decoding=\"async\" class=\"alignnone size-medium wp-image-3787\" src=\"https:\/\/www.sg-griesingen.de\/wp-content\/uploads\/2024\/05\/Steffi2-239x300.png\" alt=\"\" width=\"239\" height=\"300\" srcset=\"https:\/\/www.sg-griesingen.de\/wp-content\/uploads\/2024\/05\/Steffi2-239x300.png 239w, https:\/\/www.sg-griesingen.de\/wp-content\/uploads\/2024\/05\/Steffi2-230x288.png 230w, https:\/\/www.sg-griesingen.de\/wp-content\/uploads\/2024\/05\/Steffi2-350x439.png 350w, https:\/\/www.sg-griesingen.de\/wp-content\/uploads\/2024\/05\/Steffi2-480x602.png 480w, https:\/\/www.sg-griesingen.de\/wp-content\/uploads\/2024\/05\/Steffi2.png 568w\" sizes=\"auto, (max-width: 239px) 100vw, 239px\" \/><\/p>\n<p style=\"text-align: center;\">Stefanie Brunner<\/p>\n<p style=\"text-align: center;\">Tel. 07391 \/ 72200<\/p>\n<p style=\"text-align: center;\"><a href=\"mailto:stefanie.brunner@sg-griesingen.de\">stefanie.brunner@sg-griesingen.de<\/a><\/p>\n<p>&nbsp;<\/p>\n<p>&nbsp;<\/p>\n<\/div><\/div><\/div><div id=\"panel-1117-0-0-1\" class=\"so-panel widget widget_black-studio-tinymce widget_black_studio_tinymce panel-last-child\" data-index=\"1\" ><div style=\"text-align: left;\" data-title-color=\"#443f3f\" data-headings-color=\"#443f3f\" class=\"panel-widget-style panel-widget-style-for-1117-0-0-1\" ><div class=\"textwidget\"><p><strong>Liebe Sportlerinnen und Sportler,<\/strong><\/p>\n<p><strong>wir laden zu unserem Kursangebot ein, gerne auch zum Testen - kommen und bewegen Sie sich mit der SG Griesingen. <\/strong><\/p>\n<h5 style=\"text-align: left;\">Aktuelle Kurse:<\/h5>\n<p>- Aqua-Gymnastik<br \/>\n- Aqua- Dance<br \/>\n- M\u00e4nnerfit<br \/>\n- Step-Aerobic f\u00fcr Fortgeschrittene<br \/>\n- Langhanteltraining.<br \/>\n- Finger Qigong<br \/>\n- Aktive R\u00fccken- und Schultergymnastik<\/p>\n<p>N\u00e4here Infos, siehe weiter unten \u2b07\ufe0f<\/p>\n<p>&nbsp;<\/p>\n<\/div><\/div><\/div><\/div><\/div><\/div><div id=\"pg-1117-1\"  class=\"panel-grid panel-has-style\" ><div style=\"padding: 100px 0; \" data-overlay=\"true\" data-overlay-color=\"#000000\" class=\"panel-row-style panel-row-style-for-1117-1\" ><div id=\"pgc-1117-1-0\"  class=\"panel-grid-cell\" ><div id=\"panel-1117-1-0-0\" class=\"so-panel widget widget_black-studio-tinymce widget_black_studio_tinymce panel-first-child panel-last-child\" data-index=\"2\" ><div style=\"text-align: center;\" data-title-color=\"#443f3f\" data-headings-color=\"#443f3f\" class=\"panel-widget-style panel-widget-style-for-1117-1-0-0\" ><h3 class=\"widget-title\">Aqua-Gymnastik\u00a0<\/h3><div class=\"textwidget\"><p>Montags (ab dem 25.03.2024)<br \/>\n18.00 Uhr - 18.45 Uhr<br \/>\nund<br \/>\n18.45 Uhr - 19.30 Uhr<\/p>\n<p>Schwimmhalle Ri\u00dftissen<\/p>\n<p>Anmeldung:<br \/>\nStefanie Brunner<br \/>\nTel. 07391 \/ 72200<\/p>\n<p><a href=\"mailto:kurse@sg-griesingen.de\">kurse@sg-griesingen.de<\/a><\/p>\n<p>Der Klassiker f\u00fcr einen erfrischenden Tagesausklang. Mit Aqua-Gymnastik verbessern Sie Ausdauer und Beweglichkeit, st\u00e4rken das Herz-Kreislauf-System und kr\u00e4ftigen die Muskeln. Das Training entlastet die Gelenke, Gesundheit und Wohlbefinden werden gesteigert, ideal f\u00fcr alle Altersstufen.<\/p>\n<hr>\n<p>Kursdauer: 6 Einheiten \u00e1 45 Minuten<\/p>\n<hr>\n<p>Kosten:<\/p>\n<p>\u20ac 35,- f\u00fcr Vereinsmitglieder, inkl. Schwimmbadeintritt<\/p>\n<p>\u20ac 40,- f\u00fcr Nichtmitglieder, inkl. Schwimmbadeintritt<\/p>\n<p>Barzahlung bitte bei Kursbeginn!<\/p>\n<p><a class=\"fasc-button fasc-size-medium fasc-type-flat fasc-rounded-medium\" style=\"background-color: #4ba031; color: #ffffff;\">Mehr Informationen<\/a><\/p>\n<\/div><\/div><\/div><\/div><div id=\"pgc-1117-1-1\"  class=\"panel-grid-cell\" ><div id=\"panel-1117-1-1-0\" class=\"so-panel widget widget_black-studio-tinymce widget_black_studio_tinymce panel-first-child panel-last-child\" data-index=\"3\" ><div style=\"text-align: center;\" data-title-color=\"#443f3f\" data-headings-color=\"#443f3f\" class=\"panel-widget-style panel-widget-style-for-1117-1-1-0\" ><h3 class=\"widget-title\">Aqua-Dance<\/h3><div class=\"textwidget\"><p>Montags (ab dem 25.03.2024)<\/p>\n<p>19.30 Uhr - 20.15 Uhr<\/p>\n<p>Schwimmhalle Ri\u00dftissen<\/p>\n<p>Anmeldung:<br \/>\nStefanie Brunner<br \/>\nTel. 07391 \/ 72200<\/p>\n<p><a href=\"mailto:kurse@sg-griesingen.de\">kurse@sg-griesingen.de<\/a><\/p>\n<p>Ein Allround-Programm, das durch die Kombination verschiedener Musikrichtungen neben dem Trainingseffekt auch gute Laune und ganz viel Spa\u00df verspricht.<\/p>\n<hr \/>\n<p>Kursdauer: 6 Einheiten \u00e1 45 Minuten<\/p>\n<hr \/>\n<p>Kosten:<\/p>\n<p>\u20ac 35,- f\u00fcr Vereinsmitglieder, inkl. Schwimmbadeintritt<\/p>\n<p>\u20ac 40,- f\u00fcr Nichtmitglieder, inkl. Schwimmbadeintritt.<\/p>\n<p>Barzahlung bitte bei Kursbeginn!<\/p>\n<p>&nbsp;<\/p>\n<\/div><\/div><\/div><\/div><\/div><\/div><div id=\"pg-1117-2\"  class=\"panel-grid panel-has-style\" ><div style=\"padding: 100px 0; \" data-overlay=\"true\" data-overlay-color=\"#000000\" class=\"panel-row-style panel-row-style-for-1117-2\" ><div id=\"pgc-1117-2-0\"  class=\"panel-grid-cell panel-grid-cell-mobile-last\" ><div id=\"panel-1117-2-0-0\" class=\"so-panel widget widget_black-studio-tinymce widget_black_studio_tinymce panel-first-child panel-last-child\" data-index=\"4\" ><div style=\"text-align: center;\" data-title-color=\"#443f3f\" data-headings-color=\"#443f3f\" class=\"panel-widget-style panel-widget-style-for-1117-2-0-0\" ><h3 class=\"widget-title\">M\u00e4nnerfit<\/h3><div class=\"textwidget\"><p>Donnerstags (ab dem 04.04.2024)<\/p>\n<p>20.30 Uhr - 21:30 Uhr<\/p>\n<p>Mehrzweckhalle Griesingen<\/p>\n<p>Anmeldung:<br \/>\nStefanie Brunner<br \/>\nTel. 07391 \/ 72200<\/p>\n<p><a href=\"mailto:kurse@sg-griesingen.de\">kurse@sg-griesingen.de<\/a><\/p>\n<p>Fitness f\u00fcr alle M\u00e4nner mit den Schwerpunkten Kraft, Koordination und Beweglichkeit. Ein Rundum-Programm auf vielf\u00e4ltige Wei-se, das den m\u00e4nnlichen K\u00f6rper f\u00f6rdert und nebenbei noch Spa\u00df macht! Mitzubringen sind eine Matte und ein gro\u00dfes Handtuch.<\/p>\n<hr \/>\n<p>Kursdauer: 4 Einheiten \u00e0 60 Minuten<\/p>\n<hr \/>\n<p>Kosten:<\/p>\n<p>\u20ac 15, - f\u00fcr Vereinsmitglieder<\/p>\n<p>\u20ac 20,- f\u00fcr Nichtmitglieder<\/p>\n<\/div><\/div><\/div><\/div><div id=\"pgc-1117-2-1\"  class=\"panel-grid-cell panel-grid-cell-empty\" ><\/div><\/div><\/div><div id=\"pg-1117-3\"  class=\"panel-grid panel-has-style\" ><div style=\"padding: 100px 0; \" data-overlay=\"true\" data-overlay-color=\"#000000\" class=\"panel-row-style panel-row-style-for-1117-3\" ><div id=\"pgc-1117-3-0\"  class=\"panel-grid-cell\" ><div id=\"panel-1117-3-0-0\" class=\"so-panel widget widget_black-studio-tinymce widget_black_studio_tinymce panel-first-child panel-last-child\" data-index=\"5\" ><div style=\"text-align: center;\" data-title-color=\"#443f3f\" data-headings-color=\"#443f3f\" class=\"panel-widget-style panel-widget-style-for-1117-3-0-0\" ><h3 class=\"widget-title\">Step-Aerobic f\u00fcr Fortgeschrittene<\/h3><div class=\"textwidget\"><p>Mittwochs (ab dem 03.04.2024)<\/p>\n<p>18.00 Uhr - 19.00 Uhr<\/p>\n<p>Mehrzweckhalle Griesingen<\/p>\n<p>Anmeldung:<br \/>\nStefanie Brunner<br \/>\nTel. 07391 \/ 72200<\/p>\n<p><a href=\"mailto:kurse@sg-griesingen.de\">kurse@sg-griesingen.de<\/a><\/p>\n<p>Step-Aerobic ist ein ideales Cardio-Training und trainiert das Herz-Kreislauf-System. Mit interessanten Schrittkombinationen wird die Koordination und Ausdauer verbessert, die Ges\u00e4\u00df- und Beinmuskulatur wird optimal gekr\u00e4ftigt und die abschlie\u00dfenden Kr\u00e4ftigungs- und Stretching- \u00dcbungen tun jedem K\u00f6rper gut.<\/p>\n<hr \/>\n<p>Kursdauer: 4 Einheiten \u00e1 60 Minuten<\/p>\n<hr \/>\n<p>Kosten:<\/p>\n<p>\u20ac 15,- f\u00fcr Vereinsmitglieder<\/p>\n<p>\u20ac 20,- f\u00fcr Nichtmitglieder<\/p>\n<p>Barzahlung bitte bei Kursbeginn!<\/p>\n<p>&nbsp;<\/p>\n<\/div><\/div><\/div><\/div><div id=\"pgc-1117-3-1\"  class=\"panel-grid-cell\" ><div id=\"panel-1117-3-1-0\" class=\"so-panel widget widget_black-studio-tinymce widget_black_studio_tinymce panel-first-child panel-last-child\" data-index=\"6\" ><div style=\"text-align: center;\" data-title-color=\"#443f3f\" data-headings-color=\"#443f3f\" class=\"panel-widget-style panel-widget-style-for-1117-3-1-0\" ><h3 class=\"widget-title\">Langhanteltraining<\/h3><div class=\"textwidget\"><p>Freitags (ab dem 05.04.2024)<\/p>\n<p>18.00 Uhr - 19.00 Uhr<\/p>\n<p>Mehrzweckhalle Griesingen<\/p>\n<p>Anmeldung:<br \/>\nStefanie Brunner<br \/>\nTel. 07391 \/ 72200<\/p>\n<p><a href=\"mailto:kurse@sg-griesingen.de\">kurse@sg-griesingen.de<\/a><\/p>\n<p>Die Langhantel z\u00e4hlt noch lange nicht zum alten Eisen! Die Trainingsstange geh\u00f6rt zu den vielseitigsten Trainingsger\u00e4ten.<br \/>\nBei Langhantel\u00fcbungen muss h\u00e4ufig der gesamte K\u00f6rper mitarbeiten.<br \/>\nSchlie\u00dflich sprechen die meisten \u00dcbungen mehrere gro\u00dfe Muskelgruppen gleichzeitig an, effizienter geht es kaum.<br \/>\nIm Kurs k\u00f6nnen max. 10 Personen teilnehmen!<\/p>\n<hr \/>\n<p>Kursdauer: 5 Einheiten \u00e1 60 Minuten<\/p>\n<hr \/>\n<p>Kosten:<\/p>\n<p>\u20ac 20,- f\u00fcr Vereinsmitglieder<\/p>\n<p>\u20ac 30,- f\u00fcr Nichtmitglieder<\/p>\n<p>Barzahlung bitte bei Kursbeginn!<\/p>\n<p>&nbsp;<\/p>\n<\/div><\/div><\/div><\/div><\/div><\/div><div id=\"pg-1117-4\"  class=\"panel-grid panel-has-style\" ><div style=\"padding: 100px 0; \" data-overlay=\"true\" data-overlay-color=\"#000000\" class=\"panel-row-style panel-row-style-for-1117-4\" ><div id=\"pgc-1117-4-0\"  class=\"panel-grid-cell\" ><div id=\"panel-1117-4-0-0\" class=\"so-panel widget widget_black-studio-tinymce widget_black_studio_tinymce panel-first-child panel-last-child\" data-index=\"7\" ><div style=\"text-align: center;\" data-title-color=\"#443f3f\" data-headings-color=\"#443f3f\" class=\"panel-widget-style panel-widget-style-for-1117-4-0-0\" ><h3 class=\"widget-title\">Finger Qigong<\/h3><div class=\"textwidget\"><p>Freitags (ab dem 08.03.2024)<\/p>\n<p>13.00 Uhr - 13.45 Uhr<\/p>\n<p>Mehrzweckhalle Griesingen<\/p>\n<p>Anmeldung:<br \/>\nStefanie Brunner<br \/>\nTel. 07391 \/ 72200<\/p>\n<p><a href=\"mailto:kurse@sg-griesingen.de\">kurse@sg-griesingen.de<\/a><\/p>\n<p>H\u00e4nde und Finger spielen eine wichtige Rolle f\u00fcr alle T\u00e4tigkeiten im Alltag und f\u00fcr soziale Begegnungen. Es ist uns meist gar nicht bewusst, dass einzelne Bereiche der H\u00e4nde und Finger mit anderen K\u00f6rperteilen und Organen in Verbindung stehen. Finger Qigong st\u00e4rkt z. B.: die Koordinations-, Konzentrations- und Denkf\u00e4higkeit; Nerven und Muskelzellen k\u00f6nnen gest\u00e4rkt werden und auch unsere inneren Organe; der Stoffwechsel und der Lymphfluss k\u00f6nnen zus\u00e4tzlich aktiviert werden.<\/p>\n<p>\u00dcbungsleiterin: Sylvia Cittlau, Inhaberin und Leitung der Qigong-Schule in Ehingen<\/p>\n<hr \/>\n<p>Kursdauer: 10 Einheiten \u00e1 45 Minuten<\/p>\n<hr \/>\n<p>Kosten:<\/p>\n<p>\u20ac 40,- f\u00fcr Vereinsmitglieder<\/p>\n<p>\u20ac 50,- f\u00fcr Nichtmitglieder<\/p>\n<p>Barzahlung bitte bei Kursbeginn!<\/p>\n<p>&nbsp;<\/p>\n<\/div><\/div><\/div><\/div><div id=\"pgc-1117-4-1\"  class=\"panel-grid-cell\" ><div id=\"panel-1117-4-1-0\" class=\"so-panel widget widget_black-studio-tinymce widget_black_studio_tinymce panel-first-child panel-last-child\" data-index=\"8\" ><div style=\"text-align: center;\" data-title-color=\"#443f3f\" data-headings-color=\"#443f3f\" class=\"panel-widget-style panel-widget-style-for-1117-4-1-0\" ><h3 class=\"widget-title\">Aktive R\u00fccken- und Schultergymnastik<\/h3><div class=\"textwidget\"><p>Freitags (ab dem 08.03.2024)<\/p>\n<p>13.45 Uhr - 14.30 Uhr<\/p>\n<p>Mehrzweckhalle Griesingen<\/p>\n<p>Anmeldung:<br \/>\nStefanie Brunner<br \/>\nTel. 07391 \/ 72200<\/p>\n<p><a href=\"mailto:kurse@sg-griesingen.de\">kurse@sg-griesingen.de<\/a><\/p>\n<p>In diesem Kurs lernen Sie gezielte \u00dcbungen zur St\u00e4rkung der R\u00fcckenmuskulatur, besonders der Schulterpartie, kennen. Dabei spielen nicht nur Kr\u00e4ftigungs\u00fcbungen eine wichtige Rolle, sondern auch Lockerungs- und Dehnungseinheiten. So kr\u00e4ftigen sie nicht nur ihre Muskulatur, sondern trainieren ebenfalls die Beweglichkeit der gesamten Wirbels\u00e4ule.<\/p>\n<p>\u00dcbungsleiterin: Sylvia Cittlau, Inhaberin und Leitung der Qigong-Schule in Ehingen<\/p>\n<hr \/>\n<p>Kursdauer: 10 Einheiten \u00e1 45 Minuten<\/p>\n<hr \/>\n<p>Kosten:<\/p>\n<p>\u20ac 40,- f\u00fcr Vereinsmitglieder<\/p>\n<p>\u20ac 50,- f\u00fcr Nichtmitglieder<\/p>\n<p>Barzahlung bitte bei Kursbeginn!<\/p>\n<p>&nbsp;<\/p>\n<\/div><\/div><\/div><\/div><\/div><\/div><\/div>","protected":false},"excerpt":{"rendered":"<p>Stefanie Brunner Tel. 07391 \/ 72200 stefanie.brunner@sg-griesingen.de &nbsp; &nbsp; Liebe Sportlerinnen und Sportler, wir laden zu unserem Kursangebot ein, gerne auch zum Testen &#8211; kommen und bewegen Sie sich mit der SG Griesingen. Aktuelle Kurse: &#8211; Aqua-Gymnastik &#8211; Aqua- Dance &#8211; M\u00e4nnerfit &#8211; Step-Aerobic f\u00fcr Fortgeschrittene &#8211; Langhanteltraining. &#8211; Finger Qigong &#8211; Aktive R\u00fccken- und [&hellip;]<\/p>\n","protected":false},"author":1,"featured_media":0,"parent":0,"menu_order":0,"comment_status":"closed","ping_status":"closed","template":"page-templates\/page_fullwidth.php","meta":{"_monsterinsights_skip_tracking":false,"_monsterinsights_sitenote_active":false,"_monsterinsights_sitenote_note":"","_monsterinsights_sitenote_category":0,"footnotes":""},"class_list":["post-1117","page","type-page","status-publish","hentry"],"_links":{"self":[{"href":"https:\/\/www.sg-griesingen.de\/index.php\/wp-json\/wp\/v2\/pages\/1117","targetHints":{"allow":["GET"]}}],"collection":[{"href":"https:\/\/www.sg-griesingen.de\/index.php\/wp-json\/wp\/v2\/pages"}],"about":[{"href":"https:\/\/www.sg-griesingen.de\/index.php\/wp-json\/wp\/v2\/types\/page"}],"author":[{"embeddable":true,"href":"https:\/\/www.sg-griesingen.de\/index.php\/wp-json\/wp\/v2\/users\/1"}],"replies":[{"embeddable":true,"href":"https:\/\/www.sg-griesingen.de\/index.php\/wp-json\/wp\/v2\/comments?post=1117"}],"version-history":[{"count":114,"href":"https:\/\/www.sg-griesingen.de\/index.php\/wp-json\/wp\/v2\/pages\/1117\/revisions"}],"predecessor-version":[{"id":5002,"href":"https:\/\/www.sg-griesingen.de\/index.php\/wp-json\/wp\/v2\/pages\/1117\/revisions\/5002"}],"wp:attachment":[{"href":"https:\/\/www.sg-griesingen.de\/index.php\/wp-json\/wp\/v2\/media?parent=1117"}],"curies":[{"name":"wp","href":"https:\/\/api.w.org\/{rel}","templated":true}]}}