{"id":1128,"date":"2018-09-19T16:32:14","date_gmt":"2018-09-19T14:32:14","guid":{"rendered":"https:\/\/beta.sg-griesingen.de\/?page_id=1128"},"modified":"2025-10-16T18:23:07","modified_gmt":"2025-10-16T16:23:07","slug":"kinderturnen-2","status":"publish","type":"page","link":"https:\/\/www.sg-griesingen.de\/index.php\/kinderturnen-2\/","title":{"rendered":"Kinderturnen 2"},"content":{"rendered":"<div id=\"pl-1128\"  class=\"panel-layout\" ><div id=\"pg-1128-0\"  class=\"panel-grid panel-has-style\" ><div style=\"padding: 100px 0; \" data-overlay=\"true\" data-overlay-color=\"#000000\" class=\"panel-row-style panel-row-style-for-1128-0\" ><div id=\"pgc-1128-0-0\"  class=\"panel-grid-cell\" ><div id=\"panel-1128-0-0-0\" class=\"so-panel widget widget_black-studio-tinymce widget_black_studio_tinymce panel-first-child panel-last-child\" data-index=\"0\" ><div style=\"text-align: center;\" data-title-color=\"#443f3f\" data-headings-color=\"#443f3f\" class=\"panel-widget-style panel-widget-style-for-1128-0-0-0\" ><h3 class=\"widget-title\">Ansprechpartnerinnen<\/h3><div class=\"textwidget\"><p><img loading=\"lazy\" decoding=\"async\" class=\"aligncenter size-full wp-image-297\" src=\"https:\/\/beta.sg-griesingen.de\/wp-content\/uploads\/2018\/05\/empty.png\" alt=\"\" width=\"100\" height=\"100\" \/><\/p>\n<p style=\"text-align: center;\">Yanis Schirmer<\/p>\n<p style=\"text-align: center;\">Tel. 01746713267<\/p>\n<p>&nbsp;<\/p>\n<\/div><\/div><\/div><\/div><div id=\"pgc-1128-0-1\"  class=\"panel-grid-cell\" ><div id=\"panel-1128-0-1-0\" class=\"so-panel widget widget_black-studio-tinymce widget_black_studio_tinymce panel-first-child panel-last-child\" data-index=\"1\" ><div style=\"text-align: left;\" data-title-color=\"#443f3f\" data-headings-color=\"#443f3f\" class=\"panel-widget-style panel-widget-style-for-1128-0-1-0\" ><div class=\"textwidget\"><p>&nbsp;<\/p>\n<p>&nbsp;<\/p>\n<p>&nbsp;<\/p>\n<table>\n<tbody>\n<tr>\n<td style=\"text-align: center;\" width=\"145\">Trainingszeiten:<\/td>\n<td style=\"text-align: center;\" width=\"456\">Dienstag 17:15 - 18:15 Uhr<\/td>\n<\/tr>\n<tr>\n<td style=\"text-align: center;\">Ort:<\/td>\n<td style=\"text-align: center;\">\u00a0Mehrzweckhalle Griesingen<\/td>\n<\/tr>\n<\/tbody>\n<\/table>\n<p>&nbsp;<\/p>\n<\/div><\/div><\/div><\/div><\/div><\/div><div id=\"pg-1128-1\"  class=\"panel-grid panel-has-style\" ><div style=\"padding: 100px 0; \" data-overlay=\"true\" data-overlay-color=\"#000000\" class=\"panel-row-style panel-row-style-for-1128-1\" ><div id=\"pgc-1128-1-0\"  class=\"panel-grid-cell\" ><div id=\"panel-1128-1-0-0\" class=\"so-panel widget widget_black-studio-tinymce widget_black_studio_tinymce panel-first-child panel-last-child\" data-index=\"2\" ><div style=\"text-align: left;\" data-title-color=\"#443f3f\" data-headings-color=\"#443f3f\" class=\"panel-widget-style panel-widget-style-for-1128-1-0-0\" ><div class=\"textwidget\"><h4>Was wird angeboten?<\/h4>\n<p>Fit durch kleine und gro\u00dfe Spiele, Bewegungs- und Ger\u00e4telandschaften, aber auch Handger\u00e4te und alternative Materialien werden beim Turnen verwendet.<\/p>\n<\/div><\/div><\/div><\/div><\/div><\/div><\/div>","protected":false},"excerpt":{"rendered":"<p>Yanis Schirmer Tel. 01746713267 &nbsp; &nbsp; &nbsp; &nbsp; Trainingszeiten: Dienstag 17:15 &#8211; 18:15 Uhr Ort: \u00a0Mehrzweckhalle Griesingen &nbsp; Was wird angeboten? Fit durch kleine und gro\u00dfe Spiele, Bewegungs- und Ger\u00e4telandschaften, aber auch Handger\u00e4te und alternative Materialien werden beim Turnen verwendet.<\/p>\n","protected":false},"author":1,"featured_media":0,"parent":0,"menu_order":0,"comment_status":"closed","ping_status":"closed","template":"page-templates\/page_fullwidth.php","meta":{"_monsterinsights_skip_tracking":false,"_monsterinsights_sitenote_active":false,"_monsterinsights_sitenote_note":"","_monsterinsights_sitenote_category":0,"footnotes":""},"class_list":["post-1128","page","type-page","status-publish","hentry"],"_links":{"self":[{"href":"https:\/\/www.sg-griesingen.de\/index.php\/wp-json\/wp\/v2\/pages\/1128","targetHints":{"allow":["GET"]}}],"collection":[{"href":"https:\/\/www.sg-griesingen.de\/index.php\/wp-json\/wp\/v2\/pages"}],"about":[{"href":"https:\/\/www.sg-griesingen.de\/index.php\/wp-json\/wp\/v2\/types\/page"}],"author":[{"embeddable":true,"href":"https:\/\/www.sg-griesingen.de\/index.php\/wp-json\/wp\/v2\/users\/1"}],"replies":[{"embeddable":true,"href":"https:\/\/www.sg-griesingen.de\/index.php\/wp-json\/wp\/v2\/comments?post=1128"}],"version-history":[{"count":6,"href":"https:\/\/www.sg-griesingen.de\/index.php\/wp-json\/wp\/v2\/pages\/1128\/revisions"}],"predecessor-version":[{"id":4976,"href":"https:\/\/www.sg-griesingen.de\/index.php\/wp-json\/wp\/v2\/pages\/1128\/revisions\/4976"}],"wp:attachment":[{"href":"https:\/\/www.sg-griesingen.de\/index.php\/wp-json\/wp\/v2\/media?parent=1128"}],"curies":[{"name":"wp","href":"https:\/\/api.w.org\/{rel}","templated":true}]}}