{"id":1145,"date":"2018-09-19T16:49:54","date_gmt":"2018-09-19T14:49:54","guid":{"rendered":"https:\/\/beta.sg-griesingen.de\/?page_id=1145"},"modified":"2025-12-10T20:44:12","modified_gmt":"2025-12-10T19:44:12","slug":"tanzmaeuse","status":"publish","type":"page","link":"https:\/\/www.sg-griesingen.de\/index.php\/tanzmaeuse\/","title":{"rendered":"Tanzm\u00e4use"},"content":{"rendered":"<div id=\"pl-1145\"  class=\"panel-layout\" ><div id=\"pg-1145-0\"  class=\"panel-grid panel-has-style\" ><div style=\"padding: 100px 0; \" data-overlay=\"true\" data-overlay-color=\"#000000\" class=\"panel-row-style panel-row-style-for-1145-0\" ><div id=\"pgc-1145-0-0\"  class=\"panel-grid-cell\" ><div id=\"panel-1145-0-0-0\" class=\"so-panel widget widget_black-studio-tinymce widget_black_studio_tinymce panel-first-child panel-last-child\" data-index=\"0\" ><div style=\"text-align: center;\" data-title-color=\"#443f3f\" data-headings-color=\"#443f3f\" class=\"panel-widget-style panel-widget-style-for-1145-0-0-0\" ><h3 class=\"widget-title\">Ansprechpartnerin<\/h3><div class=\"textwidget\"><p><img loading=\"lazy\" decoding=\"async\" class=\"aligncenter size-full wp-image-297\" src=\"https:\/\/beta.sg-griesingen.de\/wp-content\/uploads\/2018\/05\/empty.png\" alt=\"\" width=\"100\" height=\"100\" \/><\/p>\n<p style=\"text-align: center;\">Ramona G\u00f6tz-Burgmaier<\/p>\n<p style=\"text-align: center;\">Tel. 017620691810<\/p>\n<p style=\"text-align: center;\"><a href=\"mailto:ramona.goetz@sg-griesingen.de\">ramona.goetz<\/a><a href=\"mailto:ramona.goetz-burgmaier@sg-griesingen.de\">@sg-griesingen.de<\/a><\/p>\n<p style=\"text-align: center;\">\n<\/div><\/div><\/div><\/div><div id=\"pgc-1145-0-1\"  class=\"panel-grid-cell\" ><div id=\"panel-1145-0-1-0\" class=\"so-panel widget widget_black-studio-tinymce widget_black_studio_tinymce panel-first-child panel-last-child\" data-index=\"1\" ><div style=\"text-align: left;\" data-title-color=\"#443f3f\" data-headings-color=\"#443f3f\" class=\"panel-widget-style panel-widget-style-for-1145-0-1-0\" ><div class=\"textwidget\"><p>&nbsp;<\/p>\n<p>&nbsp;<\/p>\n<p>&nbsp;<\/p>\n<table>\n<tbody>\n<tr>\n<td style=\"text-align: center;\" width=\"145\">Trainingszeiten:<\/td>\n<td style=\"text-align: center;\" width=\"456\">Montag 16:15 Uhr<\/td>\n<\/tr>\n<tr>\n<td style=\"text-align: center;\">Ort:<\/td>\n<td style=\"text-align: center;\">\u00a0Mehrzweckhalle Griesingen<\/td>\n<\/tr>\n<\/tbody>\n<\/table>\n<p>Aufgeteilt in zwei Gruppen je nach Alter<\/p>\n<\/div><\/div><\/div><\/div><\/div><\/div><div id=\"pg-1145-1\"  class=\"panel-grid panel-has-style\" ><div style=\"padding: 100px 0; \" data-overlay=\"true\" data-overlay-color=\"#000000\" class=\"panel-row-style panel-row-style-for-1145-1\" ><div id=\"pgc-1145-1-0\"  class=\"panel-grid-cell\" ><div id=\"panel-1145-1-0-0\" class=\"so-panel widget widget_black-studio-tinymce widget_black_studio_tinymce panel-first-child panel-last-child\" data-index=\"2\" ><div style=\"text-align: left;\" data-title-color=\"#443f3f\" data-headings-color=\"#443f3f\" class=\"panel-widget-style panel-widget-style-for-1145-1-0-0\" ><h3 class=\"widget-title\">Tanzm\u00e4use 2024<\/h3><div class=\"textwidget\"><p><img loading=\"lazy\" decoding=\"async\" class=\"aligncenter wp-image-3647\" src=\"https:\/\/www.sg-griesingen.de\/wp-content\/uploads\/2024\/05\/86313356-1971-4535-bc6f-d962bb20d19a-300x225.jpg\" alt=\"\" width=\"600\" height=\"450\" srcset=\"https:\/\/www.sg-griesingen.de\/wp-content\/uploads\/2024\/05\/86313356-1971-4535-bc6f-d962bb20d19a-300x225.jpg 300w, https:\/\/www.sg-griesingen.de\/wp-content\/uploads\/2024\/05\/86313356-1971-4535-bc6f-d962bb20d19a-1024x768.jpg 1024w, https:\/\/www.sg-griesingen.de\/wp-content\/uploads\/2024\/05\/86313356-1971-4535-bc6f-d962bb20d19a-768x576.jpg 768w, https:\/\/www.sg-griesingen.de\/wp-content\/uploads\/2024\/05\/86313356-1971-4535-bc6f-d962bb20d19a-1536x1152.jpg 1536w, https:\/\/www.sg-griesingen.de\/wp-content\/uploads\/2024\/05\/86313356-1971-4535-bc6f-d962bb20d19a-1000x750.jpg 1000w, https:\/\/www.sg-griesingen.de\/wp-content\/uploads\/2024\/05\/86313356-1971-4535-bc6f-d962bb20d19a-230x173.jpg 230w, https:\/\/www.sg-griesingen.de\/wp-content\/uploads\/2024\/05\/86313356-1971-4535-bc6f-d962bb20d19a-350x263.jpg 350w, https:\/\/www.sg-griesingen.de\/wp-content\/uploads\/2024\/05\/86313356-1971-4535-bc6f-d962bb20d19a-480x360.jpg 480w, https:\/\/www.sg-griesingen.de\/wp-content\/uploads\/2024\/05\/86313356-1971-4535-bc6f-d962bb20d19a.jpg 1824w\" sizes=\"auto, (max-width: 600px) 100vw, 600px\" \/><\/p>\n<p style=\"text-align: center;\">Tanzm\u00e4use mit den roten Anz\u00fcgen und Smiley Dancers im Barbiekost\u00fcm<\/p>\n<\/div><\/div><\/div><\/div><\/div><\/div><\/div>","protected":false},"excerpt":{"rendered":"<p>Ramona G\u00f6tz-Burgmaier Tel. 017620691810 ramona.goetz@sg-griesingen.de &nbsp; &nbsp; &nbsp; Trainingszeiten: Montag 16:15 Uhr Ort: \u00a0Mehrzweckhalle Griesingen Aufgeteilt in zwei Gruppen je nach Alter Tanzm\u00e4use mit den roten Anz\u00fcgen und Smiley Dancers im Barbiekost\u00fcm<\/p>\n","protected":false},"author":1,"featured_media":0,"parent":0,"menu_order":0,"comment_status":"closed","ping_status":"closed","template":"page-templates\/page_fullwidth.php","meta":{"_monsterinsights_skip_tracking":false,"_monsterinsights_sitenote_active":false,"_monsterinsights_sitenote_note":"","_monsterinsights_sitenote_category":0,"footnotes":""},"class_list":["post-1145","page","type-page","status-publish","hentry"],"_links":{"self":[{"href":"https:\/\/www.sg-griesingen.de\/index.php\/wp-json\/wp\/v2\/pages\/1145","targetHints":{"allow":["GET"]}}],"collection":[{"href":"https:\/\/www.sg-griesingen.de\/index.php\/wp-json\/wp\/v2\/pages"}],"about":[{"href":"https:\/\/www.sg-griesingen.de\/index.php\/wp-json\/wp\/v2\/types\/page"}],"author":[{"embeddable":true,"href":"https:\/\/www.sg-griesingen.de\/index.php\/wp-json\/wp\/v2\/users\/1"}],"replies":[{"embeddable":true,"href":"https:\/\/www.sg-griesingen.de\/index.php\/wp-json\/wp\/v2\/comments?post=1145"}],"version-history":[{"count":21,"href":"https:\/\/www.sg-griesingen.de\/index.php\/wp-json\/wp\/v2\/pages\/1145\/revisions"}],"predecessor-version":[{"id":5054,"href":"https:\/\/www.sg-griesingen.de\/index.php\/wp-json\/wp\/v2\/pages\/1145\/revisions\/5054"}],"wp:attachment":[{"href":"https:\/\/www.sg-griesingen.de\/index.php\/wp-json\/wp\/v2\/media?parent=1145"}],"curies":[{"name":"wp","href":"https:\/\/api.w.org\/{rel}","templated":true}]}}