{"id":1167,"date":"2018-09-19T17:02:04","date_gmt":"2018-09-19T15:02:04","guid":{"rendered":"https:\/\/beta.sg-griesingen.de\/?page_id=1167"},"modified":"2024-04-21T11:12:33","modified_gmt":"2024-04-21T09:12:33","slug":"fit-ueber-60","status":"publish","type":"page","link":"https:\/\/www.sg-griesingen.de\/index.php\/fit-ueber-60\/","title":{"rendered":"Fit \u00fcber 60"},"content":{"rendered":"<div id=\"pl-1167\"  class=\"panel-layout\" ><div id=\"pg-1167-0\"  class=\"panel-grid panel-has-style\" ><div style=\"padding: 100px 0; \" data-overlay=\"true\" data-overlay-color=\"#000000\" class=\"panel-row-style panel-row-style-for-1167-0\" ><div id=\"pgc-1167-0-0\"  class=\"panel-grid-cell\" ><div id=\"panel-1167-0-0-0\" class=\"so-panel widget widget_black-studio-tinymce widget_black_studio_tinymce panel-first-child\" data-index=\"0\" ><div style=\"text-align: left;\" data-title-color=\"#443f3f\" data-headings-color=\"#443f3f\" class=\"panel-widget-style panel-widget-style-for-1167-0-0-0\" ><div class=\"textwidget\"><p>&nbsp;<\/p>\n<table>\n<tbody>\n<tr>\n<td width=\"145\">Trainingszeiten:<\/td>\n<td width=\"456\">Montag: 14:30 Uhr - 15:30 Uhr<\/td>\n<\/tr>\n<tr>\n<td>Ort:<\/td>\n<td>\u00a0Mehrzweckhalle Griesingen<\/td>\n<\/tr>\n<\/tbody>\n<\/table>\n<p>&nbsp;<\/p>\n<\/div><\/div><\/div><div id=\"panel-1167-0-0-1\" class=\"so-panel widget widget_black-studio-tinymce widget_black_studio_tinymce panel-last-child\" data-index=\"1\" ><div style=\"text-align: left;\" data-title-color=\"#443f3f\" data-headings-color=\"#443f3f\" class=\"panel-widget-style panel-widget-style-for-1167-0-0-1\" ><div class=\"textwidget\"><p>F\u00fcr Frauen und M\u00e4nner ab 60 Jahren.<\/p>\n<p class=\"s3\"><span class=\"s2\"><span class=\"bumpedFont15\"><br \/>\nGesundheitliche, aber auch soziale Gr\u00fcnde sprechen f\u00fcr Sport mit<\/span><\/span><span class=\"s2\"><span class=\"bumpedFont15\">\u00a0Senioren. Bewegung st\u00e4rkt die Muskulatur, verbessert Kraft<\/span><\/span> <span class=\"s2\"><span class=\"bumpedFont15\">und Koordination. In den Stunden \u00fcben wir Alltagsbewegungen,<\/span><\/span> <span class=\"s2\"><span class=\"bumpedFont15\">aktivieren das Herz-Kreislauf-System und trainieren im Rahmen<\/span><\/span> <span class=\"s2\"><span class=\"bumpedFont15\">der Sturzprophylaxe. Auch Ged\u00e4chtnistraining flie\u00dft immer wieder<\/span><\/span> <span class=\"s2\"><span class=\"bumpedFont15\">in die Stunden mit ein.<\/span><\/span><\/p>\n<p class=\"s3\"><span class=\"s2\"><span class=\"bumpedFont15\">Wir <\/span><\/span><span class=\"s2\"><span class=\"bumpedFont15\">laden alle <\/span><\/span><span class=\"s2\"><span class=\"bumpedFont15\">Frauen und M\u00e4nner herzlich ein bei uns mitzumachen.<\/span><\/span><\/p>\n<\/div><\/div><\/div><\/div><\/div><\/div><\/div>","protected":false},"excerpt":{"rendered":"<p>&nbsp; Trainingszeiten: Montag: 14:30 Uhr &#8211; 15:30 Uhr Ort: \u00a0Mehrzweckhalle Griesingen &nbsp; F\u00fcr Frauen und M\u00e4nner ab 60 Jahren. Gesundheitliche, aber auch soziale Gr\u00fcnde sprechen f\u00fcr Sport mit\u00a0Senioren. Bewegung st\u00e4rkt die Muskulatur, verbessert Kraft und Koordination. In den Stunden \u00fcben wir Alltagsbewegungen, aktivieren das Herz-Kreislauf-System und trainieren im Rahmen der Sturzprophylaxe. Auch Ged\u00e4chtnistraining flie\u00dft immer [&hellip;]<\/p>\n","protected":false},"author":1,"featured_media":0,"parent":0,"menu_order":0,"comment_status":"closed","ping_status":"closed","template":"page-templates\/page_fullwidth.php","meta":{"_monsterinsights_skip_tracking":false,"_monsterinsights_sitenote_active":false,"_monsterinsights_sitenote_note":"","_monsterinsights_sitenote_category":0,"footnotes":""},"class_list":["post-1167","page","type-page","status-publish","hentry"],"_links":{"self":[{"href":"https:\/\/www.sg-griesingen.de\/index.php\/wp-json\/wp\/v2\/pages\/1167","targetHints":{"allow":["GET"]}}],"collection":[{"href":"https:\/\/www.sg-griesingen.de\/index.php\/wp-json\/wp\/v2\/pages"}],"about":[{"href":"https:\/\/www.sg-griesingen.de\/index.php\/wp-json\/wp\/v2\/types\/page"}],"author":[{"embeddable":true,"href":"https:\/\/www.sg-griesingen.de\/index.php\/wp-json\/wp\/v2\/users\/1"}],"replies":[{"embeddable":true,"href":"https:\/\/www.sg-griesingen.de\/index.php\/wp-json\/wp\/v2\/comments?post=1167"}],"version-history":[{"count":8,"href":"https:\/\/www.sg-griesingen.de\/index.php\/wp-json\/wp\/v2\/pages\/1167\/revisions"}],"predecessor-version":[{"id":3274,"href":"https:\/\/www.sg-griesingen.de\/index.php\/wp-json\/wp\/v2\/pages\/1167\/revisions\/3274"}],"wp:attachment":[{"href":"https:\/\/www.sg-griesingen.de\/index.php\/wp-json\/wp\/v2\/media?parent=1167"}],"curies":[{"name":"wp","href":"https:\/\/api.w.org\/{rel}","templated":true}]}}