{"id":2575,"date":"2022-04-09T20:24:09","date_gmt":"2022-04-09T18:24:09","guid":{"rendered":"https:\/\/www.sg-griesingen.de\/?page_id=2575"},"modified":"2024-04-21T11:12:44","modified_gmt":"2024-04-21T09:12:44","slug":"jubilaeum","status":"publish","type":"page","link":"https:\/\/www.sg-griesingen.de\/index.php\/jubilaeum\/","title":{"rendered":"Jubil\u00e4um &#8211; Das Programm"},"content":{"rendered":"<p>&nbsp;<\/p>\n<figure id=\"attachment_2598\" aria-describedby=\"caption-attachment-2598\" style=\"width: 724px\" class=\"wp-caption alignnone\"><img loading=\"lazy\" decoding=\"async\" class=\"wp-image-2598 size-large\" src=\"https:\/\/www.sg-griesingen.de\/wp-content\/uploads\/2022\/05\/22-05-05-16-13-58-4612-724x1024.png\" alt=\"\" width=\"724\" height=\"1024\" srcset=\"https:\/\/www.sg-griesingen.de\/wp-content\/uploads\/2022\/05\/22-05-05-16-13-58-4612-724x1024.png 724w, https:\/\/www.sg-griesingen.de\/wp-content\/uploads\/2022\/05\/22-05-05-16-13-58-4612-212x300.png 212w, https:\/\/www.sg-griesingen.de\/wp-content\/uploads\/2022\/05\/22-05-05-16-13-58-4612-768x1086.png 768w, https:\/\/www.sg-griesingen.de\/wp-content\/uploads\/2022\/05\/22-05-05-16-13-58-4612-1086x1536.png 1086w, https:\/\/www.sg-griesingen.de\/wp-content\/uploads\/2022\/05\/22-05-05-16-13-58-4612-1448x2048.png 1448w, https:\/\/www.sg-griesingen.de\/wp-content\/uploads\/2022\/05\/22-05-05-16-13-58-4612-920x1301.png 920w, https:\/\/www.sg-griesingen.de\/wp-content\/uploads\/2022\/05\/22-05-05-16-13-58-4612-230x325.png 230w, https:\/\/www.sg-griesingen.de\/wp-content\/uploads\/2022\/05\/22-05-05-16-13-58-4612-350x495.png 350w, https:\/\/www.sg-griesingen.de\/wp-content\/uploads\/2022\/05\/22-05-05-16-13-58-4612-480x679.png 480w\" sizes=\"auto, (max-width: 724px) 100vw, 724px\" \/><figcaption id=\"caption-attachment-2598\" class=\"wp-caption-text\">Fyler Plakat Jubil\u00e4um Wochenende 100 Jahre SG Griesingen<\/figcaption><\/figure>\n<p>W\u00e4hrend dem Jubil\u00e4umswochenende gibt es folgende Food-Trucks und Essensangebot bei uns am Sportgel\u00e4nde:<\/p>\n<p><a href=\"https:\/\/www.breakpoint-imbiss.de\/\">BREAKPOINT.IMBISS.<\/a> \u00a0 Freitag 21:00 bis ca. 00:30Uhr und So 11:30 bis 17:30Uhr<\/p>\n<p><a href=\"https:\/\/www.derwildewirt.de\/\">Der wilde WIRT<\/a> \u00a0 Samstag 18:00 bis 21:00Uhr<\/p>\n<p><a href=\"https:\/\/grillgutfoodtruck.de\/\">GRILLGUT Foodtruck<\/a> \u00a0 Samstag 18:00 bis 21:00Uhr und Sonntag 11:30 bis 14:00Uhr<\/p>\n<p><span style=\"text-decoration: underline;\">SG Kaffee und Kuchen:<\/span>\u00a0\u00a0 Sonntag 14:00 bis 17:00Uhr<br \/>\n<img loading=\"lazy\" decoding=\"async\" class=\"alignnone wp-image-2682 size-medium\" src=\"https:\/\/www.sg-griesingen.de\/wp-content\/uploads\/2022\/05\/SGG_Nachbau_Wappen-1-225x300.jpg\" alt=\"\" width=\"225\" height=\"300\" srcset=\"https:\/\/www.sg-griesingen.de\/wp-content\/uploads\/2022\/05\/SGG_Nachbau_Wappen-1-225x300.jpg 225w, https:\/\/www.sg-griesingen.de\/wp-content\/uploads\/2022\/05\/SGG_Nachbau_Wappen-1-770x1024.jpg 770w, https:\/\/www.sg-griesingen.de\/wp-content\/uploads\/2022\/05\/SGG_Nachbau_Wappen-1-768x1022.jpg 768w, https:\/\/www.sg-griesingen.de\/wp-content\/uploads\/2022\/05\/SGG_Nachbau_Wappen-1-230x306.jpg 230w, https:\/\/www.sg-griesingen.de\/wp-content\/uploads\/2022\/05\/SGG_Nachbau_Wappen-1-350x466.jpg 350w, https:\/\/www.sg-griesingen.de\/wp-content\/uploads\/2022\/05\/SGG_Nachbau_Wappen-1-480x639.jpg 480w, https:\/\/www.sg-griesingen.de\/wp-content\/uploads\/2022\/05\/SGG_Nachbau_Wappen-1.jpg 820w\" sizes=\"auto, (max-width: 225px) 100vw, 225px\" \/><\/p>\n<p>Danke an dieser Stelle an den Jubil\u00e4umsausschuss um Sabrina Mast, Ramona G\u00f6tz, Thomas Traub und Anna Mast f\u00fcr die gro\u00dfartige Planung und euer zeitintensives Engagement seit Sommer letzten Jahres!<\/p>\n","protected":false},"excerpt":{"rendered":"<p>&nbsp; W\u00e4hrend dem Jubil\u00e4umswochenende gibt es folgende Food-Trucks und Essensangebot bei uns am Sportgel\u00e4nde: BREAKPOINT.IMBISS. \u00a0 Freitag 21:00 bis ca. 00:30Uhr und So 11:30 bis 17:30Uhr Der wilde WIRT \u00a0 Samstag 18:00 bis 21:00Uhr GRILLGUT Foodtruck \u00a0 Samstag 18:00 bis 21:00Uhr und Sonntag 11:30 bis 14:00Uhr SG Kaffee und Kuchen:\u00a0\u00a0 Sonntag 14:00 bis 17:00Uhr Danke [&hellip;]<\/p>\n","protected":false},"author":3,"featured_media":0,"parent":0,"menu_order":0,"comment_status":"closed","ping_status":"closed","template":"page-templates\/page_fullwidth.php","meta":{"_monsterinsights_skip_tracking":false,"_monsterinsights_sitenote_active":false,"_monsterinsights_sitenote_note":"","_monsterinsights_sitenote_category":0,"footnotes":""},"class_list":["post-2575","page","type-page","status-publish","hentry"],"_links":{"self":[{"href":"https:\/\/www.sg-griesingen.de\/index.php\/wp-json\/wp\/v2\/pages\/2575","targetHints":{"allow":["GET"]}}],"collection":[{"href":"https:\/\/www.sg-griesingen.de\/index.php\/wp-json\/wp\/v2\/pages"}],"about":[{"href":"https:\/\/www.sg-griesingen.de\/index.php\/wp-json\/wp\/v2\/types\/page"}],"author":[{"embeddable":true,"href":"https:\/\/www.sg-griesingen.de\/index.php\/wp-json\/wp\/v2\/users\/3"}],"replies":[{"embeddable":true,"href":"https:\/\/www.sg-griesingen.de\/index.php\/wp-json\/wp\/v2\/comments?post=2575"}],"version-history":[{"count":8,"href":"https:\/\/www.sg-griesingen.de\/index.php\/wp-json\/wp\/v2\/pages\/2575\/revisions"}],"predecessor-version":[{"id":2688,"href":"https:\/\/www.sg-griesingen.de\/index.php\/wp-json\/wp\/v2\/pages\/2575\/revisions\/2688"}],"wp:attachment":[{"href":"https:\/\/www.sg-griesingen.de\/index.php\/wp-json\/wp\/v2\/media?parent=2575"}],"curies":[{"name":"wp","href":"https:\/\/api.w.org\/{rel}","templated":true}]}}