{"id":2629,"date":"2022-05-14T17:38:59","date_gmt":"2022-05-14T15:38:59","guid":{"rendered":"https:\/\/www.sg-griesingen.de\/?page_id=2629"},"modified":"2024-04-21T11:12:44","modified_gmt":"2024-04-21T09:12:44","slug":"jubilaeums-outfit-bestellaktion-und-fankollektion-meinvereinsfieber","status":"publish","type":"page","link":"https:\/\/www.sg-griesingen.de\/index.php\/jubilaeum\/jubilaeums-outfit-bestellaktion-und-fankollektion-meinvereinsfieber\/","title":{"rendered":"Jubil\u00e4ums-Outfit Bestellaktion und Fankollektion meinvereinsfieber"},"content":{"rendered":"<p><img loading=\"lazy\" decoding=\"async\" class=\"alignnone wp-image-2637 size-full\" src=\"https:\/\/www.sg-griesingen.de\/wp-content\/uploads\/2022\/05\/Jubilaeumsoutfit_SGG_100Jahre_2.png\" alt=\"Jubil\u00e4umsoutfit_SGG_100Jahre_2\" width=\"539\" height=\"690\" srcset=\"https:\/\/www.sg-griesingen.de\/wp-content\/uploads\/2022\/05\/Jubilaeumsoutfit_SGG_100Jahre_2.png 539w, https:\/\/www.sg-griesingen.de\/wp-content\/uploads\/2022\/05\/Jubilaeumsoutfit_SGG_100Jahre_2-234x300.png 234w, https:\/\/www.sg-griesingen.de\/wp-content\/uploads\/2022\/05\/Jubilaeumsoutfit_SGG_100Jahre_2-230x294.png 230w, https:\/\/www.sg-griesingen.de\/wp-content\/uploads\/2022\/05\/Jubilaeumsoutfit_SGG_100Jahre_2-350x448.png 350w, https:\/\/www.sg-griesingen.de\/wp-content\/uploads\/2022\/05\/Jubilaeumsoutfit_SGG_100Jahre_2-480x614.png 480w\" sizes=\"auto, (max-width: 539px) 100vw, 539px\" \/><\/p>\n<p>Du m\u00f6chtest auch ein Teil vom Jubil\u00e4um sein und das auch zeigen?<br \/>\nDann kannst du dir folgendes Outfit mit dem Jubil\u00e4umslogo bestellen:<\/p>\n<p><span style=\"color: #339966;\">\u00a0<strong> \u00a0 T-Shirt Herren\/ Damen (Baumwolle &#8211; 10\u20ac)<br \/>\n<\/strong><span style=\"color: #000000;\">\u00a0\u00a0\u00a0\u00a0\u00a0 Gr\u00f6\u00dfen: S, M, L, XL, XXL, 3XL, 4XL, 5XL<\/span><br \/>\n<span style=\"color: #000000;\">\u00a0\u00a0\u00a0\u00a0\u00a0 \u00a0\u00a0 \u00a0\u00a0\u00a0\u00a0\u00a0\u00a0\u00a0\u00a0\u00a0\u00a0\u00a0 34, 36, 38, 40, 42, 44, 46, 48<\/span><strong><br \/>\n<\/strong><span style=\"color: #000000;\">\u00a0\u00a0\u00a0\u00a0\u00a0 Modell JAKO T-shirt Organic<\/span><strong><br \/>\n<\/strong><\/span><\/p>\n<p><strong><span style=\"color: #339966;\">\u00a0\u00a0\u00a0 Westen (35\u20ac)<br \/>\n<\/span><\/strong><span style=\"color: #339966;\"><span style=\"color: #000000;\">\u00a0\u00a0\u00a0\u00a0\u00a0 Gr\u00f6\u00dfen: S, M, L, XL, XXL, 3XL, 4XL, 5XL<br \/>\n<\/span><\/span><span style=\"color: #339966;\"><span style=\"color: #000000;\">\u00a0\u00a0\u00a0\u00a0\u00a0 Modell JAKO Sweatjacke Doubletex<br \/>\n<\/span><\/span><\/p>\n<p><strong><span style=\"color: #339966;\">\u00a0\u00a0\u00a0 Pullover\/ Hoodies (25\u20ac)<br \/>\n<\/span><\/strong><span style=\"color: #000000;\">\u00a0\u00a0\u00a0\u00a0\u00a0 Gr\u00f6\u00dfen:\u00a0 M, L, XL\u00a0 (S, XXL, 3XL, 4XL, 5XL &#8211; Lieferschwierigkeiten)<\/span><strong><span style=\"color: #339966;\"><br \/>\n<\/span><\/strong><span style=\"color: #000000;\">\u00a0\u00a0 \u00a0\u00a0 Modell JAKO Kaputzensweat\/ Hoddie Organic<\/span><strong><span style=\"color: #339966;\"><br \/>\n<\/span><\/strong><\/p>\n<p>Da wir am Jubil\u00e4umswochenende an den Arbeitseins\u00e4tzen gerne einheitlich auftreten m\u00f6chten, bitten wir euch das zu unterst\u00fctzen. Es ist aber auch generell eine sch\u00f6ne Erinnerung an unser Jubil\u00e4umsjahr.<\/p>\n<p>Anprobetermine sind nicht mehr m\u00f6glich. Die Gr\u00f6\u00dfen fallen bei JAKO aber normal aus (die Damen T-shirts sind etwas eng geschnitten). Ihr k\u00f6nnt die Outfits aber gern noch unter 100Jahre@sg-griesingen.com oder unter 0176-20310144 bestellen oder euch bei euren \u00dcbungsleitern\/ Abteilungsleitern erkundigen.<\/p>\n<p>Wir k\u00f6nnen bei den aktuellen Bestellung nicht mehr garantieren, dass sie bis zum Jubil\u00e4um da sind.<br \/>\nDie generell Lieferzeit sind ca. 14 Tage, es ist also noch Zeit. Aber die weltweiten Lieferketten sind halt immer noch angespannt.<\/p>\n<p>&nbsp;<\/p>\n<p>Weiter startet in den kommenden Wochen eine Fan-Kollektion beim Anbeiter <a href=\"https:\/\/meinvereinsfieber.de\/pages\/baden-wurttemberg\">meinvereinsfieber<\/a>. Hier k\u00f6nnt ihr selbstst\u00e4ndig eure Fan-Kollektion nach Belieben zusammenstellen und selbst bestellen.<\/p>\n<p>&nbsp;<\/p>\n<p>Euer Jubil\u00e4umsausschuss<\/p>\n<p>&nbsp;<\/p>\n<p><img loading=\"lazy\" decoding=\"async\" class=\"alignleft size-large wp-image-2635\" src=\"https:\/\/www.sg-griesingen.de\/wp-content\/uploads\/2022\/05\/Werbung_Jubilaeum-1024x96.png\" alt=\"Werbung_Jubil\u00e4um\" width=\"1024\" height=\"96\" srcset=\"https:\/\/www.sg-griesingen.de\/wp-content\/uploads\/2022\/05\/Werbung_Jubilaeum-1024x96.png 1024w, https:\/\/www.sg-griesingen.de\/wp-content\/uploads\/2022\/05\/Werbung_Jubilaeum-300x28.png 300w, https:\/\/www.sg-griesingen.de\/wp-content\/uploads\/2022\/05\/Werbung_Jubilaeum-768x72.png 768w, https:\/\/www.sg-griesingen.de\/wp-content\/uploads\/2022\/05\/Werbung_Jubilaeum-1536x144.png 1536w, https:\/\/www.sg-griesingen.de\/wp-content\/uploads\/2022\/05\/Werbung_Jubilaeum-2048x192.png 2048w, https:\/\/www.sg-griesingen.de\/wp-content\/uploads\/2022\/05\/Werbung_Jubilaeum-920x86.png 920w, https:\/\/www.sg-griesingen.de\/wp-content\/uploads\/2022\/05\/Werbung_Jubilaeum-230x22.png 230w, https:\/\/www.sg-griesingen.de\/wp-content\/uploads\/2022\/05\/Werbung_Jubilaeum-350x33.png 350w, https:\/\/www.sg-griesingen.de\/wp-content\/uploads\/2022\/05\/Werbung_Jubilaeum-480x45.png 480w\" sizes=\"auto, (max-width: 1024px) 100vw, 1024px\" \/><\/p>\n","protected":false},"excerpt":{"rendered":"<p>Du m\u00f6chtest auch ein Teil vom Jubil\u00e4um sein und das auch zeigen? Dann kannst du dir folgendes Outfit mit dem Jubil\u00e4umslogo bestellen: \u00a0 \u00a0 T-Shirt Herren\/ Damen (Baumwolle &#8211; 10\u20ac) \u00a0\u00a0\u00a0\u00a0\u00a0 Gr\u00f6\u00dfen: S, M, L, XL, XXL, 3XL, 4XL, 5XL \u00a0\u00a0\u00a0\u00a0\u00a0 \u00a0\u00a0 \u00a0\u00a0\u00a0\u00a0\u00a0\u00a0\u00a0\u00a0\u00a0\u00a0\u00a0 34, 36, 38, 40, 42, 44, 46, 48 \u00a0\u00a0\u00a0\u00a0\u00a0 Modell JAKO T-shirt [&hellip;]<\/p>\n","protected":false},"author":3,"featured_media":2637,"parent":2575,"menu_order":0,"comment_status":"closed","ping_status":"closed","template":"page-templates\/page_fullwidth.php","meta":{"_monsterinsights_skip_tracking":false,"_monsterinsights_sitenote_active":false,"_monsterinsights_sitenote_note":"","_monsterinsights_sitenote_category":0,"footnotes":""},"class_list":["post-2629","page","type-page","status-publish","has-post-thumbnail","hentry"],"_links":{"self":[{"href":"https:\/\/www.sg-griesingen.de\/index.php\/wp-json\/wp\/v2\/pages\/2629","targetHints":{"allow":["GET"]}}],"collection":[{"href":"https:\/\/www.sg-griesingen.de\/index.php\/wp-json\/wp\/v2\/pages"}],"about":[{"href":"https:\/\/www.sg-griesingen.de\/index.php\/wp-json\/wp\/v2\/types\/page"}],"author":[{"embeddable":true,"href":"https:\/\/www.sg-griesingen.de\/index.php\/wp-json\/wp\/v2\/users\/3"}],"replies":[{"embeddable":true,"href":"https:\/\/www.sg-griesingen.de\/index.php\/wp-json\/wp\/v2\/comments?post=2629"}],"version-history":[{"count":8,"href":"https:\/\/www.sg-griesingen.de\/index.php\/wp-json\/wp\/v2\/pages\/2629\/revisions"}],"predecessor-version":[{"id":2633,"href":"https:\/\/www.sg-griesingen.de\/index.php\/wp-json\/wp\/v2\/pages\/2629\/revisions\/2633"}],"up":[{"embeddable":true,"href":"https:\/\/www.sg-griesingen.de\/index.php\/wp-json\/wp\/v2\/pages\/2575"}],"wp:featuredmedia":[{"embeddable":true,"href":"https:\/\/www.sg-griesingen.de\/index.php\/wp-json\/wp\/v2\/media\/2637"}],"wp:attachment":[{"href":"https:\/\/www.sg-griesingen.de\/index.php\/wp-json\/wp\/v2\/media?parent=2629"}],"curies":[{"name":"wp","href":"https:\/\/api.w.org\/{rel}","templated":true}]}}