{"id":3099,"date":"2023-10-12T15:41:02","date_gmt":"2023-10-12T13:41:02","guid":{"rendered":"https:\/\/www.sg-griesingen.de\/?page_id=3099"},"modified":"2024-04-21T11:13:02","modified_gmt":"2024-04-21T09:13:02","slug":"vereinsshop-bei-teamstolz","status":"publish","type":"page","link":"https:\/\/www.sg-griesingen.de\/index.php\/vereinsshop-bei-teamstolz\/","title":{"rendered":"Vereinsshop bei Teamstolz"},"content":{"rendered":"<div id=\"pl-3099\"  class=\"panel-layout\" ><div id=\"pg-3099-0\"  class=\"panel-grid panel-has-style\" ><div style=\"padding: 100px 0; \" data-overlay=\"true\" class=\"panel-row-style panel-row-style-for-3099-0\" ><div id=\"pgc-3099-0-0\"  class=\"panel-grid-cell\" ><div id=\"panel-3099-0-0-0\" class=\"so-panel widget widget_sow-editor panel-first-child\" data-index=\"0\" ><div style=\"text-align: left;\" data-title-color=\"#443f3f\" data-headings-color=\"#443f3f\" class=\"panel-widget-style panel-widget-style-for-3099-0-0-0\" ><div\n\t\t\t\n\t\t\tclass=\"so-widget-sow-editor so-widget-sow-editor-base\"\n\t\t\t\n\t\t>\n<div class=\"siteorigin-widget-tinymce textwidget\">\n\t<p>So geht\u2018s:<\/p>\n<ol>\n<li>Gehe auf den Link <a href=\"https:\/\/www.teamstolz.de\/vereinsshop\/sg-griesingen\/\">Vereinsshop bei Teamstolz<\/a>\u00a0und suche dir deine Lieblingsteile aus.<\/li>\n<li>W\u00e4hle deine Gr\u00f6\u00dfe aus und f\u00fcge (wenn du m\u00f6chtest)weiter unten deinen Namen oder deine Initialen hinzu.<\/li>\n<li>Dann kannst du deine Lieblingsteile in den Warenkorb legen und dort bestellen und zahlen.<\/li>\n<\/ol>\n<\/div>\n<\/div><\/div><\/div><div id=\"panel-3099-0-0-1\" class=\"so-panel widget widget_media_image panel-last-child\" data-index=\"1\" ><div style=\"text-align: left;\" data-title-color=\"#443f3f\" data-headings-color=\"#443f3f\" class=\"panel-widget-style panel-widget-style-for-3099-0-0-1\" ><img loading=\"lazy\" decoding=\"async\" width=\"1024\" height=\"1024\" src=\"https:\/\/www.sg-griesingen.de\/wp-content\/uploads\/2023\/10\/IMG_2297-1024x1024.png\" class=\"image wp-image-3100  attachment-large size-large\" alt=\"\" style=\"max-width: 100%; height: auto;\" srcset=\"https:\/\/www.sg-griesingen.de\/wp-content\/uploads\/2023\/10\/IMG_2297-1024x1024.png 1024w, https:\/\/www.sg-griesingen.de\/wp-content\/uploads\/2023\/10\/IMG_2297-300x300.png 300w, https:\/\/www.sg-griesingen.de\/wp-content\/uploads\/2023\/10\/IMG_2297-150x150.png 150w, https:\/\/www.sg-griesingen.de\/wp-content\/uploads\/2023\/10\/IMG_2297-768x768.png 768w, https:\/\/www.sg-griesingen.de\/wp-content\/uploads\/2023\/10\/IMG_2297-1000x1000.png 1000w, https:\/\/www.sg-griesingen.de\/wp-content\/uploads\/2023\/10\/IMG_2297-230x230.png 230w, https:\/\/www.sg-griesingen.de\/wp-content\/uploads\/2023\/10\/IMG_2297-350x350.png 350w, https:\/\/www.sg-griesingen.de\/wp-content\/uploads\/2023\/10\/IMG_2297-480x480.png 480w, https:\/\/www.sg-griesingen.de\/wp-content\/uploads\/2023\/10\/IMG_2297.png 1080w\" sizes=\"auto, (max-width: 1024px) 100vw, 1024px\" \/><\/div><\/div><\/div><\/div><\/div><\/div>","protected":false},"excerpt":{"rendered":"<p>So geht\u2018s: Gehe auf den Link Vereinsshop bei Teamstolz\u00a0und suche dir deine Lieblingsteile aus. W\u00e4hle deine Gr\u00f6\u00dfe aus und f\u00fcge (wenn du m\u00f6chtest)weiter unten deinen Namen oder deine Initialen hinzu. Dann kannst du deine Lieblingsteile in den Warenkorb legen und dort bestellen und zahlen.<\/p>\n","protected":false},"author":9,"featured_media":0,"parent":0,"menu_order":0,"comment_status":"closed","ping_status":"closed","template":"page-templates\/page_fullwidth.php","meta":{"_monsterinsights_skip_tracking":false,"_monsterinsights_sitenote_active":false,"_monsterinsights_sitenote_note":"","_monsterinsights_sitenote_category":0,"footnotes":""},"class_list":["post-3099","page","type-page","status-publish","hentry"],"_links":{"self":[{"href":"https:\/\/www.sg-griesingen.de\/index.php\/wp-json\/wp\/v2\/pages\/3099","targetHints":{"allow":["GET"]}}],"collection":[{"href":"https:\/\/www.sg-griesingen.de\/index.php\/wp-json\/wp\/v2\/pages"}],"about":[{"href":"https:\/\/www.sg-griesingen.de\/index.php\/wp-json\/wp\/v2\/types\/page"}],"author":[{"embeddable":true,"href":"https:\/\/www.sg-griesingen.de\/index.php\/wp-json\/wp\/v2\/users\/9"}],"replies":[{"embeddable":true,"href":"https:\/\/www.sg-griesingen.de\/index.php\/wp-json\/wp\/v2\/comments?post=3099"}],"version-history":[{"count":3,"href":"https:\/\/www.sg-griesingen.de\/index.php\/wp-json\/wp\/v2\/pages\/3099\/revisions"}],"predecessor-version":[{"id":3103,"href":"https:\/\/www.sg-griesingen.de\/index.php\/wp-json\/wp\/v2\/pages\/3099\/revisions\/3103"}],"wp:attachment":[{"href":"https:\/\/www.sg-griesingen.de\/index.php\/wp-json\/wp\/v2\/media?parent=3099"}],"curies":[{"name":"wp","href":"https:\/\/api.w.org\/{rel}","templated":true}]}}