{"id":334,"date":"2018-05-19T18:58:40","date_gmt":"2018-05-19T16:58:40","guid":{"rendered":"https:\/\/beta.sg-griesingen.de\/?page_id=334"},"modified":"2026-01-20T20:38:38","modified_gmt":"2026-01-20T19:38:38","slug":"%f0%9f%9f%a2%e2%9a%aa%ef%b8%8felfmeterturnier%e2%9a%aa%ef%b8%8f%f0%9f%9f%a2","status":"publish","type":"page","link":"https:\/\/www.sg-griesingen.de\/index.php\/%f0%9f%9f%a2%e2%9a%aa%ef%b8%8felfmeterturnier%e2%9a%aa%ef%b8%8f%f0%9f%9f%a2\/","title":{"rendered":"Fu\u00dfball"},"content":{"rendered":"<div id=\"pl-334\"  class=\"panel-layout\" ><div id=\"pg-334-0\"  class=\"panel-grid panel-has-style\" ><div style=\"padding: 100px 0; \" data-overlay=\"true\" data-overlay-color=\"#000000\" class=\"panel-row-style panel-row-style-for-334-0\" ><div id=\"pgc-334-0-0\"  class=\"panel-grid-cell\" ><div id=\"panel-334-0-0-0\" class=\"so-panel widget widget_text panel-first-child panel-last-child\" data-index=\"0\" ><div style=\"text-align: left;\" data-title-color=\"#443f3f\" data-headings-color=\"#443f3f\" class=\"panel-widget-style panel-widget-style-for-334-0-0-0\" ><h3 class=\"widget-title\">Aktive<\/h3>\t\t\t<div class=\"textwidget\"><p><img loading=\"lazy\" decoding=\"async\" class=\"aligncenter wp-image-4236 size-full\" src=\"https:\/\/www.sg-griesingen.de\/wp-content\/uploads\/2025\/03\/Raphi-228x300-1.png\" alt=\"\" width=\"228\" height=\"300\" \/><\/p>\n<p style=\"text-align: center;\">Abteilungsleiter<\/p>\n<p style=\"text-align: center;\">Raphael Brunner<\/p>\n<p style=\"text-align: center;\">Telefon +4915770278397<\/p>\n<p style=\"text-align: center;\"><a href=\"mailto:raphael.brunner@sg-griesingen.de\">raphael.brunner@sg-griesingen.de<\/a><\/p>\n<\/div>\n\t\t<\/div><\/div><\/div><div id=\"pgc-334-0-1\"  class=\"panel-grid-cell\" ><div id=\"panel-334-0-1-0\" class=\"so-panel widget widget_sow-editor panel-first-child panel-last-child\" data-index=\"1\" ><div style=\"text-align: left;\" data-title-color=\"#443f3f\" data-headings-color=\"#443f3f\" class=\"panel-widget-style panel-widget-style-for-334-0-1-0\" ><div\n\t\t\t\n\t\t\tclass=\"so-widget-sow-editor so-widget-sow-editor-base\"\n\t\t\t\n\t\t><h3 class=\"widget-title\">Damen<\/h3>\n<div class=\"siteorigin-widget-tinymce textwidget\">\n\t<p><img loading=\"lazy\" decoding=\"async\" class=\"aligncenter wp-image-3593 size-medium\" src=\"https:\/\/www.sg-griesingen.de\/wp-content\/uploads\/2024\/05\/Illi23-228x300.jpg\" alt=\"\" width=\"228\" height=\"300\" srcset=\"https:\/\/www.sg-griesingen.de\/wp-content\/uploads\/2024\/05\/Illi23-228x300.jpg 228w, https:\/\/www.sg-griesingen.de\/wp-content\/uploads\/2024\/05\/Illi23-230x303.jpg 230w, https:\/\/www.sg-griesingen.de\/wp-content\/uploads\/2024\/05\/Illi23.jpg 234w\" sizes=\"auto, (max-width: 228px) 100vw, 228px\" \/><\/p>\n<p style=\"text-align: center;\">Ansprechpartnerin Damen<\/p>\n<p style=\"text-align: center;\">Ilenia Korth<\/p>\n<p style=\"text-align: center;\">Telefon +491703289870<\/p>\n<\/div>\n<\/div><\/div><\/div><\/div><div id=\"pgc-334-0-2\"  class=\"panel-grid-cell\" ><div id=\"panel-334-0-2-0\" class=\"so-panel widget widget_sow-editor panel-first-child panel-last-child\" data-index=\"2\" ><div style=\"text-align: left;\" data-title-color=\"#443f3f\" data-headings-color=\"#443f3f\" class=\"panel-widget-style panel-widget-style-for-334-0-2-0\" ><div\n\t\t\t\n\t\t\tclass=\"so-widget-sow-editor so-widget-sow-editor-base\"\n\t\t\t\n\t\t><h3 class=\"widget-title\">AH<\/h3>\n<div class=\"siteorigin-widget-tinymce textwidget\">\n\t<p style=\"text-align: center;\"><img loading=\"lazy\" decoding=\"async\" class=\"alignnone size-medium wp-image-4195\" src=\"https:\/\/www.sg-griesingen.de\/wp-content\/uploads\/2025\/03\/Bild-unbekannt-219x300.jpg\" alt=\"\" width=\"219\" height=\"300\" srcset=\"https:\/\/www.sg-griesingen.de\/wp-content\/uploads\/2025\/03\/Bild-unbekannt-219x300.jpg 219w, https:\/\/www.sg-griesingen.de\/wp-content\/uploads\/2025\/03\/Bild-unbekannt-748x1024.jpg 748w, https:\/\/www.sg-griesingen.de\/wp-content\/uploads\/2025\/03\/Bild-unbekannt-768x1051.jpg 768w, https:\/\/www.sg-griesingen.de\/wp-content\/uploads\/2025\/03\/Bild-unbekannt-230x315.jpg 230w, https:\/\/www.sg-griesingen.de\/wp-content\/uploads\/2025\/03\/Bild-unbekannt-350x479.jpg 350w, https:\/\/www.sg-griesingen.de\/wp-content\/uploads\/2025\/03\/Bild-unbekannt-480x657.jpg 480w, https:\/\/www.sg-griesingen.de\/wp-content\/uploads\/2025\/03\/Bild-unbekannt.jpg 800w\" sizes=\"auto, (max-width: 219px) 100vw, 219px\" \/><\/p>\n<p style=\"text-align: center;\">Ansprechpartner AH<\/p>\n<p style=\"text-align: center;\">Bernd Schuster<\/p>\n<p style=\"text-align: center;\">Telefon 017623600209<\/p>\n<\/div>\n<\/div><\/div><\/div><\/div><div id=\"pgc-334-0-3\"  class=\"panel-grid-cell\" ><div id=\"panel-334-0-3-0\" class=\"so-panel widget widget_sow-editor panel-first-child panel-last-child\" data-index=\"3\" ><div style=\"text-align: left;\" data-title-color=\"#443f3f\" data-headings-color=\"#443f3f\" class=\"panel-widget-style panel-widget-style-for-334-0-3-0\" ><div\n\t\t\t\n\t\t\tclass=\"so-widget-sow-editor so-widget-sow-editor-base\"\n\t\t\t\n\t\t><h3 class=\"widget-title\">AH<\/h3>\n<div class=\"siteorigin-widget-tinymce textwidget\">\n\t<p style=\"text-align: center;\"><img loading=\"lazy\" decoding=\"async\" class=\"alignnone size-medium wp-image-3520\" src=\"https:\/\/www.sg-griesingen.de\/wp-content\/uploads\/2024\/05\/DAN-235x300.png\" alt=\"\" width=\"235\" height=\"300\" srcset=\"https:\/\/www.sg-griesingen.de\/wp-content\/uploads\/2024\/05\/DAN-235x300.png 235w, https:\/\/www.sg-griesingen.de\/wp-content\/uploads\/2024\/05\/DAN-230x293.png 230w, https:\/\/www.sg-griesingen.de\/wp-content\/uploads\/2024\/05\/DAN.png 320w\" sizes=\"auto, (max-width: 235px) 100vw, 235px\" \/><\/p>\n<p style=\"text-align: center;\">Ansprechpartner AH<\/p>\n<p style=\"text-align: center;\">Daniel Str\u00f6bele<\/p>\n<p style=\"text-align: center;\">Telefon 01747610961<\/p>\n<\/div>\n<\/div><\/div><\/div><\/div><div id=\"pgc-334-0-4\"  class=\"panel-grid-cell\" ><div id=\"panel-334-0-4-0\" class=\"so-panel widget widget_sow-editor panel-first-child panel-last-child\" data-index=\"4\" ><div style=\"text-align: left;\" data-title-color=\"#443f3f\" data-headings-color=\"#443f3f\" class=\"panel-widget-style panel-widget-style-for-334-0-4-0\" ><div\n\t\t\t\n\t\t\tclass=\"so-widget-sow-editor so-widget-sow-editor-base\"\n\t\t\t\n\t\t><h3 class=\"widget-title\">Jugendleiter<\/h3>\n<div class=\"siteorigin-widget-tinymce textwidget\">\n\t<p style=\"text-align: center;\"><img loading=\"lazy\" decoding=\"async\" class=\"alignnone size-medium wp-image-5089\" src=\"https:\/\/www.sg-griesingen.de\/wp-content\/uploads\/2026\/01\/Leon_Lock-228x300.png\" alt=\"\" width=\"228\" height=\"300\" \/><\/p>\n<p style=\"text-align: center;\">Jugendleiter<\/p>\n<p style=\"text-align: center;\">Leon Lock<\/p>\n<p style=\"text-align: center;\">+4915788349106<\/p>\n<\/div>\n<\/div><\/div><\/div><\/div><\/div><\/div><div id=\"pg-334-1\"  class=\"panel-grid panel-has-style\" ><div style=\"padding: 0px 0; \" data-overlay=\"true\" data-overlay-color=\"#000000\" class=\"panel-row-style panel-row-style-for-334-1\" ><div id=\"pgc-334-1-0\"  class=\"panel-grid-cell\" ><div id=\"panel-334-1-0-0\" class=\"so-panel widget widget_sow-button panel-first-child panel-last-child\" data-index=\"5\" ><div style=\"text-align: left;\" data-title-color=\"#443f3f\" data-headings-color=\"#443f3f\" class=\"panel-widget-style panel-widget-style-for-334-1-0-0\" ><div\n\t\t\t\n\t\t\tclass=\"so-widget-sow-button so-widget-sow-button-flat-56ff2d752a15-334\"\n\t\t\t\n\t\t><div class=\"ow-button-base ow-button-align-center\"\n>\n\t\t\t<a\n\t\t\t\t\thref=\"https:\/\/www.sg-griesingen.de\/index.php\/aktive\/\"\n\t\t\t\t\tclass=\"sowb-button ow-icon-placement-left ow-button-hover\" \t>\n\t\t<span>\n\t\t\t\n\t\t\tAktive Herren\t\t<\/span>\n\t\t\t<\/a>\n\t<\/div>\n<\/div><\/div><\/div><\/div><div id=\"pgc-334-1-1\"  class=\"panel-grid-cell\" ><div id=\"panel-334-1-1-0\" class=\"so-panel widget widget_sow-button panel-first-child panel-last-child\" data-index=\"6\" ><div style=\"text-align: left;\" data-title-color=\"#443f3f\" data-headings-color=\"#443f3f\" class=\"panel-widget-style panel-widget-style-for-334-1-1-0\" ><div\n\t\t\t\n\t\t\tclass=\"so-widget-sow-button so-widget-sow-button-flat-56ff2d752a15-334\"\n\t\t\t\n\t\t><div class=\"ow-button-base ow-button-align-center\"\n>\n\t\t\t<a\n\t\t\t\t\thref=\"https:\/\/www.sg-griesingen.de\/index.php\/frauen\/\"\n\t\t\t\t\tclass=\"sowb-button ow-icon-placement-left ow-button-hover\" \t>\n\t\t<span>\n\t\t\t\n\t\t\tDamen\t\t<\/span>\n\t\t\t<\/a>\n\t<\/div>\n<\/div><\/div><\/div><\/div><div id=\"pgc-334-1-2\"  class=\"panel-grid-cell\" ><div id=\"panel-334-1-2-0\" class=\"so-panel widget widget_sow-button panel-first-child panel-last-child\" data-index=\"7\" ><div style=\"text-align: left;\" data-title-color=\"#443f3f\" data-headings-color=\"#443f3f\" class=\"panel-widget-style panel-widget-style-for-334-1-2-0\" ><div\n\t\t\t\n\t\t\tclass=\"so-widget-sow-button so-widget-sow-button-flat-56ff2d752a15-334\"\n\t\t\t\n\t\t><div class=\"ow-button-base ow-button-align-center\"\n>\n\t\t\t<a\n\t\t\t\t\thref=\"https:\/\/www.sg-griesingen.de\/index.php\/ah\/\"\n\t\t\t\t\tclass=\"sowb-button ow-icon-placement-left ow-button-hover\" \t>\n\t\t<span>\n\t\t\t\n\t\t\tAH\t\t<\/span>\n\t\t\t<\/a>\n\t<\/div>\n<\/div><\/div><\/div><\/div><div id=\"pgc-334-1-3\"  class=\"panel-grid-cell\" ><div id=\"panel-334-1-3-0\" class=\"so-panel widget widget_sow-button panel-first-child panel-last-child\" data-index=\"8\" ><div style=\"text-align: left;\" data-title-color=\"#443f3f\" data-headings-color=\"#443f3f\" class=\"panel-widget-style panel-widget-style-for-334-1-3-0\" ><div\n\t\t\t\n\t\t\tclass=\"so-widget-sow-button so-widget-sow-button-flat-20bd3d1b23e9-334\"\n\t\t\t\n\t\t><div class=\"ow-button-base ow-button-align-center\"\n>\n\t\t\t<a\n\t\t\t\t\thref=\"https:\/\/www.sg-griesingen.de\/index.php\/jugend\/\"\n\t\t\t\t\tclass=\"sowb-button ow-icon-placement-left ow-button-hover\" \t>\n\t\t<span>\n\t\t\t\n\t\t\tJugend\t\t<\/span>\n\t\t\t<\/a>\n\t<\/div>\n<\/div><\/div><\/div><\/div><\/div><\/div><div id=\"pg-334-2\"  class=\"panel-grid panel-has-style\" ><div style=\"padding: 0px 0; \" data-overlay=\"true\" data-overlay-color=\"#000000\" class=\"panel-row-style panel-row-style-for-334-2\" ><div id=\"pgc-334-2-0\"  class=\"panel-grid-cell\" ><div id=\"panel-334-2-0-0\" class=\"so-panel widget widget_sydney_latest_news sydney_latest_news_widget panel-first-child\" data-index=\"9\" ><div style=\"text-align: left;\" data-title-color=\"#443f3f\" data-headings-color=\"#443f3f\" class=\"panel-widget-style panel-widget-style-for-334-2-0-0\" >\t\t<h3 class=\"widget-title\">Aktuelles<\/h3>\r\n\t\t\t\t\t<div class=\"blog-post col-md-4 col-sm-6 col-xs-12\">\r\n\t\t\t\t\t\t\t<div class=\"entry-thumb\">\r\n\t\t\t\t\t<a href=\"https:\/\/www.sg-griesingen.de\/index.php\/%f0%9f%9f%a2%e2%9a%aa%ef%b8%8fhallenfussballtag%f0%9f%9f%a2%e2%9a%aa%ef%b8%8f\/\" title=\"\ud83d\udfe2\u26aa\ufe0fHallenfu\u00dfballtag\ud83d\udfe2\u26aa\ufe0f\">\r\n\t\t\t\t\t\t<img loading=\"lazy\" decoding=\"async\" width=\"267\" height=\"400\" src=\"https:\/\/www.sg-griesingen.de\/wp-content\/uploads\/2026\/01\/WhatsApp-Image-2025-12-30-at-10.35.45-e1767458311226.jpeg\" class=\"attachment-sydney-medium-thumb size-sydney-medium-thumb wp-post-image\" alt=\"\" \/>\t\t\t\t\t<\/a>\t\t\t\r\n\t\t\t\t<\/div>\t\r\n\t\t\t\t\t\t\t\t\t\r\n\t\t\t<h4 class=\"entry-title\"><a href=\"https:\/\/www.sg-griesingen.de\/index.php\/%f0%9f%9f%a2%e2%9a%aa%ef%b8%8fhallenfussballtag%f0%9f%9f%a2%e2%9a%aa%ef%b8%8f\/\" rel=\"bookmark\">\ud83d\udfe2\u26aa\ufe0fHallenfu\u00dfballtag\ud83d\udfe2\u26aa\ufe0f<\/a><\/h4>\t\t\t\t<div class=\"entry-summary\"><\/div>\r\n\t\t\t<\/div>\r\n\t\t\t\t\t<div class=\"blog-post col-md-4 col-sm-6 col-xs-12\">\r\n\t\t\t\t\t\t\t<div class=\"entry-thumb\">\r\n\t\t\t\t\t<a href=\"https:\/\/www.sg-griesingen.de\/index.php\/%f0%9f%9f%a2%e2%9a%aa%ef%b8%8fsgg-weinfest%e2%9a%aa%ef%b8%8f%f0%9f%9f%a2\/\" title=\"\ud83d\udfe2\u26aa\ufe0fSGG-Weinfest\u26aa\ufe0f\ud83d\udfe2\">\r\n\t\t\t\t\t\t<img loading=\"lazy\" decoding=\"async\" width=\"550\" height=\"400\" src=\"https:\/\/www.sg-griesingen.de\/wp-content\/uploads\/2025\/12\/WhatsApp-Image-2025-10-01-at-17.52.43-550x400.jpeg\" class=\"attachment-sydney-medium-thumb size-sydney-medium-thumb wp-post-image\" alt=\"\" \/>\t\t\t\t\t<\/a>\t\t\t\r\n\t\t\t\t<\/div>\t\r\n\t\t\t\t\t\t\t\t\t\r\n\t\t\t<h4 class=\"entry-title\"><a href=\"https:\/\/www.sg-griesingen.de\/index.php\/%f0%9f%9f%a2%e2%9a%aa%ef%b8%8fsgg-weinfest%e2%9a%aa%ef%b8%8f%f0%9f%9f%a2\/\" rel=\"bookmark\">\ud83d\udfe2\u26aa\ufe0fSGG-Weinfest\u26aa\ufe0f\ud83d\udfe2<\/a><\/h4>\t\t\t\t<div class=\"entry-summary\"><p>Liebe Weinfreunde, markiert den 25. Oktober im Kalender!\ud83c\udf47\ud83c\udf77 Die SGG, Abteilung Fu\u00dfball l\u00e4dt euch herzlich zum traditionellen Weinfest ein. Es erwarten euch erlesene Weine und leckere Speisen. F\u00fcr gute Stimmung und Musik ist nat\u00fcrlich auch gesorgt\ud83c\udfb6 Kommt vorbei, bringt Freunde mit und lasst uns gemeinsam ansto\u00dfen!\ud83c\udf77\u2728 Wir freuen uns auf euch! \ud83e\udd73<\/p>\n<\/div>\r\n\t\t\t<\/div>\r\n\t\t\t\t\t<div class=\"blog-post col-md-4 col-sm-6 col-xs-12\">\r\n\t\t\t\t\t\t\t<div class=\"entry-thumb\">\r\n\t\t\t\t\t<a href=\"https:\/\/www.sg-griesingen.de\/index.php\/%f0%9f%9f%a2%e2%9a%aa%ef%b8%8felfmeterturnier%e2%9a%aa%ef%b8%8f%f0%9f%9f%a2\/\" title=\"\ud83d\udfe2\u26aa\ufe0fElfmeter-Turnier\u26aa\ufe0f\ud83d\udfe2\">\r\n\t\t\t\t\t\t<img loading=\"lazy\" decoding=\"async\" width=\"550\" height=\"400\" src=\"https:\/\/www.sg-griesingen.de\/wp-content\/uploads\/2025\/06\/WhatsApp-Image-2025-05-22-at-14.41.52-550x400.jpeg\" class=\"attachment-sydney-medium-thumb size-sydney-medium-thumb wp-post-image\" alt=\"\" \/>\t\t\t\t\t<\/a>\t\t\t\r\n\t\t\t\t<\/div>\t\r\n\t\t\t\t\t\t\t\t\t\r\n\t\t\t<h4 class=\"entry-title\"><a href=\"https:\/\/www.sg-griesingen.de\/index.php\/%f0%9f%9f%a2%e2%9a%aa%ef%b8%8felfmeterturnier%e2%9a%aa%ef%b8%8f%f0%9f%9f%a2\/\" rel=\"bookmark\">\ud83d\udfe2\u26aa\ufe0fElfmeter-Turnier\u26aa\ufe0f\ud83d\udfe2<\/a><\/h4>\t\t\t\t<div class=\"entry-summary\"><\/div>\r\n\t\t\t<\/div>\r\n\t\t\r\n\t\t\t\t\t\t\t<a href=\"https:\/\/www.sg-griesingen.de\/index.php\/category\/fussball\/\" class=\"roll-button more-button\">alle Beitr\u00e4ge<\/a>\r\n\t\t\t\t\r\n\t<\/div><\/div><div id=\"panel-334-2-0-1\" class=\"so-panel widget widget_ifdw_fubade_widget\" data-index=\"10\" ><div style=\"text-align: left;\" data-title-color=\"#443f3f\" data-headings-color=\"#443f3f\" class=\"panel-widget-style panel-widget-style-for-334-2-0-1\" >\n<h3 class=\"widget-title\"><\/h3>\n<div id=\"fubade-43-LUIU8\" class=\"include-fussball-de-widgets\">\n\t<iframe src='\/\/www.fussball.de\/widget2\/-\/schluessel\/02KJQE6N5G000000VUM1DNP8VUOLUIU8\/target\/fubade-43-LUIU8\/caller\/www.sg-griesingen.de' width='900px' height='100%' scrolling='no' style='border: 1px solid #CECECE; overflow: hidden; min-height: 200px;'><\/iframe>\n<\/div>\n<\/div><\/div>\n<\/div><\/div><\/div><div id=\"pg-334-3\"  class=\"panel-grid panel-has-style\" ><div style=\"padding: 100px 0; \" data-overlay=\"true\" data-overlay-color=\"#000000\" class=\"panel-row-style panel-row-style-for-334-3\" ><div id=\"pgc-334-3-0\"  class=\"panel-grid-cell panel-grid-cell-empty\" ><\/div><\/div><\/div><div id=\"pg-334-4\"  class=\"panel-grid panel-has-style\" ><div style=\"padding: 100px 0; \" data-overlay=\"true\" data-overlay-color=\"#000000\" class=\"panel-row-style panel-row-style-for-334-4\" ><div id=\"pgc-334-4-0\"  class=\"panel-grid-cell panel-grid-cell-empty\" ><\/div><\/div><\/div><\/div>","protected":false},"excerpt":{"rendered":"<p>Abteilungsleiter Raphael Brunner Telefon +4915770278397 raphael.brunner@sg-griesingen.de Ansprechpartnerin Damen Ilenia Korth Telefon +491703289870 Ansprechpartner AH Bernd Schuster Telefon 017623600209 Ansprechpartner AH Daniel Str\u00f6bele Telefon 01747610961 Jugendleiter Leon Lock +4915788349106<\/p>\n","protected":false},"author":11,"featured_media":0,"parent":0,"menu_order":0,"comment_status":"open","ping_status":"open","template":"page-templates\/page_fullwidth.php","meta":{"_monsterinsights_skip_tracking":false,"_monsterinsights_sitenote_active":false,"_monsterinsights_sitenote_note":"","_monsterinsights_sitenote_category":0,"footnotes":""},"class_list":["post-334","page","type-page","status-publish","hentry"],"_links":{"self":[{"href":"https:\/\/www.sg-griesingen.de\/index.php\/wp-json\/wp\/v2\/pages\/334","targetHints":{"allow":["GET"]}}],"collection":[{"href":"https:\/\/www.sg-griesingen.de\/index.php\/wp-json\/wp\/v2\/pages"}],"about":[{"href":"https:\/\/www.sg-griesingen.de\/index.php\/wp-json\/wp\/v2\/types\/page"}],"author":[{"embeddable":true,"href":"https:\/\/www.sg-griesingen.de\/index.php\/wp-json\/wp\/v2\/users\/11"}],"replies":[{"embeddable":true,"href":"https:\/\/www.sg-griesingen.de\/index.php\/wp-json\/wp\/v2\/comments?post=334"}],"version-history":[{"count":419,"href":"https:\/\/www.sg-griesingen.de\/index.php\/wp-json\/wp\/v2\/pages\/334\/revisions"}],"predecessor-version":[{"id":5102,"href":"https:\/\/www.sg-griesingen.de\/index.php\/wp-json\/wp\/v2\/pages\/334\/revisions\/5102"}],"wp:attachment":[{"href":"https:\/\/www.sg-griesingen.de\/index.php\/wp-json\/wp\/v2\/media?parent=334"}],"curies":[{"name":"wp","href":"https:\/\/api.w.org\/{rel}","templated":true}]}}