{"id":336,"date":"2018-05-19T18:58:54","date_gmt":"2018-05-19T16:58:54","guid":{"rendered":"https:\/\/beta.sg-griesingen.de\/?page_id=336"},"modified":"2025-10-16T19:41:38","modified_gmt":"2025-10-16T17:41:38","slug":"kinder-toben-durch-die-turnhalle","status":"publish","type":"page","link":"https:\/\/www.sg-griesingen.de\/index.php\/kinder-toben-durch-die-turnhalle\/","title":{"rendered":"Gymnastik &#038; Kurse"},"content":{"rendered":"<div id=\"pl-336\"  class=\"panel-layout\" ><div id=\"pg-336-0\"  class=\"panel-grid panel-has-style\" ><div style=\"padding: 100px 0; \" data-overlay=\"true\" data-overlay-color=\"#000000\" class=\"panel-row-style panel-row-style-for-336-0\" ><div id=\"pgc-336-0-0\"  class=\"panel-grid-cell\" ><div id=\"panel-336-0-0-0\" class=\"so-panel widget widget_sow-button panel-first-child panel-last-child\" data-index=\"0\" ><div style=\"text-align: left;\" data-title-color=\"#443f3f\" data-headings-color=\"#443f3f\" class=\"panel-widget-style panel-widget-style-for-336-0-0-0\" ><div\n\t\t\t\n\t\t\tclass=\"so-widget-sow-button so-widget-sow-button-flat-6e34a46f16d0-336\"\n\t\t\t\n\t\t><div class=\"ow-button-base ow-button-align-center\"\n>\n\t\t\t<a\n\t\t\t\t\thref=\"https:\/\/www.sg-griesingen.de\/index.php\/gymnastik\/\"\n\t\t\t\t\tclass=\"sowb-button ow-icon-placement-left ow-button-hover\" \t>\n\t\t<span>\n\t\t\t\n\t\t\tGymnastik\t\t<\/span>\n\t\t\t<\/a>\n\t<\/div>\n<\/div><\/div><\/div><\/div><div id=\"pgc-336-0-1\"  class=\"panel-grid-cell\" ><div id=\"panel-336-0-1-0\" class=\"so-panel widget widget_sow-button panel-first-child panel-last-child\" data-index=\"1\" ><div style=\"text-align: left;\" data-title-color=\"#443f3f\" data-headings-color=\"#443f3f\" class=\"panel-widget-style panel-widget-style-for-336-0-1-0\" ><div\n\t\t\t\n\t\t\tclass=\"so-widget-sow-button so-widget-sow-button-flat-359adb2857b6-336\"\n\t\t\t\n\t\t><div class=\"ow-button-base ow-button-align-center\"\n>\n\t\t\t<a\n\t\t\t\t\thref=\"https:\/\/www.sg-griesingen.de\/index.php\/kurse\/\"\n\t\t\t\t\tclass=\"sowb-button ow-icon-placement-left ow-button-hover\" \t>\n\t\t<span>\n\t\t\t\n\t\t\tKurse\t\t<\/span>\n\t\t\t<\/a>\n\t<\/div>\n<\/div><\/div><\/div><\/div><\/div><\/div><div id=\"pg-336-1\"  class=\"panel-grid panel-has-style\" ><div style=\"padding: 100px 0; \" data-overlay=\"true\" data-overlay-color=\"#000000\" class=\"panel-row-style panel-row-style-for-336-1\" ><div id=\"pgc-336-1-0\"  class=\"panel-grid-cell\" ><div id=\"panel-336-1-0-0\" class=\"so-panel widget widget_black-studio-tinymce widget_black_studio_tinymce panel-first-child\" data-index=\"2\" ><div style=\"text-align: left;\" data-title-color=\"#443f3f\" data-headings-color=\"#443f3f\" class=\"panel-widget-style panel-widget-style-for-336-1-0-0\" ><div class=\"textwidget\"><p>Die Gymnastikabteilung der SG besteht aus zwei Gymnastikgruppen und Fit \u00fcber 60 und hat somit f\u00fcr alle Altersstufen passende Angebote. Die Kursangebote\u00a0 im Fr\u00fchjahr und Herbst\u00a0 k\u00f6nnen auch von Nicht-Mitgliedern besucht werden.<\/p>\n<\/div><\/div><\/div><div id=\"panel-336-1-0-1\" class=\"so-panel widget widget_black-studio-tinymce widget_black_studio_tinymce panel-last-child\" data-index=\"3\" ><div style=\"text-align: left;\" data-title-color=\"#443f3f\" data-headings-color=\"#443f3f\" class=\"panel-widget-style panel-widget-style-for-336-1-0-1\" ><h3 class=\"widget-title\">Unsere Kurs- und Gymnastikleiter<\/h3><div class=\"textwidget\"><p><img loading=\"lazy\" decoding=\"async\" class=\"wp-image-3621 aligncenter\" src=\"https:\/\/www.sg-griesingen.de\/wp-content\/uploads\/2024\/05\/Kursleiter-300x197.png\" alt=\"\" width=\"819\" height=\"538\" srcset=\"https:\/\/www.sg-griesingen.de\/wp-content\/uploads\/2024\/05\/Kursleiter-300x197.png 300w, https:\/\/www.sg-griesingen.de\/wp-content\/uploads\/2024\/05\/Kursleiter-1024x673.png 1024w, https:\/\/www.sg-griesingen.de\/wp-content\/uploads\/2024\/05\/Kursleiter-768x504.png 768w, https:\/\/www.sg-griesingen.de\/wp-content\/uploads\/2024\/05\/Kursleiter-1000x657.png 1000w, https:\/\/www.sg-griesingen.de\/wp-content\/uploads\/2024\/05\/Kursleiter-230x151.png 230w, https:\/\/www.sg-griesingen.de\/wp-content\/uploads\/2024\/05\/Kursleiter-350x230.png 350w, https:\/\/www.sg-griesingen.de\/wp-content\/uploads\/2024\/05\/Kursleiter-480x315.png 480w, https:\/\/www.sg-griesingen.de\/wp-content\/uploads\/2024\/05\/Kursleiter.png 1119w\" sizes=\"auto, (max-width: 819px) 100vw, 819px\" \/><\/p>\n<\/div><\/div><\/div><\/div><\/div><\/div><div id=\"pg-336-2\"  class=\"panel-grid panel-has-style\" ><div style=\"padding: 100px 0; \" data-overlay=\"true\" data-overlay-color=\"#000000\" class=\"panel-row-style panel-row-style-for-336-2\" ><div id=\"pgc-336-2-0\"  class=\"panel-grid-cell\" ><div id=\"panel-336-2-0-0\" class=\"so-panel widget widget_sydney_latest_news sydney_latest_news_widget panel-first-child panel-last-child\" data-index=\"4\" ><div style=\"text-align: left;\" data-title-color=\"#443f3f\" data-headings-color=\"#443f3f\" class=\"panel-widget-style panel-widget-style-for-336-2-0-0\" >\t\t<h3 class=\"widget-title\">Aktuelles<\/h3>\r\n\t\t\t\t\t<div class=\"blog-post col-md-4 col-sm-6 col-xs-12\">\r\n\t\t\t\t\t\t\t<div class=\"entry-thumb\">\r\n\t\t\t\t\t<a href=\"https:\/\/www.sg-griesingen.de\/index.php\/%f0%9f%9f%a2%e2%9a%aa%ef%b8%8f1-move-day%e2%9a%aa%ef%b8%8f%f0%9f%9f%a2\/\" title=\"\ud83d\udfe2\u26aa\ufe0f1. Move Day\u26aa\ufe0f\ud83d\udfe2\">\r\n\t\t\t\t\t\t<img loading=\"lazy\" decoding=\"async\" width=\"550\" height=\"400\" src=\"https:\/\/www.sg-griesingen.de\/wp-content\/uploads\/2026\/03\/WhatsApp-Image-2026-03-17-at-09.10.37-550x400.jpeg\" class=\"attachment-sydney-medium-thumb size-sydney-medium-thumb wp-post-image\" alt=\"\" \/>\t\t\t\t\t<\/a>\t\t\t\r\n\t\t\t\t<\/div>\t\r\n\t\t\t\t\t\t\t\t\t\r\n\t\t\t<h4 class=\"entry-title\"><a href=\"https:\/\/www.sg-griesingen.de\/index.php\/%f0%9f%9f%a2%e2%9a%aa%ef%b8%8f1-move-day%e2%9a%aa%ef%b8%8f%f0%9f%9f%a2\/\" rel=\"bookmark\">\ud83d\udfe2\u26aa\ufe0f1. Move Day\u26aa\ufe0f\ud83d\udfe2<\/a><\/h4>\t\t\t\t<div class=\"entry-summary\"><p>1. MOVE DAY \u2013 21.03.2026 Am 21. M\u00e4rz 2026 verwandelt sich die Mehrzweckhalle Griesingen in eine B\u00fchne f\u00fcr Tanz, Energie und Begeisterung: Der 1. MOVE DAY der SG Griesingen e.V. steht an. Insgesamt 16 Kinder- und Jugendtanzgruppen pr\u00e4sentieren ihre mit viel Herzblut einstudierten Showt\u00e4nze und sorgen f\u00fcr ein abwechslungsreiches Programm voller Bewegung, Kreativit\u00e4t und Teamgeist. [&hellip;]<\/p>\n<\/div>\r\n\t\t\t<\/div>\r\n\t\t\t\t\t<div class=\"blog-post col-md-4 col-sm-6 col-xs-12\">\r\n\t\t\t\t\t\t\t<div class=\"entry-thumb\">\r\n\t\t\t\t\t<a href=\"https:\/\/www.sg-griesingen.de\/index.php\/%f0%9f%9f%a2%e2%9a%aa%ef%b8%8ffrauenfruehstueck-des-turngau-ulm%e2%9a%aa%ef%b8%8f%f0%9f%9f%a2\/\" title=\"\ud83d\udfe2\u26aa\ufe0fFrauenfr\u00fchst\u00fcck des Turngau Ulm\u26aa\ufe0f\ud83d\udfe2\">\r\n\t\t\t\t\t\t<img loading=\"lazy\" decoding=\"async\" width=\"550\" height=\"400\" src=\"https:\/\/www.sg-griesingen.de\/wp-content\/uploads\/2026\/01\/WhatsApp-Image-2026-01-11-at-14.34.53-550x400.jpeg\" class=\"attachment-sydney-medium-thumb size-sydney-medium-thumb wp-post-image\" alt=\"\" \/>\t\t\t\t\t<\/a>\t\t\t\r\n\t\t\t\t<\/div>\t\r\n\t\t\t\t\t\t\t\t\t\r\n\t\t\t<h4 class=\"entry-title\"><a href=\"https:\/\/www.sg-griesingen.de\/index.php\/%f0%9f%9f%a2%e2%9a%aa%ef%b8%8ffrauenfruehstueck-des-turngau-ulm%e2%9a%aa%ef%b8%8f%f0%9f%9f%a2\/\" rel=\"bookmark\">\ud83d\udfe2\u26aa\ufe0fFrauenfr\u00fchst\u00fcck des Turngau Ulm\u26aa\ufe0f\ud83d\udfe2<\/a><\/h4>\t\t\t\t<div class=\"entry-summary\"><p>Herzliche Einladung zum Frauenfr\u00fchst\u00fcck des Turngau Ulm bei der SGG! Ein gemeinsamer Sonntagvormittag voller Genuss, Austausch und Inspiration\u2728 Neben einem leckeren Fr\u00fchst\u00fcck laden wir zu einem aktiven Kurzvortrag \u201eFit mit Filz&#8220; ein. Kombiniert werden einfache Bewegungs\u00fcbungen mit gezieltem Gehirntraining. Nebenbei werden Beweglichkeit, Konzentration, Orientierung und Denkflexibilit\u00e4t geschult. Egal, ob jung oder alt, ob fit oder [&hellip;]<\/p>\n<\/div>\r\n\t\t\t<\/div>\r\n\t\t\t\t\t<div class=\"blog-post col-md-4 col-sm-6 col-xs-12\">\r\n\t\t\t\t\t\t\t<div class=\"entry-thumb\">\r\n\t\t\t\t\t<a href=\"https:\/\/www.sg-griesingen.de\/index.php\/aenderungen-corona-uebungsstunden-gruppe-2-und-3\/\" title=\"\u00c4nderungen Corona \u00dcbungsstunden Gruppe 2 und 3\">\r\n\t\t\t\t\t\t<img loading=\"lazy\" decoding=\"async\" width=\"550\" height=\"400\" src=\"https:\/\/www.sg-griesingen.de\/wp-content\/uploads\/2020\/10\/giulia-may-8JFMYz-a8Xo-unsplash-550x400.jpg\" class=\"attachment-sydney-medium-thumb size-sydney-medium-thumb wp-post-image\" alt=\"\" \/>\t\t\t\t\t<\/a>\t\t\t\r\n\t\t\t\t<\/div>\t\r\n\t\t\t\t\t\t\t\t\t\r\n\t\t\t<h4 class=\"entry-title\"><a href=\"https:\/\/www.sg-griesingen.de\/index.php\/aenderungen-corona-uebungsstunden-gruppe-2-und-3\/\" rel=\"bookmark\">\u00c4nderungen Corona \u00dcbungsstunden Gruppe 2 und 3<\/a><\/h4>\t\t\t\t<div class=\"entry-summary\"><p>Aus Gr\u00fcnden der aktuell steigenden Infektionszahlen gibt es folgende \u00c4nderungenin den Gymnastikstunden. Gymnastik Gruppe 2 beginnt k\u00fcnftig um 18 Uhr Gymnastik Gruppe 3 wird auf 2 Gruppenaufgeteilt, die 1. Gruppe beginnt um 19.15 Uhr und die 2. Gruppe beginnt um 20.15 Uhr. Die Stunden sind auf 45 Minuten festgelegt. Die Gruppeneinteilung erfolgt \u00fcber die WhatsApp-Gruppe. [&hellip;]<\/p>\n<\/div>\r\n\t\t\t<\/div>\r\n\t\t\r\n\t\t\t\t\t\t\t<a href=\"https:\/\/www.sg-griesingen.de\/index.php\/category\/gymnastik-tanz\/\" class=\"roll-button more-button\">alle Beitr\u00e4ge<\/a>\r\n\t\t\t\t\r\n\t<\/div><\/div><\/div><\/div><\/div><\/div>","protected":false},"excerpt":{"rendered":"<p>Die Gymnastikabteilung der SG besteht aus zwei Gymnastikgruppen und Fit \u00fcber 60 und hat somit f\u00fcr alle Altersstufen passende Angebote. Die Kursangebote\u00a0 im Fr\u00fchjahr und Herbst\u00a0 k\u00f6nnen auch von Nicht-Mitgliedern besucht werden.<\/p>\n","protected":false},"author":1,"featured_media":0,"parent":0,"menu_order":0,"comment_status":"open","ping_status":"open","template":"page-templates\/page_fullwidth.php","meta":{"_monsterinsights_skip_tracking":false,"_monsterinsights_sitenote_active":false,"_monsterinsights_sitenote_note":"","_monsterinsights_sitenote_category":0,"footnotes":""},"class_list":["post-336","page","type-page","status-publish","hentry"],"_links":{"self":[{"href":"https:\/\/www.sg-griesingen.de\/index.php\/wp-json\/wp\/v2\/pages\/336","targetHints":{"allow":["GET"]}}],"collection":[{"href":"https:\/\/www.sg-griesingen.de\/index.php\/wp-json\/wp\/v2\/pages"}],"about":[{"href":"https:\/\/www.sg-griesingen.de\/index.php\/wp-json\/wp\/v2\/types\/page"}],"author":[{"embeddable":true,"href":"https:\/\/www.sg-griesingen.de\/index.php\/wp-json\/wp\/v2\/users\/1"}],"replies":[{"embeddable":true,"href":"https:\/\/www.sg-griesingen.de\/index.php\/wp-json\/wp\/v2\/comments?post=336"}],"version-history":[{"count":96,"href":"https:\/\/www.sg-griesingen.de\/index.php\/wp-json\/wp\/v2\/pages\/336\/revisions"}],"predecessor-version":[{"id":5000,"href":"https:\/\/www.sg-griesingen.de\/index.php\/wp-json\/wp\/v2\/pages\/336\/revisions\/5000"}],"wp:attachment":[{"href":"https:\/\/www.sg-griesingen.de\/index.php\/wp-json\/wp\/v2\/media?parent=336"}],"curies":[{"name":"wp","href":"https:\/\/api.w.org\/{rel}","templated":true}]}}