{"id":340,"date":"2018-05-19T18:59:09","date_gmt":"2018-05-19T16:59:09","guid":{"rendered":"https:\/\/beta.sg-griesingen.de\/?page_id=340"},"modified":"2025-10-16T19:56:26","modified_gmt":"2025-10-16T17:56:26","slug":"wandertage-der-jedermaenner","status":"publish","type":"page","link":"https:\/\/www.sg-griesingen.de\/index.php\/wandertage-der-jedermaenner\/","title":{"rendered":"Jederm\u00e4nner"},"content":{"rendered":"<div id=\"pl-340\"  class=\"panel-layout\" ><div id=\"pg-340-0\"  class=\"panel-grid panel-has-style\" ><div style=\"padding: 100px 0; \" data-overlay=\"true\" data-overlay-color=\"#000000\" class=\"panel-row-style panel-row-style-for-340-0\" ><div id=\"pgc-340-0-0\"  class=\"panel-grid-cell\" ><div id=\"panel-340-0-0-0\" class=\"so-panel widget widget_black-studio-tinymce widget_black_studio_tinymce panel-first-child panel-last-child\" data-index=\"0\" ><div style=\"text-align: center;\" data-title-color=\"#443f3f\" data-headings-color=\"#443f3f\" class=\"panel-widget-style panel-widget-style-for-340-0-0-0\" ><h3 class=\"widget-title\">Ansprechpartner<\/h3><div class=\"textwidget\"><p><img loading=\"lazy\" decoding=\"async\" class=\"size-medium wp-image-3610 aligncenter\" src=\"https:\/\/www.sg-griesingen.de\/wp-content\/uploads\/2024\/05\/Siege-238x300.png\" alt=\"\" width=\"238\" height=\"300\" srcset=\"https:\/\/www.sg-griesingen.de\/wp-content\/uploads\/2024\/05\/Siege-238x300.png 238w, https:\/\/www.sg-griesingen.de\/wp-content\/uploads\/2024\/05\/Siege-230x290.png 230w, https:\/\/www.sg-griesingen.de\/wp-content\/uploads\/2024\/05\/Siege.png 280w\" sizes=\"auto, (max-width: 238px) 100vw, 238px\" \/><\/p>\n<p style=\"text-align: center;\">Siegfried Rieder<br \/>\nTel. 01577 \/ 0522764<br \/>\n<a href=\"mailto:siegfried.rieder@sg-griesingen.de\">siegfried.rieder@sg-griesingen.de<\/a><\/p>\n<\/div><\/div><\/div><\/div><div id=\"pgc-340-0-1\"  class=\"panel-grid-cell\" ><div id=\"panel-340-0-1-0\" class=\"so-panel widget widget_black-studio-tinymce widget_black_studio_tinymce panel-first-child panel-last-child\" data-index=\"1\" ><div style=\"text-align: center;\" data-title-color=\"#443f3f\" data-headings-color=\"#443f3f\" class=\"panel-widget-style panel-widget-style-for-340-0-1-0\" ><div class=\"textwidget\"><p>&nbsp;<\/p>\n<p>&nbsp;<\/p>\n<p>&nbsp;<\/p>\n<h6>Radfahren (Mai bis September)<\/h6>\n<table>\n<tbody>\n<tr>\n<td style=\"text-align: center;\" width=\"145\">Wann:<\/td>\n<td width=\"456\">\n<p style=\"text-align: center;\">Freitag 17:30 Uhr<\/p>\n<\/td>\n<\/tr>\n<tr>\n<td style=\"text-align: center;\">Treffpunkt:<\/td>\n<td style=\"text-align: center;\">\u00a0Mehrzweckhalle Griesingen<\/td>\n<\/tr>\n<\/tbody>\n<\/table>\n<p>&nbsp;<\/p>\n<h6>Rennrad (Juni bis September)<\/h6>\n<table>\n<tbody>\n<tr>\n<td style=\"text-align: center;\" width=\"145\">Wann:<\/td>\n<td width=\"456\">\n<p style=\"text-align: center;\">\u00a0jeden zweiten Mittwoch um 18:00 Uhr<\/p>\n<\/td>\n<\/tr>\n<tr>\n<td style=\"text-align: center;\">Treffpunkt:<\/td>\n<td style=\"text-align: center;\">\u00a0Mehrzweckhalle Griesingen<\/td>\n<\/tr>\n<\/tbody>\n<\/table>\n<p>&nbsp;<\/p>\n<h6>\u00a0\u00a0\u00dcbungsabende (Oktober bis April)<\/h6>\n<table>\n<tbody>\n<tr>\n<td style=\"text-align: center;\" width=\"145\">Trainingszeiten:<\/td>\n<td width=\"456\">\n<p style=\"text-align: center;\">Mittwoch 19:00 - 20:00 Uhr<\/p>\n<\/td>\n<\/tr>\n<tr>\n<td style=\"text-align: center;\">Ort:<\/td>\n<td style=\"text-align: center;\">\u00a0Mehrzweckhalle Griesingen<\/td>\n<\/tr>\n<\/tbody>\n<\/table>\n<p>&nbsp;<\/p>\n<\/div><\/div><\/div><\/div><\/div><\/div><div id=\"pg-340-1\"  class=\"panel-grid panel-has-style\" ><div style=\"padding: 100px 0; \" data-overlay=\"true\" data-overlay-color=\"#000000\" class=\"panel-row-style panel-row-style-for-340-1\" ><div id=\"pgc-340-1-0\"  class=\"panel-grid-cell\" ><div id=\"panel-340-1-0-0\" class=\"so-panel widget widget_black-studio-tinymce widget_black_studio_tinymce panel-first-child\" data-index=\"2\" ><div style=\"text-align: center;\" data-title-color=\"#443f3f\" data-headings-color=\"#443f3f\" class=\"panel-widget-style panel-widget-style-for-340-1-0-0\" ><h3 class=\"widget-title\">Wanderausflug<\/h3><div class=\"textwidget\"><p><img loading=\"lazy\" decoding=\"async\" class=\"aligncenter wp-image-3613\" src=\"https:\/\/www.sg-griesingen.de\/wp-content\/uploads\/2024\/05\/vvvvv-300x225.jpg\" alt=\"\" width=\"800\" height=\"600\" srcset=\"https:\/\/www.sg-griesingen.de\/wp-content\/uploads\/2024\/05\/vvvvv-300x225.jpg 300w, https:\/\/www.sg-griesingen.de\/wp-content\/uploads\/2024\/05\/vvvvv-1024x768.jpg 1024w, https:\/\/www.sg-griesingen.de\/wp-content\/uploads\/2024\/05\/vvvvv-768x576.jpg 768w, https:\/\/www.sg-griesingen.de\/wp-content\/uploads\/2024\/05\/vvvvv-1536x1152.jpg 1536w, https:\/\/www.sg-griesingen.de\/wp-content\/uploads\/2024\/05\/vvvvv-2048x1536.jpg 2048w, https:\/\/www.sg-griesingen.de\/wp-content\/uploads\/2024\/05\/vvvvv-1000x750.jpg 1000w, https:\/\/www.sg-griesingen.de\/wp-content\/uploads\/2024\/05\/vvvvv-230x173.jpg 230w, https:\/\/www.sg-griesingen.de\/wp-content\/uploads\/2024\/05\/vvvvv-350x263.jpg 350w, https:\/\/www.sg-griesingen.de\/wp-content\/uploads\/2024\/05\/vvvvv-480x360.jpg 480w\" sizes=\"auto, (max-width: 800px) 100vw, 800px\" \/><\/p>\n<\/div><\/div><\/div><div id=\"panel-340-1-0-1\" class=\"so-panel widget widget_black-studio-tinymce widget_black_studio_tinymce\" data-index=\"3\" ><div style=\"text-align: center;\" data-title-color=\"#443f3f\" data-headings-color=\"#443f3f\" class=\"panel-widget-style panel-widget-style-for-340-1-0-1\" ><h3 class=\"widget-title\">Rennradtour &#8211; jeden 2 Mittwoch<\/h3><div class=\"textwidget\"><p><img loading=\"lazy\" decoding=\"async\" class=\"aligncenter wp-image-3615\" src=\"https:\/\/www.sg-griesingen.de\/wp-content\/uploads\/2024\/05\/v-300x169.jpg\" alt=\"\" width=\"800\" height=\"450\" srcset=\"https:\/\/www.sg-griesingen.de\/wp-content\/uploads\/2024\/05\/v-300x169.jpg 300w, https:\/\/www.sg-griesingen.de\/wp-content\/uploads\/2024\/05\/v-1024x576.jpg 1024w, https:\/\/www.sg-griesingen.de\/wp-content\/uploads\/2024\/05\/v-768x432.jpg 768w, https:\/\/www.sg-griesingen.de\/wp-content\/uploads\/2024\/05\/v-1536x864.jpg 1536w, https:\/\/www.sg-griesingen.de\/wp-content\/uploads\/2024\/05\/v-1000x563.jpg 1000w, https:\/\/www.sg-griesingen.de\/wp-content\/uploads\/2024\/05\/v-230x129.jpg 230w, https:\/\/www.sg-griesingen.de\/wp-content\/uploads\/2024\/05\/v-350x197.jpg 350w, https:\/\/www.sg-griesingen.de\/wp-content\/uploads\/2024\/05\/v-480x270.jpg 480w, https:\/\/www.sg-griesingen.de\/wp-content\/uploads\/2024\/05\/v.jpg 2016w\" sizes=\"auto, (max-width: 800px) 100vw, 800px\" \/><\/p>\n<\/div><\/div><\/div><div id=\"panel-340-1-0-2\" class=\"so-panel widget widget_black-studio-tinymce widget_black_studio_tinymce panel-last-child\" data-index=\"4\" ><div style=\"text-align: center;\" data-title-color=\"#443f3f\" data-headings-color=\"#443f3f\" class=\"panel-widget-style panel-widget-style-for-340-1-0-2\" ><h3 class=\"widget-title\">Fahrradausfahrt &#8211; jeden Freitag<\/h3><div class=\"textwidget\"><p><img loading=\"lazy\" decoding=\"async\" class=\"wp-image-3614 aligncenter\" src=\"https:\/\/www.sg-griesingen.de\/wp-content\/uploads\/2024\/05\/vvv-225x300.jpg\" alt=\"\" width=\"600\" height=\"800\" srcset=\"https:\/\/www.sg-griesingen.de\/wp-content\/uploads\/2024\/05\/vvv-225x300.jpg 225w, https:\/\/www.sg-griesingen.de\/wp-content\/uploads\/2024\/05\/vvv-768x1024.jpg 768w, https:\/\/www.sg-griesingen.de\/wp-content\/uploads\/2024\/05\/vvv-1152x1536.jpg 1152w, https:\/\/www.sg-griesingen.de\/wp-content\/uploads\/2024\/05\/vvv-1536x2048.jpg 1536w, https:\/\/www.sg-griesingen.de\/wp-content\/uploads\/2024\/05\/vvv-1000x1333.jpg 1000w, https:\/\/www.sg-griesingen.de\/wp-content\/uploads\/2024\/05\/vvv-230x307.jpg 230w, https:\/\/www.sg-griesingen.de\/wp-content\/uploads\/2024\/05\/vvv-350x467.jpg 350w, https:\/\/www.sg-griesingen.de\/wp-content\/uploads\/2024\/05\/vvv-480x640.jpg 480w, https:\/\/www.sg-griesingen.de\/wp-content\/uploads\/2024\/05\/vvv-scaled.jpg 1920w\" sizes=\"auto, (max-width: 600px) 100vw, 600px\" \/><\/p>\n<p><img loading=\"lazy\" decoding=\"async\" class=\"wp-image-3612 aligncenter\" src=\"https:\/\/www.sg-griesingen.de\/wp-content\/uploads\/2024\/05\/vv-300x148.jpg\" alt=\"\" width=\"600\" height=\"296\" srcset=\"https:\/\/www.sg-griesingen.de\/wp-content\/uploads\/2024\/05\/vv-300x148.jpg 300w, https:\/\/www.sg-griesingen.de\/wp-content\/uploads\/2024\/05\/vv-1024x505.jpg 1024w, https:\/\/www.sg-griesingen.de\/wp-content\/uploads\/2024\/05\/vv-768x379.jpg 768w, https:\/\/www.sg-griesingen.de\/wp-content\/uploads\/2024\/05\/vv-1536x757.jpg 1536w, https:\/\/www.sg-griesingen.de\/wp-content\/uploads\/2024\/05\/vv-2048x1010.jpg 2048w, https:\/\/www.sg-griesingen.de\/wp-content\/uploads\/2024\/05\/vv-1000x493.jpg 1000w, https:\/\/www.sg-griesingen.de\/wp-content\/uploads\/2024\/05\/vv-230x113.jpg 230w, https:\/\/www.sg-griesingen.de\/wp-content\/uploads\/2024\/05\/vv-350x173.jpg 350w, https:\/\/www.sg-griesingen.de\/wp-content\/uploads\/2024\/05\/vv-480x237.jpg 480w\" sizes=\"auto, (max-width: 600px) 100vw, 600px\" \/><\/p>\n<\/div><\/div><\/div><\/div><\/div><\/div><div id=\"pg-340-2\"  class=\"panel-grid panel-has-style\" ><div style=\"padding: 100px 0; \" data-overlay=\"true\" data-overlay-color=\"#000000\" class=\"panel-row-style panel-row-style-for-340-2\" ><div id=\"pgc-340-2-0\"  class=\"panel-grid-cell\" ><div id=\"panel-340-2-0-0\" class=\"so-panel widget widget_sydney_latest_news sydney_latest_news_widget panel-first-child panel-last-child\" data-index=\"5\" ><div style=\"text-align: left;\" data-title-color=\"#443f3f\" data-headings-color=\"#443f3f\" class=\"panel-widget-style panel-widget-style-for-340-2-0-0\" >\t\t<h3 class=\"widget-title\">Aktuelles<\/h3>\r\n\t\t\t\t\t<div class=\"blog-post col-md-4 col-sm-6 col-xs-12\">\r\n\t\t\t\t\t\t\t<div class=\"entry-thumb\">\r\n\t\t\t\t\t<a href=\"https:\/\/www.sg-griesingen.de\/index.php\/%f0%9f%9f%a2%e2%9a%aa%ef%b8%8fvereinstour-am-20-07-2025%e2%9a%aa%ef%b8%8f%f0%9f%9f%a2\/\" title=\"\ud83d\udfe2\u26aa\ufe0fVereinstour am 20.07.2025\u26aa\ufe0f\ud83d\udfe2\">\r\n\t\t\t\t\t\t<img loading=\"lazy\" decoding=\"async\" width=\"550\" height=\"400\" src=\"https:\/\/www.sg-griesingen.de\/wp-content\/uploads\/2025\/07\/WhatsApp-Image-2025-07-15-at-15.43.49-550x400.jpeg\" class=\"attachment-sydney-medium-thumb size-sydney-medium-thumb wp-post-image\" alt=\"\" \/>\t\t\t\t\t<\/a>\t\t\t\r\n\t\t\t\t<\/div>\t\r\n\t\t\t\t\t\t\t\t\t\r\n\t\t\t<h4 class=\"entry-title\"><a href=\"https:\/\/www.sg-griesingen.de\/index.php\/%f0%9f%9f%a2%e2%9a%aa%ef%b8%8fvereinstour-am-20-07-2025%e2%9a%aa%ef%b8%8f%f0%9f%9f%a2\/\" rel=\"bookmark\">\ud83d\udfe2\u26aa\ufe0fVereinstour am 20.07.2025\u26aa\ufe0f\ud83d\udfe2<\/a><\/h4>\t\t\t\t<div class=\"entry-summary\"><p>Und bereits am kommenden Sonntag (20. Juli 2025) steht mit der Vereinsradtour unser n\u00e4chstes Event an. Bei den angebotenen Touren ist f\u00fcr jeden etwas passendes dabei: \ud83d\udeb4\ud83c\udffdFamilie (ca. 17 km), Start 13 Uhr \ud83d\udeb4\ud83c\udffd\u200d\u2640\ufe0fHobby (ca. 40km), Start 11 Uhr \ud83d\udeb4\u200d\u2642\ufe0fFreizeit (ca. 60km), Start 10 Uhr \ud83d\udeb4\ud83c\udffdSport (ca. 80km), Start 10 Uhr \ud83d\udeb4\ud83c\udffd\u200d\u2640\ufe0fRennrad (ca. 100km), Start [&hellip;]<\/p>\n<\/div>\r\n\t\t\t<\/div>\r\n\t\t\t\t\t<div class=\"blog-post col-md-4 col-sm-6 col-xs-12\">\r\n\t\t\t\t\t\t\t<div class=\"entry-thumb\">\r\n\t\t\t\t\t<a href=\"https:\/\/www.sg-griesingen.de\/index.php\/%f0%9f%9f%a2%e2%9a%aa%ef%b8%8ffahrradfahren%e2%9a%aa%ef%b8%8f%f0%9f%9f%a2\/\" title=\"\ud83d\udfe2\u26aa\ufe0fSGG-Fahrradgruppen\u26aa\ufe0f\ud83d\udfe2\">\r\n\t\t\t\t\t\t<img loading=\"lazy\" decoding=\"async\" width=\"550\" height=\"400\" src=\"https:\/\/www.sg-griesingen.de\/wp-content\/uploads\/2025\/06\/WhatsApp-Image-2025-05-25-at-21.20.16-550x400.jpeg\" class=\"attachment-sydney-medium-thumb size-sydney-medium-thumb wp-post-image\" alt=\"\" \/>\t\t\t\t\t<\/a>\t\t\t\r\n\t\t\t\t<\/div>\t\r\n\t\t\t\t\t\t\t\t\t\r\n\t\t\t<h4 class=\"entry-title\"><a href=\"https:\/\/www.sg-griesingen.de\/index.php\/%f0%9f%9f%a2%e2%9a%aa%ef%b8%8ffahrradfahren%e2%9a%aa%ef%b8%8f%f0%9f%9f%a2\/\" rel=\"bookmark\">\ud83d\udfe2\u26aa\ufe0fSGG-Fahrradgruppen\u26aa\ufe0f\ud83d\udfe2<\/a><\/h4>\t\t\t\t<div class=\"entry-summary\"><\/div>\r\n\t\t\t<\/div>\r\n\t\t\t\t\t<div class=\"blog-post col-md-4 col-sm-6 col-xs-12\">\r\n\t\t\t\t\t\t\t<div class=\"entry-thumb\">\r\n\t\t\t\t\t<a href=\"https:\/\/www.sg-griesingen.de\/index.php\/wandertage-der-jedermaenner\/\" title=\"\ud83d\udfe2\u26aa\ufe0fWandertage der Jederm\u00e4nner\u26aa\ufe0f\ud83d\udfe2\">\r\n\t\t\t\t\t\t<img loading=\"lazy\" decoding=\"async\" width=\"550\" height=\"400\" src=\"https:\/\/www.sg-griesingen.de\/wp-content\/uploads\/2024\/10\/WhatsApp-Image-2024-09-11-at-17.07.27-550x400.jpeg\" class=\"attachment-sydney-medium-thumb size-sydney-medium-thumb wp-post-image\" alt=\"\" \/>\t\t\t\t\t<\/a>\t\t\t\r\n\t\t\t\t<\/div>\t\r\n\t\t\t\t\t\t\t\t\t\r\n\t\t\t<h4 class=\"entry-title\"><a href=\"https:\/\/www.sg-griesingen.de\/index.php\/wandertage-der-jedermaenner\/\" rel=\"bookmark\">\ud83d\udfe2\u26aa\ufe0fWandertage der Jederm\u00e4nner\u26aa\ufe0f\ud83d\udfe2<\/a><\/h4>\t\t\t\t<div class=\"entry-summary\"><p>In der ersten Septemberwoche waren die Jederm\u00e4nner der SG in Tirol beim Wandern. Von Seefeld aus ging es zur N\u00f6rdlinger H\u00fctte, welche auf 2.238 Meter eine Top-Aussicht auf das Zugspitzgebiet bietet. Die 1.100 H\u00f6henmeter zur H\u00fctte wurden teils mit der Bergbahn, aber auch komplett zu Fu\u00df zur\u00fcckgelegt. Der H\u00fcttenabend am Sonntag war lang, dementsprechend kurz [&hellip;]<\/p>\n<\/div>\r\n\t\t\t<\/div>\r\n\t\t\r\n\t\t\t\t\t\t\t<a href=\"https:\/\/www.sg-griesingen.de\/index.php\/category\/jedermann-lauftreff\/\" class=\"roll-button more-button\">alle Beitr\u00e4ge<\/a>\r\n\t\t\t\t\r\n\t<\/div><\/div><\/div><\/div><\/div><\/div>","protected":false},"excerpt":{"rendered":"<p>Siegfried Rieder Tel. 01577 \/ 0522764 siegfried.rieder@sg-griesingen.de &nbsp; &nbsp; &nbsp; Radfahren (Mai bis September) Wann: Freitag 17:30 Uhr Treffpunkt: \u00a0Mehrzweckhalle Griesingen &nbsp; Rennrad (Juni bis September) Wann: \u00a0jeden zweiten Mittwoch um 18:00 Uhr Treffpunkt: \u00a0Mehrzweckhalle Griesingen &nbsp; \u00a0\u00a0\u00dcbungsabende (Oktober bis April) Trainingszeiten: Mittwoch 19:00 &#8211; 20:00 Uhr Ort: \u00a0Mehrzweckhalle Griesingen &nbsp;<\/p>\n","protected":false},"author":11,"featured_media":0,"parent":0,"menu_order":0,"comment_status":"open","ping_status":"open","template":"page-templates\/page_fullwidth.php","meta":{"_monsterinsights_skip_tracking":false,"_monsterinsights_sitenote_active":false,"_monsterinsights_sitenote_note":"","_monsterinsights_sitenote_category":0,"footnotes":""},"class_list":["post-340","page","type-page","status-publish","hentry"],"_links":{"self":[{"href":"https:\/\/www.sg-griesingen.de\/index.php\/wp-json\/wp\/v2\/pages\/340","targetHints":{"allow":["GET"]}}],"collection":[{"href":"https:\/\/www.sg-griesingen.de\/index.php\/wp-json\/wp\/v2\/pages"}],"about":[{"href":"https:\/\/www.sg-griesingen.de\/index.php\/wp-json\/wp\/v2\/types\/page"}],"author":[{"embeddable":true,"href":"https:\/\/www.sg-griesingen.de\/index.php\/wp-json\/wp\/v2\/users\/11"}],"replies":[{"embeddable":true,"href":"https:\/\/www.sg-griesingen.de\/index.php\/wp-json\/wp\/v2\/comments?post=340"}],"version-history":[{"count":42,"href":"https:\/\/www.sg-griesingen.de\/index.php\/wp-json\/wp\/v2\/pages\/340\/revisions"}],"predecessor-version":[{"id":5010,"href":"https:\/\/www.sg-griesingen.de\/index.php\/wp-json\/wp\/v2\/pages\/340\/revisions\/5010"}],"wp:attachment":[{"href":"https:\/\/www.sg-griesingen.de\/index.php\/wp-json\/wp\/v2\/media?parent=340"}],"curies":[{"name":"wp","href":"https:\/\/api.w.org\/{rel}","templated":true}]}}