{"id":342,"date":"2018-05-19T18:59:28","date_gmt":"2018-05-19T16:59:28","guid":{"rendered":"https:\/\/beta.sg-griesingen.de\/?page_id=342"},"modified":"2025-10-16T19:55:25","modified_gmt":"2025-10-16T17:55:25","slug":"st-pauli-fussballcamp","status":"publish","type":"page","link":"https:\/\/www.sg-griesingen.de\/index.php\/st-pauli-fussballcamp\/","title":{"rendered":"Gesamtjugend"},"content":{"rendered":"<div id=\"pl-342\"  class=\"panel-layout\" ><div id=\"pg-342-0\"  class=\"panel-grid panel-has-style\" ><div style=\"padding: 100px 0; \" data-overlay=\"true\" data-overlay-color=\"#000000\" class=\"panel-row-style panel-row-style-for-342-0\" ><div id=\"pgc-342-0-0\"  class=\"panel-grid-cell\" ><div id=\"panel-342-0-0-0\" class=\"so-panel widget widget_black-studio-tinymce widget_black_studio_tinymce panel-first-child panel-last-child\" data-index=\"0\" ><div style=\"text-align: left;\" data-title-color=\"#443f3f\" data-headings-color=\"#443f3f\" class=\"panel-widget-style panel-widget-style-for-342-0-0-0\" ><h3 class=\"widget-title\">Jugendvertreterin<\/h3><div class=\"textwidget\"><p style=\"text-align: center;\"><img loading=\"lazy\" decoding=\"async\" class=\"alignnone wp-image-3527\" src=\"https:\/\/www.sg-griesingen.de\/wp-content\/uploads\/2024\/05\/Sabrina.png\" alt=\"\" width=\"201\" height=\"249\" srcset=\"https:\/\/www.sg-griesingen.de\/wp-content\/uploads\/2024\/05\/Sabrina.png 327w, https:\/\/www.sg-griesingen.de\/wp-content\/uploads\/2024\/05\/Sabrina-242x300.png 242w, https:\/\/www.sg-griesingen.de\/wp-content\/uploads\/2024\/05\/Sabrina-230x286.png 230w\" sizes=\"auto, (max-width: 201px) 100vw, 201px\" \/><br \/>\nSabrina Mast<br \/>\nTel. 0173 7310757<br \/>\n<a href=\"mailto:sabrina.mast@sg-griesingen.de\">sabrina.mast@sg-griesingen.de<\/a><\/p>\n<\/div><\/div><\/div><\/div><div id=\"pgc-342-0-1\"  class=\"panel-grid-cell\" ><div id=\"panel-342-0-1-0\" class=\"so-panel widget widget_black-studio-tinymce widget_black_studio_tinymce panel-first-child panel-last-child\" data-index=\"1\" ><div style=\"text-align: left;\" data-title-color=\"#443f3f\" data-headings-color=\"#443f3f\" class=\"panel-widget-style panel-widget-style-for-342-0-1-0\" ><div class=\"textwidget\"><p>&nbsp;<\/p>\n<p>&nbsp;<\/p>\n<p><div style=\"width: 848px;\" class=\"wp-video\"><video class=\"wp-video-shortcode\" id=\"video-342-1\" width=\"848\" height=\"480\" preload=\"metadata\" controls=\"controls\"><source type=\"video\/mp4\" src=\"https:\/\/www.sg-griesingen.de\/wp-content\/uploads\/2025\/05\/d216b7ff-d37e-4978-8919-ba9ac45c416c.mp4?_=1\" \/><a href=\"https:\/\/www.sg-griesingen.de\/wp-content\/uploads\/2025\/05\/d216b7ff-d37e-4978-8919-ba9ac45c416c.mp4\">https:\/\/www.sg-griesingen.de\/wp-content\/uploads\/2025\/05\/d216b7ff-d37e-4978-8919-ba9ac45c416c.mp4<\/a><\/video><\/div><\/p>\n<\/div><\/div><\/div><\/div><\/div><\/div><div id=\"pg-342-1\"  class=\"panel-grid panel-has-style\" ><div style=\"padding: 100px 0; \" data-overlay=\"true\" data-overlay-color=\"#000000\" class=\"panel-row-style panel-row-style-for-342-1\" ><div id=\"pgc-342-1-0\"  class=\"panel-grid-cell\" ><div id=\"panel-342-1-0-0\" class=\"so-panel widget widget_sydney_latest_news sydney_latest_news_widget panel-first-child panel-last-child\" data-index=\"2\" ><div style=\"text-align: left;\" data-title-color=\"#443f3f\" data-headings-color=\"#443f3f\" class=\"panel-widget-style panel-widget-style-for-342-1-0-0\" >\t\t<h3 class=\"widget-title\">Aktuelle Beitr\u00e4ge <\/h3>\r\n\t\t\t\t\t<div class=\"blog-post col-md-4 col-sm-6 col-xs-12\">\r\n\t\t\t\t\t\t\t<div class=\"entry-thumb\">\r\n\t\t\t\t\t<a href=\"https:\/\/www.sg-griesingen.de\/index.php\/%f0%9f%9f%a2%e2%9a%aa%ef%b8%8f1-move-day%e2%9a%aa%ef%b8%8f%f0%9f%9f%a2\/\" title=\"\ud83d\udfe2\u26aa\ufe0f1. Move Day\u26aa\ufe0f\ud83d\udfe2\">\r\n\t\t\t\t\t\t<img loading=\"lazy\" decoding=\"async\" width=\"550\" height=\"400\" src=\"https:\/\/www.sg-griesingen.de\/wp-content\/uploads\/2026\/03\/WhatsApp-Image-2026-03-17-at-09.10.37-550x400.jpeg\" class=\"attachment-sydney-medium-thumb size-sydney-medium-thumb wp-post-image\" alt=\"\" \/>\t\t\t\t\t<\/a>\t\t\t\r\n\t\t\t\t<\/div>\t\r\n\t\t\t\t\t\t\t\t\t\r\n\t\t\t<h4 class=\"entry-title\"><a href=\"https:\/\/www.sg-griesingen.de\/index.php\/%f0%9f%9f%a2%e2%9a%aa%ef%b8%8f1-move-day%e2%9a%aa%ef%b8%8f%f0%9f%9f%a2\/\" rel=\"bookmark\">\ud83d\udfe2\u26aa\ufe0f1. Move Day\u26aa\ufe0f\ud83d\udfe2<\/a><\/h4>\t\t\t\t<div class=\"entry-summary\"><p>1. MOVE DAY \u2013 21.03.2026 Am 21. M\u00e4rz 2026 verwandelt sich die Mehrzweckhalle Griesingen in eine B\u00fchne f\u00fcr Tanz, Energie und Begeisterung: Der 1. MOVE DAY der SG Griesingen e.V. steht an. Insgesamt 16 Kinder- und Jugendtanzgruppen pr\u00e4sentieren ihre mit viel Herzblut einstudierten Showt\u00e4nze und sorgen f\u00fcr ein abwechslungsreiches Programm voller Bewegung, Kreativit\u00e4t und Teamgeist. [&hellip;]<\/p>\n<\/div>\r\n\t\t\t<\/div>\r\n\t\t\t\t\t<div class=\"blog-post col-md-4 col-sm-6 col-xs-12\">\r\n\t\t\t\t\t\t\t<div class=\"entry-thumb\">\r\n\t\t\t\t\t<a href=\"https:\/\/www.sg-griesingen.de\/index.php\/%f0%9f%9f%a2%e2%9a%aa%ef%b8%8fhallenfussballtag%f0%9f%9f%a2%e2%9a%aa%ef%b8%8f\/\" title=\"\ud83d\udfe2\u26aa\ufe0fHallenfu\u00dfballtag\ud83d\udfe2\u26aa\ufe0f\">\r\n\t\t\t\t\t\t<img loading=\"lazy\" decoding=\"async\" width=\"267\" height=\"400\" src=\"https:\/\/www.sg-griesingen.de\/wp-content\/uploads\/2026\/01\/WhatsApp-Image-2025-12-30-at-10.35.45-e1767458311226.jpeg\" class=\"attachment-sydney-medium-thumb size-sydney-medium-thumb wp-post-image\" alt=\"\" \/>\t\t\t\t\t<\/a>\t\t\t\r\n\t\t\t\t<\/div>\t\r\n\t\t\t\t\t\t\t\t\t\r\n\t\t\t<h4 class=\"entry-title\"><a href=\"https:\/\/www.sg-griesingen.de\/index.php\/%f0%9f%9f%a2%e2%9a%aa%ef%b8%8fhallenfussballtag%f0%9f%9f%a2%e2%9a%aa%ef%b8%8f\/\" rel=\"bookmark\">\ud83d\udfe2\u26aa\ufe0fHallenfu\u00dfballtag\ud83d\udfe2\u26aa\ufe0f<\/a><\/h4>\t\t\t\t<div class=\"entry-summary\"><\/div>\r\n\t\t\t<\/div>\r\n\t\t\t\t\t<div class=\"blog-post col-md-4 col-sm-6 col-xs-12\">\r\n\t\t\t\t\t\t\t<div class=\"entry-thumb\">\r\n\t\t\t\t\t<a href=\"https:\/\/www.sg-griesingen.de\/index.php\/%f0%9f%9f%a2%e2%9a%aa%ef%b8%8ftag-des-kinderturnens%e2%9a%aa%ef%b8%8f%f0%9f%9f%a2\/\" title=\"\ud83d\udfe2\u26aa\ufe0fTag des Kinderturnens\u26aa\ufe0f\ud83d\udfe2\">\r\n\t\t\t\t\t\t<img loading=\"lazy\" decoding=\"async\" width=\"286\" height=\"400\" src=\"https:\/\/www.sg-griesingen.de\/wp-content\/uploads\/2025\/12\/WhatsApp-Image-2025-10-27-at-18.55.43-1-e1765394504795.jpeg\" class=\"attachment-sydney-medium-thumb size-sydney-medium-thumb wp-post-image\" alt=\"\" \/>\t\t\t\t\t<\/a>\t\t\t\r\n\t\t\t\t<\/div>\t\r\n\t\t\t\t\t\t\t\t\t\r\n\t\t\t<h4 class=\"entry-title\"><a href=\"https:\/\/www.sg-griesingen.de\/index.php\/%f0%9f%9f%a2%e2%9a%aa%ef%b8%8ftag-des-kinderturnens%e2%9a%aa%ef%b8%8f%f0%9f%9f%a2\/\" rel=\"bookmark\">\ud83d\udfe2\u26aa\ufe0fTag des Kinderturnens\u26aa\ufe0f\ud83d\udfe2<\/a><\/h4>\t\t\t\t<div class=\"entry-summary\"><p>Der Tag des Kinderturnens ist eine bundesweite Aktion des Deutschen Turner-Bundes (DTB) und der Deutschen Turnjugend (DTJ) in Kooperation mit der Bewegungsinitiative kinder Joy of Moving. \ud83c\udfc3\ud83d\ude46\ud83c\udffc\u200d\u2642\ud83e\udd38\ud83c\udffb\u200d\u2640 Ziel ist es, Kinder f\u00fcr Bewegung und das Kinderturnen zu begeistern. Auch die SG Griesingen \u00f6ffnet dazu am Sonntag, 09.11.2025 von 14 bis 16.30 Uhr die T\u00fcren der [&hellip;]<\/p>\n<\/div>\r\n\t\t\t<\/div>\r\n\t\t\r\n\t\t\t\t\t\t\t<a href=\"https:\/\/www.sg-griesingen.de\/index.php\/category\/gesamtjugend\/\" class=\"roll-button more-button\">Alle Neuigkeiten anzeigen<\/a>\r\n\t\t\t\t\r\n\t<\/div><\/div><\/div><\/div><\/div><\/div>","protected":false},"excerpt":{"rendered":"<p>Sabrina Mast Tel. 0173 7310757 sabrina.mast@sg-griesingen.de &nbsp; &nbsp;<\/p>\n","protected":false},"author":11,"featured_media":0,"parent":0,"menu_order":0,"comment_status":"open","ping_status":"open","template":"page-templates\/page_fullwidth.php","meta":{"_monsterinsights_skip_tracking":false,"_monsterinsights_sitenote_active":false,"_monsterinsights_sitenote_note":"","_monsterinsights_sitenote_category":0,"footnotes":""},"class_list":["post-342","page","type-page","status-publish","hentry"],"_links":{"self":[{"href":"https:\/\/www.sg-griesingen.de\/index.php\/wp-json\/wp\/v2\/pages\/342","targetHints":{"allow":["GET"]}}],"collection":[{"href":"https:\/\/www.sg-griesingen.de\/index.php\/wp-json\/wp\/v2\/pages"}],"about":[{"href":"https:\/\/www.sg-griesingen.de\/index.php\/wp-json\/wp\/v2\/types\/page"}],"author":[{"embeddable":true,"href":"https:\/\/www.sg-griesingen.de\/index.php\/wp-json\/wp\/v2\/users\/11"}],"replies":[{"embeddable":true,"href":"https:\/\/www.sg-griesingen.de\/index.php\/wp-json\/wp\/v2\/comments?post=342"}],"version-history":[{"count":31,"href":"https:\/\/www.sg-griesingen.de\/index.php\/wp-json\/wp\/v2\/pages\/342\/revisions"}],"predecessor-version":[{"id":5009,"href":"https:\/\/www.sg-griesingen.de\/index.php\/wp-json\/wp\/v2\/pages\/342\/revisions\/5009"}],"wp:attachment":[{"href":"https:\/\/www.sg-griesingen.de\/index.php\/wp-json\/wp\/v2\/media?parent=342"}],"curies":[{"name":"wp","href":"https:\/\/api.w.org\/{rel}","templated":true}]}}