{"id":5,"date":"2018-05-06T19:35:50","date_gmt":"2018-05-06T17:35:50","guid":{"rendered":"https:\/\/beta.sg-griesingen.de\/?page_id=5"},"modified":"2025-04-14T18:00:36","modified_gmt":"2025-04-14T16:00:36","slug":"startseite","status":"publish","type":"page","link":"https:\/\/www.sg-griesingen.de\/","title":{"rendered":"Startseite"},"content":{"rendered":"<div id=\"pl-5\"  class=\"panel-layout\" ><div id=\"pg-5-0\"  class=\"panel-grid panel-has-style\" ><div style=\"padding: 100px 0; \" data-overlay=\"true\" data-overlay-color=\"#000000\" class=\"panel-row-style panel-row-style-for-5-0\" ><div id=\"pgc-5-0-0\"  class=\"panel-grid-cell\" ><div id=\"panel-5-0-0-0\" class=\"so-panel widget widget_sli-feed panel-first-child\" data-index=\"0\" ><div style=\"text-align: left;\" data-title-color=\"#443f3f\" data-headings-color=\"#443f3f\" class=\"panel-widget-style panel-widget-style-for-5-0-0-0\" ><h3 class=\"widget-title\">SG-Griesingen @ Instagramm<\/h3>        <div\n            class=\"spotlight-instagram-feed\"\n            data-feed-var=\"5ae5615e\"\n            data-analytics=\"0\"\n            data-instance=\"5\"\n        >\n        <\/div>\n        <input type=\"hidden\" id=\"sli__f__5ae5615e\" data-json='{&quot;useCase&quot;:&quot;accounts&quot;,&quot;template&quot;:&quot;classic&quot;,&quot;layout&quot;:&quot;grid&quot;,&quot;numColumns&quot;:{&quot;desktop&quot;:3},&quot;highlightFreq&quot;:{&quot;desktop&quot;:7},&quot;sliderNumScrollPosts&quot;:{&quot;desktop&quot;:1},&quot;sliderInfinite&quot;:true,&quot;sliderLoop&quot;:false,&quot;sliderArrowPos&quot;:{&quot;desktop&quot;:&quot;inside&quot;},&quot;sliderArrowSize&quot;:{&quot;desktop&quot;:20},&quot;sliderArrowColor&quot;:{&quot;r&quot;:255,&quot;b&quot;:255,&quot;g&quot;:255,&quot;a&quot;:1},&quot;sliderArrowBgColor&quot;:{&quot;r&quot;:0,&quot;b&quot;:0,&quot;g&quot;:0,&quot;a&quot;:0.8},&quot;sliderAutoScroll&quot;:false,&quot;sliderAutoInterval&quot;:3,&quot;postOrder&quot;:&quot;date_desc&quot;,&quot;numPosts&quot;:{&quot;desktop&quot;:9},&quot;linkBehavior&quot;:{&quot;desktop&quot;:&quot;lightbox&quot;},&quot;feedWidth&quot;:{&quot;desktop&quot;:&quot;&quot;},&quot;feedHeight&quot;:{&quot;desktop&quot;:&quot;&quot;},&quot;feedPadding&quot;:{&quot;desktop&quot;:24,&quot;tablet&quot;:14,&quot;phone&quot;:10},&quot;imgPadding&quot;:{&quot;desktop&quot;:10,&quot;tablet&quot;:10,&quot;phone&quot;:6},&quot;ratio&quot;:&quot;classic&quot;,&quot;textSize&quot;:{&quot;desktop&quot;:&quot;&quot;,&quot;tablet&quot;:&quot;&quot;,&quot;phone&quot;:&quot;&quot;},&quot;bgColor&quot;:{&quot;r&quot;:255,&quot;g&quot;:255,&quot;b&quot;:255,&quot;a&quot;:1},&quot;hoverInfo&quot;:[&quot;likes_comments&quot;,&quot;insta_link&quot;],&quot;textColorHover&quot;:{&quot;r&quot;:255,&quot;g&quot;:255,&quot;b&quot;:255,&quot;a&quot;:1},&quot;bgColorHover&quot;:{&quot;r&quot;:0,&quot;g&quot;:0,&quot;b&quot;:0,&quot;a&quot;:0.5},&quot;showHeader&quot;:{&quot;desktop&quot;:true},&quot;headerInfo&quot;:{&quot;desktop&quot;:[&quot;profile_pic&quot;,&quot;bio&quot;]},&quot;headerAccount&quot;:5,&quot;headerStyle&quot;:{&quot;desktop&quot;:&quot;normal&quot;,&quot;phone&quot;:&quot;normal&quot;},&quot;headerTextSize&quot;:{&quot;desktop&quot;:&quot;&quot;},&quot;headerPhotoSize&quot;:{&quot;desktop&quot;:50},&quot;headerTextColor&quot;:{&quot;r&quot;:0,&quot;g&quot;:0,&quot;b&quot;:0,&quot;a&quot;:1},&quot;headerBgColor&quot;:{&quot;r&quot;:255,&quot;g&quot;:255,&quot;b&quot;:255,&quot;a&quot;:0},&quot;headerPadding&quot;:{&quot;desktop&quot;:0,&quot;phone&quot;:0},&quot;customProfilePic&quot;:0,&quot;customBioText&quot;:&quot;&quot;,&quot;includeStories&quot;:false,&quot;storiesInterval&quot;:5,&quot;showCaptions&quot;:{&quot;desktop&quot;:false},&quot;captionMaxLength&quot;:{&quot;desktop&quot;:0},&quot;captionRemoveDots&quot;:false,&quot;captionSize&quot;:{&quot;desktop&quot;:0},&quot;captionColor&quot;:{&quot;r&quot;:0,&quot;g&quot;:0,&quot;b&quot;:0,&quot;a&quot;:1},&quot;showLikes&quot;:{&quot;desktop&quot;:false},&quot;showComments&quot;:{&quot;desktop&quot;:false},&quot;lcIconSize&quot;:{&quot;desktop&quot;:14},&quot;likesIconColor&quot;:{&quot;r&quot;:0,&quot;g&quot;:0,&quot;b&quot;:0,&quot;a&quot;:1},&quot;commentsIconColor&quot;:{&quot;r&quot;:0,&quot;g&quot;:0,&quot;b&quot;:0,&quot;a&quot;:1},&quot;lightboxShowSidebar&quot;:false,&quot;lightboxCtaStyle&quot;:&quot;link&quot;,&quot;lightboxCtaDesign&quot;:{&quot;text&quot;:{&quot;color&quot;:{&quot;r&quot;:0,&quot;g&quot;:0,&quot;b&quot;:0,&quot;a&quot;:1},&quot;align&quot;:&quot;center&quot;},&quot;bgColor&quot;:{&quot;r&quot;:230,&quot;g&quot;:230,&quot;b&quot;:230,&quot;a&quot;:1},&quot;border&quot;:{&quot;radius&quot;:3}},&quot;numLightboxComments&quot;:50,&quot;showLoadMoreBtn&quot;:{&quot;desktop&quot;:true},&quot;loadMoreBtnDesign&quot;:{&quot;text&quot;:{&quot;color&quot;:{&quot;r&quot;:35,&quot;g&quot;:143,&quot;b&quot;:181,&quot;a&quot;:1},&quot;align&quot;:&quot;center&quot;},&quot;border&quot;:{&quot;radius&quot;:3},&quot;bgColor&quot;:{&quot;r&quot;:41,&quot;g&quot;:167,&quot;b&quot;:210,&quot;a&quot;:0.1},&quot;margin&quot;:{&quot;top&quot;:0,&quot;bottom&quot;:0,&quot;left&quot;:0,&quot;right&quot;:0}},&quot;loadMoreBtnText&quot;:&quot;Load More Posts&quot;,&quot;loadMoreBtnScroll&quot;:false,&quot;autoload&quot;:false,&quot;showFollowBtn&quot;:{&quot;desktop&quot;:true},&quot;followBtnText&quot;:&quot;Follow on Instagram&quot;,&quot;followBtnDesign&quot;:{&quot;text&quot;:{&quot;color&quot;:{&quot;r&quot;:255,&quot;g&quot;:255,&quot;b&quot;:255,&quot;a&quot;:1},&quot;align&quot;:&quot;center&quot;},&quot;border&quot;:{&quot;radius&quot;:3},&quot;bgColor&quot;:{&quot;r&quot;:41,&quot;g&quot;:167,&quot;b&quot;:210,&quot;a&quot;:1},&quot;margin&quot;:{&quot;top&quot;:0,&quot;bottom&quot;:0,&quot;left&quot;:0,&quot;right&quot;:0}},&quot;followBtnLocation&quot;:{&quot;desktop&quot;:&quot;header&quot;,&quot;phone&quot;:&quot;bottom&quot;},&quot;alignFooterButtons&quot;:{&quot;desktop&quot;:false},&quot;customCss&quot;:&quot;\\\/* Enter your custom CSS below *\\\/\\n\\n&quot;,&quot;accounts&quot;:[4320],&quot;tagged&quot;:[],&quot;hashtags&quot;:[],&quot;mediaType&quot;:&quot;all&quot;,&quot;hashtagWhitelist&quot;:[],&quot;hashtagBlacklist&quot;:[],&quot;captionWhitelist&quot;:[],&quot;captionBlacklist&quot;:[],&quot;hashtagWhitelistSettings&quot;:true,&quot;hashtagBlacklistSettings&quot;:true,&quot;captionWhitelistSettings&quot;:true,&quot;captionBlacklistSettings&quot;:true,&quot;moderation&quot;:[],&quot;moderationMode&quot;:&quot;blacklist&quot;,&quot;promosVersion&quot;:2,&quot;promosEnabled&quot;:true,&quot;globalPromosEnabled&quot;:true,&quot;autoPromosEnabled&quot;:true,&quot;promoOverrides&quot;:[],&quot;feedPromo&quot;:{&quot;linkSource&quot;:{&quot;type&quot;:null},&quot;linkBehavior&quot;:{&quot;openNewTab&quot;:false,&quot;showPopupBox&quot;:false},&quot;linkText&quot;:&quot;&quot;},&quot;gaCampaignSource&quot;:&quot;&quot;,&quot;gaCampaignMedium&quot;:&quot;&quot;,&quot;gaCampaignName&quot;:&quot;&quot;}' \/>\n        <input type=\"hidden\" id=\"sli__a__5ae5615e\" data-json='[{&quot;id&quot;:4320,&quot;type&quot;:&quot;PERSONAL&quot;,&quot;userId&quot;:&quot;28817957571182475&quot;,&quot;username&quot;:&quot;sggriesingen&quot;,&quot;bio&quot;:&quot;&quot;,&quot;customBio&quot;:&quot;SG Griesingen e.V.\\n&quot;,&quot;profilePicUrl&quot;:&quot;&quot;,&quot;customProfilePicUrl&quot;:&quot;https:\\\/\\\/www.sg-griesingen.de\\\/wp-content\\\/uploads\\\/2025\\\/03\\\/438755100_735887005196375_8810323382782206140_n.jpeg&quot;,&quot;mediaCount&quot;:&quot;241&quot;,&quot;followersCount&quot;:&quot;0&quot;,&quot;usages&quot;:[],&quot;creationDate&quot;:&quot;2025-03-18 22:58:05&quot;}]' \/>\n        <input type=\"hidden\" id=\"sli__m__5ae5615e\" data-json='[]' \/>\n        <\/div><\/div><div id=\"panel-5-0-0-1\" class=\"so-panel widget widget_black-studio-tinymce widget_black_studio_tinymce\" data-index=\"1\" ><div style=\"text-align: left;\" data-title-color=\"#443f3f\" data-headings-color=\"#443f3f\" class=\"panel-widget-style panel-widget-style-for-5-0-0-1\" ><h3 class=\"widget-title\">Aktuelles<\/h3><div class=\"textwidget\"><h5 style=\"text-align: center;\"><a href=\"https:\/\/www.sg-griesingen.de\/index.php\/termine\/\">Terminplan <\/a><a href=\"https:\/\/www.sg-griesingen.de\/index.php\/termine\/\">2025<\/a><\/h5>\n<hr \/>\n<h5 style=\"text-align: center;\">Besuche uns gerne f\u00fcr alle aktuellsten Neuigkeiten auf Instagram:<\/h5>\n<h5 style=\"text-align: center;\">\u00a0<a href=\"https:\/\/www.instagram.com\/sggriesingen?igsh=bzk2cTMwdml5Nmc1\">SG Griesingen on Insta<\/a><\/h5>\n<hr \/>\n<h5 style=\"text-align: center;\">Hier findest du unsere aktuellen Kursangebote:<\/h5>\n<h5 style=\"text-align: center;\">\u00a0<a href=\"https:\/\/www.sg-griesingen.de\/index.php\/kurse\/\">SG Griesingen Kursangebot<\/a><\/h5>\n<blockquote>\n<hr \/>\n<p style=\"text-align: center;\"><a href=\"https:\/\/www.sg-griesingen.de\/wp-content\/uploads\/2024\/01\/Satzungsentwurf_SG-Griesingen-e.V.-HV-19.01.2024_-1.pdf\">Link zum Entwurf f\u00fcr die Satzungs\u00e4nderung 19.01.2024<\/a><\/p>\n<hr \/>\n<\/blockquote>\n<p style=\"text-align: center;\"><a href=\"https:\/\/www.sg-griesingen.de\/wp-content\/uploads\/2024\/01\/2024_Berichte-zur-Hauptversammlung-fuer-2023_A5_final.pdf\">Link zum Berichtsheft zur HV 2024<\/a><\/p>\n<\/div><\/div><\/div><div id=\"panel-5-0-0-2\" class=\"so-panel widget widget_sydney_latest_news sydney_latest_news_widget panel-last-child\" data-index=\"2\" ><div style=\"text-align: left;\" data-title-color=\"#443f3f\" data-headings-color=\"#443f3f\" class=\"panel-widget-style panel-widget-style-for-5-0-0-2\" >\t\t<h3 class=\"widget-title\">Aktuelle Beitr\u00e4ge<\/h3>\r\n\t\t\t\t\t<div class=\"blog-post col-md-4 col-sm-6 col-xs-12\">\r\n\t\t\t\t\t\t\t<div class=\"entry-thumb\">\r\n\t\t\t\t\t<a href=\"https:\/\/www.sg-griesingen.de\/index.php\/%f0%9f%9f%a2%e2%9a%aa%ef%b8%8fkurse-fruehling-2026%e2%9a%aa%ef%b8%8f%f0%9f%9f%a2\/\" title=\"\ud83d\udfe2\u26aa\ufe0fKurse Fr\u00fchling 2026\u26aa\ufe0f\ud83d\udfe2\">\r\n\t\t\t\t\t\t<img loading=\"lazy\" decoding=\"async\" width=\"550\" height=\"400\" src=\"https:\/\/www.sg-griesingen.de\/wp-content\/uploads\/2026\/04\/WhatsApp-Image-2026-03-31-at-09.01.55-1-550x400.jpeg\" class=\"attachment-sydney-medium-thumb size-sydney-medium-thumb wp-post-image\" alt=\"\" \/>\t\t\t\t\t<\/a>\t\t\t\r\n\t\t\t\t<\/div>\t\r\n\t\t\t\t\t\t\t\t\t\r\n\t\t\t<h4 class=\"entry-title\"><a href=\"https:\/\/www.sg-griesingen.de\/index.php\/%f0%9f%9f%a2%e2%9a%aa%ef%b8%8fkurse-fruehling-2026%e2%9a%aa%ef%b8%8f%f0%9f%9f%a2\/\" rel=\"bookmark\">\ud83d\udfe2\u26aa\ufe0fKurse Fr\u00fchling 2026\u26aa\ufe0f\ud83d\udfe2<\/a><\/h4>\t\t\t\t<div class=\"entry-summary\"><p>\ud83d\udfe2\u26aa\ufe0fFr\u00fchlingskurse 2026\u26aa\ufe0f\ud83d\udfe2 Gemeinsam mit der SGG fit und stark in den Fr\u00fchling starten und direkt zu unseren Kursangeboten anmelden! \ud83c\udfcb\ud83c\udffd\u200d\u2640\ufe0f\ud83e\udd38\ud83c\udffd\u200d\u2642\ufe0f\ud83e\uddd8\ud83c\udffd\u200d\u2640\ufe0f Die Kurse finden ab einer Mindestteilnehmerzahl von 10 Personen statt und sind bei Kursbeginn in bar zu bezahlen. Anmeldungen f\u00fcr alle Kurse bei Stefanie Brunner unter Tel. 07391 72200, per E-Mail unter kurse@sg-griesingen.de oder via [&hellip;]<\/p>\n<\/div>\r\n\t\t\t<\/div>\r\n\t\t\t\t\t<div class=\"blog-post col-md-4 col-sm-6 col-xs-12\">\r\n\t\t\t\t\t\t\t<div class=\"entry-thumb\">\r\n\t\t\t\t\t<a href=\"https:\/\/www.sg-griesingen.de\/index.php\/%f0%9f%9f%a2%e2%9a%aa%ef%b8%8fjugendfreizeit%e2%9a%aa%ef%b8%8f%f0%9f%9f%a2\/\" title=\"\ud83d\udfe2\u26aa\ufe0fJugendfreizeit\u26aa\ufe0f\ud83d\udfe2\">\r\n\t\t\t\t\t\t<img loading=\"lazy\" decoding=\"async\" width=\"550\" height=\"400\" src=\"https:\/\/www.sg-griesingen.de\/wp-content\/uploads\/2026\/04\/WhatsApp-Image-2026-03-21-at-10.09.26-550x400.jpeg\" class=\"attachment-sydney-medium-thumb size-sydney-medium-thumb wp-post-image\" alt=\"\" \/>\t\t\t\t\t<\/a>\t\t\t\r\n\t\t\t\t<\/div>\t\r\n\t\t\t\t\t\t\t\t\t\r\n\t\t\t<h4 class=\"entry-title\"><a href=\"https:\/\/www.sg-griesingen.de\/index.php\/%f0%9f%9f%a2%e2%9a%aa%ef%b8%8fjugendfreizeit%e2%9a%aa%ef%b8%8f%f0%9f%9f%a2\/\" rel=\"bookmark\">\ud83d\udfe2\u26aa\ufe0fJugendfreizeit\u26aa\ufe0f\ud83d\udfe2<\/a><\/h4>\t\t\t\t<div class=\"entry-summary\"><p>\ud83c\udf89 Wir feiern Geburtstag! \ud83c\udf89 Der Sportverein Griesingen l\u00e4dt euch herzlich zur Jugendfreizeit ein \u2013 unter dem Motto \u201eWir feiern Geburtstag \u2013 30 Jahre Jugendfreizeit\u201c \ud83e\udd73 \ud83d\udcc5 15.05. \u2013 17.05.2026 \ud83d\udc67\ud83e\uddd2 F\u00fcr alle von der 1. Klasse bis einschlie\u00dflich 16 Jahre Sei dabei und erlebe ein unvergessliches Wochenende! \ud83d\udc49 Jetzt anmelden!<\/p>\n<\/div>\r\n\t\t\t<\/div>\r\n\t\t\t\t\t<div class=\"blog-post col-md-4 col-sm-6 col-xs-12\">\r\n\t\t\t\t\t\t\t<div class=\"entry-thumb\">\r\n\t\t\t\t\t<a href=\"https:\/\/www.sg-griesingen.de\/index.php\/%f0%9f%9f%a2%e2%9a%aa%ef%b8%8f1-move-day%e2%9a%aa%ef%b8%8f%f0%9f%9f%a2\/\" title=\"\ud83d\udfe2\u26aa\ufe0f1. Move Day\u26aa\ufe0f\ud83d\udfe2\">\r\n\t\t\t\t\t\t<img loading=\"lazy\" decoding=\"async\" width=\"550\" height=\"400\" src=\"https:\/\/www.sg-griesingen.de\/wp-content\/uploads\/2026\/03\/WhatsApp-Image-2026-03-17-at-09.10.37-550x400.jpeg\" class=\"attachment-sydney-medium-thumb size-sydney-medium-thumb wp-post-image\" alt=\"\" \/>\t\t\t\t\t<\/a>\t\t\t\r\n\t\t\t\t<\/div>\t\r\n\t\t\t\t\t\t\t\t\t\r\n\t\t\t<h4 class=\"entry-title\"><a href=\"https:\/\/www.sg-griesingen.de\/index.php\/%f0%9f%9f%a2%e2%9a%aa%ef%b8%8f1-move-day%e2%9a%aa%ef%b8%8f%f0%9f%9f%a2\/\" rel=\"bookmark\">\ud83d\udfe2\u26aa\ufe0f1. Move Day\u26aa\ufe0f\ud83d\udfe2<\/a><\/h4>\t\t\t\t<div class=\"entry-summary\"><p>1. MOVE DAY \u2013 21.03.2026 Am 21. M\u00e4rz 2026 verwandelt sich die Mehrzweckhalle Griesingen in eine B\u00fchne f\u00fcr Tanz, Energie und Begeisterung: Der 1. MOVE DAY der SG Griesingen e.V. steht an. Insgesamt 16 Kinder- und Jugendtanzgruppen pr\u00e4sentieren ihre mit viel Herzblut einstudierten Showt\u00e4nze und sorgen f\u00fcr ein abwechslungsreiches Programm voller Bewegung, Kreativit\u00e4t und Teamgeist. [&hellip;]<\/p>\n<\/div>\r\n\t\t\t<\/div>\r\n\t\t\r\n\t\t\t\t\t\t\t<a href=\"https:\/\/www.sg-griesingen.de\/index.php\/neuigkeiten\/\" class=\"roll-button more-button\">Mehr Aktuelles anzeigen<\/a>\r\n\t\t\t\t\r\n\t<\/div><\/div><\/div><\/div><\/div><\/div>","protected":false},"excerpt":{"rendered":"<p>Terminplan 2025 Besuche uns gerne f\u00fcr alle aktuellsten Neuigkeiten auf Instagram: \u00a0SG Griesingen on Insta Hier findest du unsere aktuellen Kursangebote: \u00a0SG Griesingen Kursangebot Link zum Entwurf f\u00fcr die Satzungs\u00e4nderung 19.01.2024 Link zum Berichtsheft zur HV 2024<\/p>\n","protected":false},"author":1,"featured_media":0,"parent":0,"menu_order":0,"comment_status":"closed","ping_status":"closed","template":"page-templates\/page_fullwidth.php","meta":{"_monsterinsights_skip_tracking":false,"_monsterinsights_sitenote_active":false,"_monsterinsights_sitenote_note":"","_monsterinsights_sitenote_category":0,"footnotes":""},"class_list":["post-5","page","type-page","status-publish","hentry"],"_links":{"self":[{"href":"https:\/\/www.sg-griesingen.de\/index.php\/wp-json\/wp\/v2\/pages\/5","targetHints":{"allow":["GET"]}}],"collection":[{"href":"https:\/\/www.sg-griesingen.de\/index.php\/wp-json\/wp\/v2\/pages"}],"about":[{"href":"https:\/\/www.sg-griesingen.de\/index.php\/wp-json\/wp\/v2\/types\/page"}],"author":[{"embeddable":true,"href":"https:\/\/www.sg-griesingen.de\/index.php\/wp-json\/wp\/v2\/users\/1"}],"replies":[{"embeddable":true,"href":"https:\/\/www.sg-griesingen.de\/index.php\/wp-json\/wp\/v2\/comments?post=5"}],"version-history":[{"count":462,"href":"https:\/\/www.sg-griesingen.de\/index.php\/wp-json\/wp\/v2\/pages\/5\/revisions"}],"predecessor-version":[{"id":4566,"href":"https:\/\/www.sg-griesingen.de\/index.php\/wp-json\/wp\/v2\/pages\/5\/revisions\/4566"}],"wp:attachment":[{"href":"https:\/\/www.sg-griesingen.de\/index.php\/wp-json\/wp\/v2\/media?parent=5"}],"curies":[{"name":"wp","href":"https:\/\/api.w.org\/{rel}","templated":true}]}}