{"id":7,"date":"2018-05-06T19:40:49","date_gmt":"2018-05-06T17:40:49","guid":{"rendered":"https:\/\/beta.sg-griesingen.de\/?page_id=7"},"modified":"2025-04-02T23:50:59","modified_gmt":"2025-04-02T21:50:59","slug":"der-verein","status":"publish","type":"page","link":"https:\/\/www.sg-griesingen.de\/index.php\/der-verein\/","title":{"rendered":"Der Verein"},"content":{"rendered":"<div id=\"pl-7\"  class=\"panel-layout\" ><div id=\"pg-7-0\"  class=\"panel-grid panel-has-style\" ><div style=\"padding: 100px 0; \" data-overlay=\"true\" data-overlay-color=\"#000000\" class=\"panel-row-style panel-row-style-for-7-0\" ><div id=\"pgc-7-0-0\"  class=\"panel-grid-cell\" ><div id=\"panel-7-0-0-0\" class=\"so-panel widget widget_black-studio-tinymce widget_black_studio_tinymce panel-first-child\" data-index=\"0\" ><div style=\"text-align: left;\" data-title-color=\"#443f3f\" data-headings-color=\"#443f3f\" class=\"panel-widget-style panel-widget-style-for-7-0-0-0\" ><div class=\"textwidget\"><h3>Was uns bewegt<\/h3>\n<p>&nbsp;<\/p>\n<p>Unsere Leidenschaft ist der Sport und die Geselligkeit. Dies leben unsere etwas mehr als 750 Mitglieder bei den verschiedenen Sportangeboten oder Veranstaltungen vor. Davon sind die meisten Mitglieder in unseren Abteilungen \u201aFu\u00dfball\u2018 und \u201aGymnastik &amp; Tanz\u2018 zugeordnet. Daneben gibt es noch \u201aTischtennis\u2018 und \u201aJederm\u00e4nner\u2018.<\/p>\n<p>Unsere Mitglieder treibt das Gemeinschaftsgef\u00fchl an, das sie mit dem Verein verbindet und die Basis des Vereins darstellt. Nur durch das damit verbundene ehrenamtliche Engagement konnte sich der Verein seit seiner Gr\u00fcndung 1922 weiterentwickeln.\u00a0 Wichtig ist uns dabei ein offenes, faires, gleichberechtigtes und ehrliches Miteinander auf Augenh\u00f6he.<\/p>\n<p>Wir laden dich ein, dir auf unserer Homepage ein Bild unseres Vereins zu machen und begr\u00fc\u00dfen dich sehr gern bei einem unserer Sportangebote als Sportler oder Zuschauer oder bei einer unserer Veranstaltungen.<\/p>\n<p>Hast du Spa\u00df als \u00dcbungsleiter oder m\u00f6chtest deine St\u00e4rken bei einer ehrenamtlichen T\u00e4tigkeit bei uns im Verein einbringen, so melde dich bei einem der Vorstandsmitglieder oder unter <a href=\"mailto:vorstand@sg-griesingen.com\">vorstand@sg-griesingen.com<\/a>.<\/p>\n<p>&nbsp;<\/p>\n<p>Das Gl\u00fcck ist das einzige, das sich verdoppelt, wenn man es teilt.<br \/>\n(Albert Schweitzer)<\/p>\n<\/div><\/div><\/div><div id=\"panel-7-0-0-1\" class=\"so-panel widget widget_black-studio-tinymce widget_black_studio_tinymce\" data-index=\"1\" ><div style=\"text-align: left;\" data-title-color=\"#443f3f\" data-headings-color=\"#443f3f\" class=\"panel-widget-style panel-widget-style-for-7-0-0-1\" ><h3 class=\"widget-title\">Unsere Vorstandschaft 2025<\/h3><div class=\"textwidget\"><p style=\"text-align: center;\"><a style=\"font-size: 16px;\" href=\"https:\/\/www.sg-griesingen.de\/index.php\/vorstandschaft\/\">Zur aktuellen Vorstandschaft 2025<\/a><\/p>\n<\/div><\/div><\/div><div id=\"panel-7-0-0-2\" class=\"so-panel widget widget_media_image\" data-index=\"2\" ><div style=\"text-align: left;\" data-title-color=\"#443f3f\" data-headings-color=\"#443f3f\" class=\"panel-widget-style panel-widget-style-for-7-0-0-2\" ><img loading=\"lazy\" decoding=\"async\" width=\"1024\" height=\"768\" src=\"https:\/\/www.sg-griesingen.de\/wp-content\/uploads\/2025\/03\/Ausschuss-1024x768.jpeg\" class=\"image wp-image-4239  attachment-large size-large\" alt=\"\" style=\"max-width: 100%; height: auto;\" srcset=\"https:\/\/www.sg-griesingen.de\/wp-content\/uploads\/2025\/03\/Ausschuss-1024x768.jpeg 1024w, https:\/\/www.sg-griesingen.de\/wp-content\/uploads\/2025\/03\/Ausschuss-300x225.jpeg 300w, https:\/\/www.sg-griesingen.de\/wp-content\/uploads\/2025\/03\/Ausschuss-768x576.jpeg 768w, https:\/\/www.sg-griesingen.de\/wp-content\/uploads\/2025\/03\/Ausschuss-1536x1152.jpeg 1536w, https:\/\/www.sg-griesingen.de\/wp-content\/uploads\/2025\/03\/Ausschuss-1000x750.jpeg 1000w, https:\/\/www.sg-griesingen.de\/wp-content\/uploads\/2025\/03\/Ausschuss-230x173.jpeg 230w, https:\/\/www.sg-griesingen.de\/wp-content\/uploads\/2025\/03\/Ausschuss-350x263.jpeg 350w, https:\/\/www.sg-griesingen.de\/wp-content\/uploads\/2025\/03\/Ausschuss-480x360.jpeg 480w, https:\/\/www.sg-griesingen.de\/wp-content\/uploads\/2025\/03\/Ausschuss.jpeg 1600w\" sizes=\"auto, (max-width: 1024px) 100vw, 1024px\" \/><\/div><\/div><div id=\"panel-7-0-0-3\" class=\"so-panel widget widget_text panel-last-child\" data-index=\"3\" ><div style=\"text-align: left;\" data-title-color=\"#443f3f\" data-headings-color=\"#443f3f\" class=\"panel-widget-style panel-widget-style-for-7-0-0-3\" >\t\t\t<div class=\"textwidget\"><p>Hinten von Links: Andrea Hilsenbeck, Ramona G\u00f6tz-Burgmaier, Tamara Wilhelm, Nina Gl\u00f6ckler, Siegfried Rieder, Lukas Uhlmann, Michael H\u00f6\u00df,\u00a0 \u00a0 \u00a0 \u00a0 \u00a0 \u00a0 \u00a0 \u00a0 \u00a0 \u00a0 \u00a0 \u00a0 \u00a0 \u00a0 \u00a0 \u00a0 \u00a0 \u00a0 \u00a0 \u00a0 \u00a0 \u00a0 \u00a0 \u00a0 \u00a0 \u00a0 \u00a0 \u00a0 \u00a0 \u00a0 Lea Raiber, Holger Schirmer (ehem.), Julia H\u00f6\u00df<\/p>\n<p>Vorne von Links: Raphael Brunner, Tobias Knupfer, Patrick Werner (ehem.), Dominic Brunner (ehem.), Thomas Traub, Daniel Str\u00f6bele<\/p>\n<p>Es fehlen:\u00a0 \u00a0 \u00a0 \u00a0 \u00a0 \u00a0 Sabrina Mast, Nadine Seifert<\/p>\n<\/div>\n\t\t<\/div><\/div><\/div><\/div><\/div><div id=\"pg-7-1\"  class=\"panel-grid panel-has-style\" ><div style=\"padding: 100px 0; \" data-overlay=\"true\" data-overlay-color=\"#000000\" class=\"panel-row-style panel-row-style-for-7-1\" ><div id=\"pgc-7-1-0\"  class=\"panel-grid-cell\" ><div id=\"panel-7-1-0-0\" class=\"so-panel widget widget_sydney_latest_news sydney_latest_news_widget panel-first-child panel-last-child\" data-index=\"4\" ><div style=\"text-align: left;\" data-title-color=\"#443f3f\" data-headings-color=\"#443f3f\" class=\"panel-widget-style panel-widget-style-for-7-1-0-0\" >\t\t<h3 class=\"widget-title\">Aktuelles<\/h3>\r\n\t\t\t\t\t<div class=\"blog-post col-md-4 col-sm-6 col-xs-12\">\r\n\t\t\t\t\t\t\t<div class=\"entry-thumb\">\r\n\t\t\t\t\t<a href=\"https:\/\/www.sg-griesingen.de\/index.php\/%f0%9f%9f%a2%e2%9a%aa%ef%b8%8f1-move-day%e2%9a%aa%ef%b8%8f%f0%9f%9f%a2\/\" title=\"\ud83d\udfe2\u26aa\ufe0f1. Move Day\u26aa\ufe0f\ud83d\udfe2\">\r\n\t\t\t\t\t\t<img loading=\"lazy\" decoding=\"async\" width=\"550\" height=\"400\" src=\"https:\/\/www.sg-griesingen.de\/wp-content\/uploads\/2026\/03\/WhatsApp-Image-2026-03-17-at-09.10.37-550x400.jpeg\" class=\"attachment-sydney-medium-thumb size-sydney-medium-thumb wp-post-image\" alt=\"\" \/>\t\t\t\t\t<\/a>\t\t\t\r\n\t\t\t\t<\/div>\t\r\n\t\t\t\t\t\t\t\t\t\r\n\t\t\t<h4 class=\"entry-title\"><a href=\"https:\/\/www.sg-griesingen.de\/index.php\/%f0%9f%9f%a2%e2%9a%aa%ef%b8%8f1-move-day%e2%9a%aa%ef%b8%8f%f0%9f%9f%a2\/\" rel=\"bookmark\">\ud83d\udfe2\u26aa\ufe0f1. Move Day\u26aa\ufe0f\ud83d\udfe2<\/a><\/h4>\t\t\t\t<div class=\"entry-summary\"><p>1. MOVE DAY \u2013 21.03.2026 Am 21. M\u00e4rz 2026 verwandelt sich die Mehrzweckhalle Griesingen in eine B\u00fchne f\u00fcr Tanz, Energie und Begeisterung: Der 1. MOVE DAY der SG Griesingen e.V. steht an. Insgesamt 16 Kinder- und Jugendtanzgruppen pr\u00e4sentieren ihre mit viel Herzblut einstudierten Showt\u00e4nze und sorgen f\u00fcr ein abwechslungsreiches Programm voller Bewegung, Kreativit\u00e4t und Teamgeist. [&hellip;]<\/p>\n<\/div>\r\n\t\t\t<\/div>\r\n\t\t\t\t\t<div class=\"blog-post col-md-4 col-sm-6 col-xs-12\">\r\n\t\t\t\t\t\t\t<div class=\"entry-thumb\">\r\n\t\t\t\t\t<a href=\"https:\/\/www.sg-griesingen.de\/index.php\/%f0%9f%9f%a2%e2%9a%aa%ef%b8%8fbunny-party%e2%9a%aa%ef%b8%8f%f0%9f%9f%a2\/\" title=\"\ud83d\udfe2\u26aa\ufe0fBunny Party\u26aa\ufe0f\ud83d\udfe2\">\r\n\t\t\t\t\t\t<img loading=\"lazy\" decoding=\"async\" width=\"550\" height=\"400\" src=\"https:\/\/www.sg-griesingen.de\/wp-content\/uploads\/2026\/03\/Flyer_BunnyParty_2026_Foerderverein-550x400.png\" class=\"attachment-sydney-medium-thumb size-sydney-medium-thumb wp-post-image\" alt=\"\" \/>\t\t\t\t\t<\/a>\t\t\t\r\n\t\t\t\t<\/div>\t\r\n\t\t\t\t\t\t\t\t\t\r\n\t\t\t<h4 class=\"entry-title\"><a href=\"https:\/\/www.sg-griesingen.de\/index.php\/%f0%9f%9f%a2%e2%9a%aa%ef%b8%8fbunny-party%e2%9a%aa%ef%b8%8f%f0%9f%9f%a2\/\" rel=\"bookmark\">\ud83d\udfe2\u26aa\ufe0fBunny Party\u26aa\ufe0f\ud83d\udfe2<\/a><\/h4>\t\t\t\t<div class=\"entry-summary\"><\/div>\r\n\t\t\t<\/div>\r\n\t\t\t\t\t<div class=\"blog-post col-md-4 col-sm-6 col-xs-12\">\r\n\t\t\t\t\t\t\t<div class=\"entry-thumb\">\r\n\t\t\t\t\t<a href=\"https:\/\/www.sg-griesingen.de\/index.php\/%f0%9f%9f%a2%e2%9a%aa%ef%b8%8fkinderfasnet%f0%9f%9f%a2%e2%9a%aa%ef%b8%8f\/\" title=\"\ud83d\udfe2\u26aa\ufe0fKinderfasnet\ud83d\udfe2\u26aa\ufe0f\">\r\n\t\t\t\t\t\t<img loading=\"lazy\" decoding=\"async\" width=\"550\" height=\"400\" src=\"https:\/\/www.sg-griesingen.de\/wp-content\/uploads\/2026\/02\/WhatsApp-Image-2026-01-28-at-07.47.18-550x400.jpeg\" class=\"attachment-sydney-medium-thumb size-sydney-medium-thumb wp-post-image\" alt=\"\" \/>\t\t\t\t\t<\/a>\t\t\t\r\n\t\t\t\t<\/div>\t\r\n\t\t\t\t\t\t\t\t\t\r\n\t\t\t<h4 class=\"entry-title\"><a href=\"https:\/\/www.sg-griesingen.de\/index.php\/%f0%9f%9f%a2%e2%9a%aa%ef%b8%8fkinderfasnet%f0%9f%9f%a2%e2%9a%aa%ef%b8%8f\/\" rel=\"bookmark\">\ud83d\udfe2\u26aa\ufe0fKinderfasnet\ud83d\udfe2\u26aa\ufe0f<\/a><\/h4>\t\t\t\t<div class=\"entry-summary\"><\/div>\r\n\t\t\t<\/div>\r\n\t\t\r\n\t\t\t\t\t\t\t<a href=\"https:\/\/www.sg-griesingen.de\/index.php\/neuigkeiten\/\" class=\"roll-button more-button\">alle Beitr\u00e4ge<\/a>\r\n\t\t\t\t\r\n\t<\/div><\/div><\/div><\/div><\/div><\/div>","protected":false},"excerpt":{"rendered":"<p>Was uns bewegt &nbsp; Unsere Leidenschaft ist der Sport und die Geselligkeit. Dies leben unsere etwas mehr als 750 Mitglieder bei den verschiedenen Sportangeboten oder Veranstaltungen vor. Davon sind die meisten Mitglieder in unseren Abteilungen \u201aFu\u00dfball\u2018 und \u201aGymnastik &amp; Tanz\u2018 zugeordnet. Daneben gibt es noch \u201aTischtennis\u2018 und \u201aJederm\u00e4nner\u2018. Unsere Mitglieder treibt das Gemeinschaftsgef\u00fchl an, das [&hellip;]<\/p>\n","protected":false},"author":1,"featured_media":0,"parent":0,"menu_order":0,"comment_status":"closed","ping_status":"closed","template":"page-templates\/page_fullwidth.php","meta":{"_monsterinsights_skip_tracking":false,"_monsterinsights_sitenote_active":false,"_monsterinsights_sitenote_note":"","_monsterinsights_sitenote_category":0,"footnotes":""},"class_list":["post-7","page","type-page","status-publish","hentry"],"_links":{"self":[{"href":"https:\/\/www.sg-griesingen.de\/index.php\/wp-json\/wp\/v2\/pages\/7","targetHints":{"allow":["GET"]}}],"collection":[{"href":"https:\/\/www.sg-griesingen.de\/index.php\/wp-json\/wp\/v2\/pages"}],"about":[{"href":"https:\/\/www.sg-griesingen.de\/index.php\/wp-json\/wp\/v2\/types\/page"}],"author":[{"embeddable":true,"href":"https:\/\/www.sg-griesingen.de\/index.php\/wp-json\/wp\/v2\/users\/1"}],"replies":[{"embeddable":true,"href":"https:\/\/www.sg-griesingen.de\/index.php\/wp-json\/wp\/v2\/comments?post=7"}],"version-history":[{"count":92,"href":"https:\/\/www.sg-griesingen.de\/index.php\/wp-json\/wp\/v2\/pages\/7\/revisions"}],"predecessor-version":[{"id":4532,"href":"https:\/\/www.sg-griesingen.de\/index.php\/wp-json\/wp\/v2\/pages\/7\/revisions\/4532"}],"wp:attachment":[{"href":"https:\/\/www.sg-griesingen.de\/index.php\/wp-json\/wp\/v2\/media?parent=7"}],"curies":[{"name":"wp","href":"https:\/\/api.w.org\/{rel}","templated":true}]}}