{"id":86,"date":"2018-05-08T20:38:11","date_gmt":"2018-05-08T18:38:11","guid":{"rendered":"https:\/\/beta.sg-griesingen.de\/?page_id=86"},"modified":"2025-04-03T00:07:00","modified_gmt":"2025-04-02T22:07:00","slug":"sportheim","status":"publish","type":"page","link":"https:\/\/www.sg-griesingen.de\/index.php\/sportheim\/","title":{"rendered":"Sportheim"},"content":{"rendered":"<div id=\"pl-86\"  class=\"panel-layout\" ><div id=\"pg-86-0\"  class=\"panel-grid panel-has-style\" ><div style=\"padding: 50px 0; \" data-overlay=\"true\" data-overlay-color=\"#000000\" class=\"panel-row-style panel-row-style-for-86-0\" ><div id=\"pgc-86-0-0\"  class=\"panel-grid-cell\" ><div id=\"panel-86-0-0-0\" class=\"so-panel widget widget_black-studio-tinymce widget_black_studio_tinymce panel-first-child panel-last-child\" data-index=\"0\" ><div style=\"text-align: left;\" data-title-color=\"#443f3f\" data-headings-color=\"#443f3f\" class=\"panel-widget-style panel-widget-style-for-86-0-0-0\" ><div class=\"textwidget\"><p><strong>\u00d6ffnungszeiten:<\/strong><br \/>\nDienstag<br \/>\nMittwoch<br \/>\nFreitag<br \/>\nSamstag bei Jugendspieltagen<br \/>\nSonntag bei Heimspielen<\/p>\n<p>Telefonnummer des Sportheims: 07391 \u2013 54446<\/p>\n<\/div><\/div><\/div><\/div><div id=\"pgc-86-0-1\"  class=\"panel-grid-cell\" ><div id=\"panel-86-0-1-0\" class=\"so-panel widget widget_black-studio-tinymce widget_black_studio_tinymce panel-first-child panel-last-child\" data-index=\"1\" ><div style=\"text-align: left;\" data-title-color=\"#443f3f\" data-headings-color=\"#443f3f\" class=\"panel-widget-style panel-widget-style-for-86-0-1-0\" ><div class=\"textwidget\"><p>ab 20 Uhr<br \/>\nab 20 Uhr<br \/>\nab 20 Uhr<br \/>\nab 13 Uhr<br \/>\nab 13 Uhr<\/p>\n<\/div><\/div><\/div><\/div><\/div><\/div><div id=\"pg-86-1\"  class=\"panel-grid panel-has-style\" ><div style=\"padding: 50px 0; \" data-overlay=\"true\" data-overlay-color=\"#000000\" class=\"panel-row-style panel-row-style-for-86-1\" ><div id=\"pgc-86-1-0\"  class=\"panel-grid-cell\" ><div id=\"panel-86-1-0-0\" class=\"so-panel widget widget_black-studio-tinymce widget_black_studio_tinymce panel-first-child panel-last-child\" data-index=\"2\" ><div style=\"text-align: left;\" data-title-color=\"#443f3f\" data-headings-color=\"#443f3f\" class=\"panel-widget-style panel-widget-style-for-86-1-0-0\" ><div class=\"textwidget\"><p>Unser Sportheim ist das Schmuckst\u00fcck des Vereins und der Treffpunkt unseres Vereinslebens der Mitglieder und Fans.<br \/>\nUnser gr\u00f6\u00dfter Dank gilt dabei allen Helfern, die bei der Bewirtung mitwirken. Besonderer Dank gilt nat\u00fcrlich unsere Sportheimleitung Sandra Becker.<\/p>\n<p><img loading=\"lazy\" decoding=\"async\" src=\"https:\/\/www.sg-griesingen.de\/wp-content\/uploads\/2024\/05\/IMG_5509-scaled.jpg\" alt=\"\" width=\"2560\" height=\"1920\" class=\"alignnone size-full wp-image-3783\" srcset=\"https:\/\/www.sg-griesingen.de\/wp-content\/uploads\/2024\/05\/IMG_5509-scaled.jpg 2560w, https:\/\/www.sg-griesingen.de\/wp-content\/uploads\/2024\/05\/IMG_5509-300x225.jpg 300w, https:\/\/www.sg-griesingen.de\/wp-content\/uploads\/2024\/05\/IMG_5509-1024x768.jpg 1024w, https:\/\/www.sg-griesingen.de\/wp-content\/uploads\/2024\/05\/IMG_5509-768x576.jpg 768w, https:\/\/www.sg-griesingen.de\/wp-content\/uploads\/2024\/05\/IMG_5509-1536x1152.jpg 1536w, https:\/\/www.sg-griesingen.de\/wp-content\/uploads\/2024\/05\/IMG_5509-2048x1536.jpg 2048w, https:\/\/www.sg-griesingen.de\/wp-content\/uploads\/2024\/05\/IMG_5509-1000x750.jpg 1000w, https:\/\/www.sg-griesingen.de\/wp-content\/uploads\/2024\/05\/IMG_5509-230x173.jpg 230w, https:\/\/www.sg-griesingen.de\/wp-content\/uploads\/2024\/05\/IMG_5509-350x263.jpg 350w, https:\/\/www.sg-griesingen.de\/wp-content\/uploads\/2024\/05\/IMG_5509-480x360.jpg 480w\" sizes=\"auto, (max-width: 2560px) 100vw, 2560px\" \/><\/p>\n<p><strong>Suchen sie eine R\u00e4umlichkeit f\u00fcr eine Familienfeier? <\/strong><br \/>\nUnser Sportheim bietet Platz f\u00fcr ca. 50 Personen und kann auch von Nichtmitgliedern angemietet werden.<br \/>\nBei Interesse stellen sie einfach eine Anfrage im Kontaktformular oder setzen sie sich mit Sandra Becker unter Tel. 07391 73239 in Verbindung.<\/p>\n<p>&nbsp;<\/p>\n<\/div><\/div><\/div><\/div><\/div><\/div><div id=\"pg-86-2\"  class=\"panel-grid panel-has-style\" ><div style=\"padding: 50px 0; \" data-overlay=\"true\" data-overlay-color=\"#000000\" class=\"panel-row-style panel-row-style-for-86-2\" ><div id=\"pgc-86-2-0\"  class=\"panel-grid-cell\" ><div id=\"panel-86-2-0-0\" class=\"so-panel widget widget_black-studio-tinymce widget_black_studio_tinymce panel-first-child panel-last-child\" data-index=\"3\" ><div style=\"text-align: left;\" data-title-color=\"#443f3f\" data-headings-color=\"#443f3f\" class=\"panel-widget-style panel-widget-style-for-86-2-0-0\" ><div class=\"textwidget\"><p><iframe loading=\"lazy\" style=\"border: 0;\" src=\"https:\/\/www.google.com\/maps\/embed?pb=!1m18!1m12!1m3!1d8932.833979420635!2d9.770578764769773!3d48.26923377860439!2m3!1f0!2f0!3f0!3m2!1i1024!2i768!4f13.1!3m3!1m2!1s0x479bd7ac1dd7c179%3A0x129906d522047660!2sSportheim+SG+Griesingen+e.V.!5e0!3m2!1sde!2sde!4v1525812855339\" width=\"500\" height=\"450\" frameborder=\"0\" allowfullscreen=\"allowfullscreen\"><\/iframe><\/p>\n<\/div><\/div><\/div><\/div><div id=\"pgc-86-2-1\"  class=\"panel-grid-cell\" ><div id=\"panel-86-2-1-0\" class=\"so-panel widget widget_black-studio-tinymce widget_black_studio_tinymce panel-first-child panel-last-child\" data-index=\"4\" ><div style=\"text-align: left;\" data-title-color=\"#443f3f\" data-headings-color=\"#443f3f\" class=\"panel-widget-style panel-widget-style-for-86-2-1-0\" ><div class=\"textwidget\"><p><a href=\"https:\/\/www.sg-griesingen.de\/wp-content\/uploads\/2018\/10\/Sportheim_aussen.jpg\"><img loading=\"lazy\" decoding=\"async\" class=\"aligncenter  wp-image-1524\" src=\"https:\/\/www.sg-griesingen.de\/wp-content\/uploads\/2018\/10\/Sportheim_aussen-300x225.jpg\" alt=\"\" width=\"403\" height=\"302\" srcset=\"https:\/\/www.sg-griesingen.de\/wp-content\/uploads\/2018\/10\/Sportheim_aussen-300x225.jpg 300w, https:\/\/www.sg-griesingen.de\/wp-content\/uploads\/2018\/10\/Sportheim_aussen-768x576.jpg 768w, https:\/\/www.sg-griesingen.de\/wp-content\/uploads\/2018\/10\/Sportheim_aussen-230x173.jpg 230w, https:\/\/www.sg-griesingen.de\/wp-content\/uploads\/2018\/10\/Sportheim_aussen-350x263.jpg 350w, https:\/\/www.sg-griesingen.de\/wp-content\/uploads\/2018\/10\/Sportheim_aussen-480x360.jpg 480w, https:\/\/www.sg-griesingen.de\/wp-content\/uploads\/2018\/10\/Sportheim_aussen.jpg 800w\" sizes=\"auto, (max-width: 403px) 100vw, 403px\" \/><\/a><\/p>\n<\/div><\/div><\/div><\/div><\/div><\/div><div id=\"pg-86-3\"  class=\"panel-grid panel-has-style\" ><div style=\"padding: 50px 0; \" data-overlay=\"true\" data-overlay-color=\"#000000\" class=\"panel-row-style panel-row-style-for-86-3\" ><div id=\"pgc-86-3-0\"  class=\"panel-grid-cell\" ><div id=\"panel-86-3-0-0\" class=\"so-panel widget widget_black-studio-tinymce widget_black_studio_tinymce panel-first-child panel-last-child\" data-index=\"5\" ><div style=\"text-align: left;\" data-title-color=\"#443f3f\" data-headings-color=\"#443f3f\" class=\"panel-widget-style panel-widget-style-for-86-3-0-0\" ><div class=\"textwidget\"><p>\n<div class=\"wpcf7 no-js\" id=\"wpcf7-f394-o1\" lang=\"de-DE\" dir=\"ltr\" data-wpcf7-id=\"394\">\n<div class=\"screen-reader-response\"><p role=\"status\" aria-live=\"polite\" aria-atomic=\"true\"><\/p> <ul><\/ul><\/div>\n<form action=\"\/index.php\/wp-json\/wp\/v2\/pages\/86#wpcf7-f394-o1\" method=\"post\" class=\"wpcf7-form init wpcf7-acceptance-as-validation\" aria-label=\"Kontaktformular\" novalidate=\"novalidate\" data-status=\"init\">\n<fieldset class=\"hidden-fields-container\"><input type=\"hidden\" name=\"_wpcf7\" value=\"394\" \/><input type=\"hidden\" name=\"_wpcf7_version\" value=\"6.1.5\" \/><input type=\"hidden\" name=\"_wpcf7_locale\" value=\"de_DE\" \/><input type=\"hidden\" name=\"_wpcf7_unit_tag\" value=\"wpcf7-f394-o1\" \/><input type=\"hidden\" name=\"_wpcf7_container_post\" value=\"0\" \/><input type=\"hidden\" name=\"_wpcf7_posted_data_hash\" value=\"\" \/><input type=\"hidden\" name=\"_wpcf7_recaptcha_response\" value=\"\" \/>\n<\/fieldset>\n<p><label> Dein Name (Pflichtfeld)<br \/>\n<span class=\"wpcf7-form-control-wrap\" data-name=\"your-name\"><input size=\"40\" maxlength=\"400\" class=\"wpcf7-form-control wpcf7-text wpcf7-validates-as-required\" aria-required=\"true\" aria-invalid=\"false\" value=\"\" type=\"text\" name=\"your-name\" \/><\/span> <\/label>\n<\/p>\n<p><label> Deine E-Mail-Adresse (Pflichtfeld)<br \/>\n<span class=\"wpcf7-form-control-wrap\" data-name=\"your-email\"><input size=\"40\" maxlength=\"400\" class=\"wpcf7-form-control wpcf7-email wpcf7-validates-as-required wpcf7-text wpcf7-validates-as-email\" aria-required=\"true\" aria-invalid=\"false\" value=\"\" type=\"email\" name=\"your-email\" \/><\/span> <\/label>\n<\/p>\n<p><label> Betreff<br \/>\n<span class=\"wpcf7-form-control-wrap\" data-name=\"your-subject\"><input size=\"40\" maxlength=\"400\" class=\"wpcf7-form-control wpcf7-text\" aria-invalid=\"false\" value=\"\" type=\"text\" name=\"your-subject\" \/><\/span> <\/label>\n<\/p>\n<p><label> Deine Nachricht<br \/>\n<span class=\"wpcf7-form-control-wrap\" data-name=\"your-message\"><textarea cols=\"40\" rows=\"10\" maxlength=\"2000\" class=\"wpcf7-form-control wpcf7-textarea\" aria-invalid=\"false\" name=\"your-message\"><\/textarea><\/span> <\/label>\n<\/p>\n<p class=\"datenschutz\"><br \/>\n<strong>Datenschutz<\/strong><br \/>\n<span class=\"wpcf7-form-control-wrap\" data-name=\"zustimmung-datenschutz\"><span class=\"wpcf7-form-control wpcf7-acceptance\"><span class=\"wpcf7-list-item\"><label><input type=\"checkbox\" name=\"zustimmung-datenschutz\" value=\"1\" aria-invalid=\"false\" \/><span class=\"wpcf7-list-item-label\">Ich stimme zu, dass meine Angaben aus dem Kontaktformular zur Beantwortung meiner Anfrage erhoben und verarbeitet werden. Die Daten werden f\u00fcr 10 Jahre gespeichert oder auf Wunsch gel\u00f6scht.\nHinweis: Sie k\u00f6nnen Ihre Einwilligung jederzeit f\u00fcr die Zukunft per E-Mail an <a href=\"mailto:vorstand@sg-griesingen.com\">vorstand@sg-griesingen.com<\/a> widerrufen. Detaillierte Informationen zum Umgang mit Nutzerdaten finden Sie in unserer <a href=\"https:\/\/www.sg-griesingen.de\/index.php\/datenschutz\/\">Datenschutzerkl\u00e4rung<\/a>.<\/span><\/label><\/span><\/span><\/span>\n<\/p>\n<p><input class=\"wpcf7-form-control wpcf7-submit has-spinner\" type=\"submit\" value=\"Senden\" \/>\n<\/p><p style=\"display: none !important;\" class=\"akismet-fields-container\" data-prefix=\"_wpcf7_ak_\"><label>&#916;<textarea name=\"_wpcf7_ak_hp_textarea\" cols=\"45\" rows=\"8\" maxlength=\"100\"><\/textarea><\/label><input type=\"hidden\" id=\"ak_js_1\" name=\"_wpcf7_ak_js\" value=\"32\"\/><script>document.getElementById( \"ak_js_1\" ).setAttribute( \"value\", ( new Date() ).getTime() );<\/script><\/p><div class=\"wpcf7-response-output\" aria-hidden=\"true\"><\/div>\n<\/form>\n<\/div>\n<\/p>\n<\/div><\/div><\/div><\/div><\/div><\/div><\/div>","protected":false},"excerpt":{"rendered":"<p>\u00d6ffnungszeiten: Dienstag Mittwoch Freitag Samstag bei Jugendspieltagen Sonntag bei Heimspielen Telefonnummer des Sportheims: 07391 \u2013 54446 ab 20 Uhr ab 20 Uhr ab 20 Uhr ab 13 Uhr ab 13 Uhr Unser Sportheim ist das Schmuckst\u00fcck des Vereins und der Treffpunkt unseres Vereinslebens der Mitglieder und Fans. Unser gr\u00f6\u00dfter Dank gilt dabei allen Helfern, die [&hellip;]<\/p>\n","protected":false},"author":1,"featured_media":0,"parent":0,"menu_order":0,"comment_status":"closed","ping_status":"closed","template":"page-templates\/page_fullwidth.php","meta":{"_monsterinsights_skip_tracking":false,"_monsterinsights_sitenote_active":false,"_monsterinsights_sitenote_note":"","_monsterinsights_sitenote_category":0,"footnotes":""},"class_list":["post-86","page","type-page","status-publish","hentry"],"_links":{"self":[{"href":"https:\/\/www.sg-griesingen.de\/index.php\/wp-json\/wp\/v2\/pages\/86","targetHints":{"allow":["GET"]}}],"collection":[{"href":"https:\/\/www.sg-griesingen.de\/index.php\/wp-json\/wp\/v2\/pages"}],"about":[{"href":"https:\/\/www.sg-griesingen.de\/index.php\/wp-json\/wp\/v2\/types\/page"}],"author":[{"embeddable":true,"href":"https:\/\/www.sg-griesingen.de\/index.php\/wp-json\/wp\/v2\/users\/1"}],"replies":[{"embeddable":true,"href":"https:\/\/www.sg-griesingen.de\/index.php\/wp-json\/wp\/v2\/comments?post=86"}],"version-history":[{"count":40,"href":"https:\/\/www.sg-griesingen.de\/index.php\/wp-json\/wp\/v2\/pages\/86\/revisions"}],"predecessor-version":[{"id":4544,"href":"https:\/\/www.sg-griesingen.de\/index.php\/wp-json\/wp\/v2\/pages\/86\/revisions\/4544"}],"wp:attachment":[{"href":"https:\/\/www.sg-griesingen.de\/index.php\/wp-json\/wp\/v2\/media?parent=86"}],"curies":[{"name":"wp","href":"https:\/\/api.w.org\/{rel}","templated":true}]}}