{"id":910,"date":"2018-07-31T23:42:57","date_gmt":"2018-07-31T21:42:57","guid":{"rendered":"https:\/\/beta.sg-griesingen.de\/?page_id=910"},"modified":"2025-10-16T19:01:33","modified_gmt":"2025-10-16T17:01:33","slug":"wir-sind","status":"publish","type":"page","link":"https:\/\/www.sg-griesingen.de\/index.php\/wir-sind\/","title":{"rendered":"Was uns bewegt"},"content":{"rendered":"<div id=\"pl-910\"  class=\"panel-layout\" ><div id=\"pg-910-0\"  class=\"panel-grid panel-has-style\" ><div style=\"padding: 100px 0; \" data-overlay=\"true\" data-overlay-color=\"#000000\" class=\"panel-row-style panel-row-style-for-910-0\" ><div id=\"pgc-910-0-0\"  class=\"panel-grid-cell\" ><div id=\"panel-910-0-0-0\" class=\"so-panel widget widget_black-studio-tinymce widget_black_studio_tinymce panel-first-child panel-last-child\" data-index=\"0\" ><div style=\"text-align: left;\" data-title-color=\"#443f3f\" data-headings-color=\"#443f3f\" class=\"panel-widget-style panel-widget-style-for-910-0-0-0\" ><div class=\"textwidget\"><p>Unsere Leidenschaft ist der Sport und die Geselligkeit. Dies leben unsere etwas mehr als 750 Mitglieder bei den verschiedenen Sportangeboten oder Veranstaltungen vor. Davon sind die meisten Mitglieder in unseren Abteilungen \u201aFu\u00dfball\u2018 und \u201aGymnastik &amp; Tanz\u2018 zugeordnet. Daneben gibt es noch \u201aTischtennis\u2018 und \u201aJederm\u00e4nner\u2018.<\/p>\n<p>Unsere Mitglieder treibt das Gemeinschaftsgef\u00fchl an, das sie mit dem Verein verbindet und die Basis des Vereins darstellt. Nur durch das damit verbundene ehrenamtliche Engagement konnte sich der Verein seit seiner Gr\u00fcndung 1922 weiterentwickeln.\u00a0 Wichtig ist uns dabei ein offenes, faires, gleichberechtigtes und ehrliches Miteinander auf Augenh\u00f6he.<\/p>\n<p>Wir laden dich ein, dir auf unserer Homepage ein Bild unseres Vereins zu machen und begr\u00fc\u00dfen dich sehr gern bei einem unserer Sportangebote als Sportler oder Zuschauer oder bei einer unserer Veranstaltungen.<\/p>\n<p>Hast du Spa\u00df als \u00dcbungsleiter oder m\u00f6chtest deine St\u00e4rken bei einer ehrenamtlichen T\u00e4tigkeit bei uns im Verein einbringen, dann melde dich gerne bei einem der Vorstands- oder Ausschussmitgliedern.<\/p>\n<p>&nbsp;<\/p>\n<p>Das Gl\u00fcck ist das einzige, das sich verdoppelt, wenn man es teilt.<br \/>\n(Albert Schweitzer)<\/p>\n<\/div><\/div><\/div><\/div><\/div><\/div><\/div>","protected":false},"excerpt":{"rendered":"<p>Unsere Leidenschaft ist der Sport und die Geselligkeit. Dies leben unsere etwas mehr als 750 Mitglieder bei den verschiedenen Sportangeboten oder Veranstaltungen vor. Davon sind die meisten Mitglieder in unseren Abteilungen \u201aFu\u00dfball\u2018 und \u201aGymnastik &amp; Tanz\u2018 zugeordnet. Daneben gibt es noch \u201aTischtennis\u2018 und \u201aJederm\u00e4nner\u2018. Unsere Mitglieder treibt das Gemeinschaftsgef\u00fchl an, das sie mit dem Verein [&hellip;]<\/p>\n","protected":false},"author":1,"featured_media":0,"parent":0,"menu_order":0,"comment_status":"closed","ping_status":"closed","template":"page-templates\/page_fullwidth.php","meta":{"_monsterinsights_skip_tracking":false,"_monsterinsights_sitenote_active":false,"_monsterinsights_sitenote_note":"","_monsterinsights_sitenote_category":0,"footnotes":""},"class_list":["post-910","page","type-page","status-publish","hentry"],"_links":{"self":[{"href":"https:\/\/www.sg-griesingen.de\/index.php\/wp-json\/wp\/v2\/pages\/910","targetHints":{"allow":["GET"]}}],"collection":[{"href":"https:\/\/www.sg-griesingen.de\/index.php\/wp-json\/wp\/v2\/pages"}],"about":[{"href":"https:\/\/www.sg-griesingen.de\/index.php\/wp-json\/wp\/v2\/types\/page"}],"author":[{"embeddable":true,"href":"https:\/\/www.sg-griesingen.de\/index.php\/wp-json\/wp\/v2\/users\/1"}],"replies":[{"embeddable":true,"href":"https:\/\/www.sg-griesingen.de\/index.php\/wp-json\/wp\/v2\/comments?post=910"}],"version-history":[{"count":6,"href":"https:\/\/www.sg-griesingen.de\/index.php\/wp-json\/wp\/v2\/pages\/910\/revisions"}],"predecessor-version":[{"id":4990,"href":"https:\/\/www.sg-griesingen.de\/index.php\/wp-json\/wp\/v2\/pages\/910\/revisions\/4990"}],"wp:attachment":[{"href":"https:\/\/www.sg-griesingen.de\/index.php\/wp-json\/wp\/v2\/media?parent=910"}],"curies":[{"name":"wp","href":"https:\/\/api.w.org\/{rel}","templated":true}]}}